{"id":32657,"date":"2022-06-25T15:07:38","date_gmt":"2022-06-25T12:07:38","guid":{"rendered":"https:\/\/hookahshop.lt\/?post_type=product&#038;p=32657"},"modified":"2026-04-15T12:29:29","modified_gmt":"2026-04-15T09:29:29","slug":"vienkartiniai-kandikliai-kaljanui-aladin-6cm-100vnt","status":"publish","type":"product","link":"https:\/\/hookahshop.lt\/pl\/produkt\/jednorazowe-ustniki-do-fajki-wodnej-aladin-6cm-100-szt\/","title":{"rendered":"Jednorazowe haczyki do fajki wodnej ALADIN 6cm 100szt"},"content":{"rendered":"<h2>Jednorazowe haczyki do fajki wodnej ALADIN 6cm 100szt<\/h2>\n<p>Do dodatkowego mocowania do ustnika do fajki wodnej w celu higienicznego u\u017cytkowania.<\/p>\n<p><strong>Charakterystyka:<\/strong><br \/>\nD\u0142ugo\u015b\u0107: 6 cm<br \/>\nKolor: z\u0142oty, bia\u0142y, czarny i srebrny.<br \/>\nIlo\u015b\u0107 w opakowaniu: 100szt<\/p>\n<p>Czy masz jakie\u015b pytania? Skontaktuj si\u0119 z nami\u00a0<a href=\"https:\/\/hookahshop.lt\/pl\/lacznosc\/\">strona z kontaktami<\/a>\u00a0lub napisz do nas na adres\u00a0<a href=\"https:\/\/facebook.com\/HookahShop.lt\/\" target=\"_blank\" rel=\"noopener noreferrer\">konto na Facebooku<\/a>\u00a0a my odpowiemy na Twoj\u0105 pro\u015bb\u0119 tego samego dnia.<\/p>","protected":false},"excerpt":{"rendered":"<p>Jednorazowe ustniki do fajki wodnej ALADIN 6cm 100szt. Do dodatkowego zastosowania na ustniku do fajki wodnej w celach higienicznych. Charakterystyka: D\u0142ugo\u015b\u0107: 6cm Kolor: z\u0142oty, bia\u0142y, czarny i srebrny. Ilo\u015b\u0107 w opakowaniu: 100 szt. Masz pytania? Skontaktuj si\u0119 z nami na stronie kontaktowej lub napisz do nas na naszym koncie na Facebooku, a my odpowiemy na Twoj\u0105 pro\u015bb\u0119 jeszcze tego samego dnia.<\/p>","protected":false},"featured_media":32658,"comment_status":"open","ping_status":"closed","template":"","meta":[],"_links":{"self":[{"href":"https:\/\/hookahshop.lt\/pl\/wp-json\/wp\/v2\/product\/32657"}],"collection":[{"href":"https:\/\/hookahshop.lt\/pl\/wp-json\/wp\/v2\/product"}],"about":[{"href":"https:\/\/hookahshop.lt\/pl\/wp-json\/wp\/v2\/types\/product"}],"replies":[{"embeddable":true,"href":"https:\/\/hookahshop.lt\/pl\/wp-json\/wp\/v2\/comments?post=32657"}],"version-history":[{"count":3,"href":"https:\/\/hookahshop.lt\/pl\/wp-json\/wp\/v2\/product\/32657\/revisions"}],"predecessor-version":[{"id":33077,"href":"https:\/\/hookahshop.lt\/pl\/wp-json\/wp\/v2\/product\/32657\/revisions\/33077"}],"wp:featuredmedia":[{"embeddable":true,"href":"https:\/\/hookahshop.lt\/pl\/wp-json\/wp\/v2\/media\/32658"}],"wp:attachment":[{"href":"https:\/\/hookahshop.lt\/pl\/wp-json\/wp\/v2\/media?parent=32657"}],"curies":[{"name":"wp","href":"https:\/\/api.w.org\/{rel}","templated":true}]}}