{"id":32663,"date":"2022-06-25T15:54:13","date_gmt":"2022-06-25T12:54:13","guid":{"rendered":"https:\/\/hookahshop.lt\/?post_type=product&#038;p=32663"},"modified":"2026-04-17T16:33:34","modified_gmt":"2026-04-17T13:33:34","slug":"spyruokle-silikoninei-zarnai-aladin-silver","status":"publish","type":"product","link":"https:\/\/hookahshop.lt\/pl\/produkt\/sprezyna-do-silikonowych-wnetrznosci-aladin-silver\/","title":{"rendered":"Spr\u0119\u017cyna do w\u0119\u017ca silikonowego ALADIN Silver"},"content":{"rendered":"<h2>Spr\u0119\u017cyna do w\u0119\u017ca silikonowego ALADIN Silver<\/h2>\n<p>Pomaga w utrzymaniu stabilnego kszta\u0142tu w\u0119\u017ca.<\/p>\n<p><strong>Charakterystyka:<\/strong><br \/>\nKolor: srebrny<br \/>\nMateria\u0142: metal;<\/p>\n<p>Czy masz jakie\u015b pytania? Skontaktuj si\u0119 z nami\u00a0<a href=\"https:\/\/hookahshop.lt\/pl\/lacznosc\/\">strona z kontaktami<\/a>\u00a0lub napisz do nas na adres\u00a0<a href=\"https:\/\/facebook.com\/HookahShop.lt\/\" target=\"_blank\" rel=\"noopener noreferrer\">konto na Facebooku<\/a>\u00a0a my odpowiemy na Twoj\u0105 pro\u015bb\u0119 tego samego dnia.<\/p>\n<p>&nbsp;<\/p>","protected":false},"excerpt":{"rendered":"<p>Spr\u0119\u017cyna do w\u0119\u017ca silikonowego ALADIN Silver Pomaga w\u0119\u017cowi zachowa\u0107 stabilny kszta\u0142t. Charakterystyka: Kolor: srebrny Materia\u0142: metal Masz pytania? Skontaktuj si\u0119 z nami na stronie kontaktowej lub napisz do nas na naszym koncie na Facebooku, a my odpowiemy na Twoj\u0105 pro\u015bb\u0119 jeszcze tego samego dnia. &nbsp;<\/p>","protected":false},"featured_media":32664,"comment_status":"open","ping_status":"closed","template":"","meta":[],"_links":{"self":[{"href":"https:\/\/hookahshop.lt\/pl\/wp-json\/wp\/v2\/product\/32663"}],"collection":[{"href":"https:\/\/hookahshop.lt\/pl\/wp-json\/wp\/v2\/product"}],"about":[{"href":"https:\/\/hookahshop.lt\/pl\/wp-json\/wp\/v2\/types\/product"}],"replies":[{"embeddable":true,"href":"https:\/\/hookahshop.lt\/pl\/wp-json\/wp\/v2\/comments?post=32663"}],"version-history":[{"count":5,"href":"https:\/\/hookahshop.lt\/pl\/wp-json\/wp\/v2\/product\/32663\/revisions"}],"predecessor-version":[{"id":43093,"href":"https:\/\/hookahshop.lt\/pl\/wp-json\/wp\/v2\/product\/32663\/revisions\/43093"}],"wp:featuredmedia":[{"embeddable":true,"href":"https:\/\/hookahshop.lt\/pl\/wp-json\/wp\/v2\/media\/32664"}],"wp:attachment":[{"href":"https:\/\/hookahshop.lt\/pl\/wp-json\/wp\/v2\/media?parent=32663"}],"curies":[{"name":"wp","href":"https:\/\/api.w.org\/{rel}","templated":true}]}}