{"id":32668,"date":"2022-06-25T16:10:59","date_gmt":"2022-06-25T13:10:59","guid":{"rendered":"https:\/\/hookahshop.lt\/?post_type=product&#038;p=32668"},"modified":"2026-04-16T10:21:28","modified_gmt":"2026-04-16T07:21:28","slug":"kandiklis-kaljanui-stiklinis-aladin-liner-groove","status":"publish","type":"product","link":"https:\/\/hookahshop.lt\/pl\/produkt\/ustnik-do-fajki-szklanej-aladin-rowek\/","title":{"rendered":"Szk\u0142o do fajki wodnej ALADIN Liner Groove"},"content":{"rendered":"<h2>Szk\u0142o do fajki wodnej ALADIN Liner Groove<\/h2>\n<p>Jest to jednocz\u0119\u015bciowy ustnik zintegrowany ze szk\u0142em, odpowiedni do prawie wszystkich w\u0119\u017cy silikonowych. Nadaje si\u0119 do r\u00f3\u017cnych typ\u00f3w jednorazowych ustnik\u00f3w.<\/p>\n<p><strong>Specyfikacja:<\/strong><br \/>\nKolor: przezroczysty<br \/>\nMateria\u0142: szk\u0142o<br \/>\nWymiary: 40cm<\/p>\n<p>Czy masz jakie\u015b pytania? Skontaktuj si\u0119 z nami\u00a0<a href=\"https:\/\/hookahshop.lt\/pl\/lacznosc\/\">strona z kontaktami<\/a>\u00a0lub napisz do nas na adres\u00a0<a href=\"https:\/\/facebook.com\/HookahShop.lt\/\" target=\"_blank\" rel=\"noopener noreferrer\">konto na Facebooku<\/a>\u00a0a my odpowiemy na Twoj\u0105 pro\u015bb\u0119 tego samego dnia.<\/p>","protected":false},"excerpt":{"rendered":"<p>Ustnik do fajki wodnej ALADIN Liner Groove Jest to jednocz\u0119\u015bciowy, szklany, nieroz\u0142\u0105czny ustnik, pasuj\u0105cy do prawie wszystkich w\u0119\u017cy silikonowych. Nadaje si\u0119 do r\u00f3\u017cnych typ\u00f3w ustnik\u00f3w jednorazowych. Specyfikacja: Kolor: przezroczysty Materia\u0142: szk\u0142o Wymiary: 40cm Masz pytania? Skontaktuj si\u0119 z nami na stronie kontaktowej lub napisz do nas na naszym koncie na Facebooku, a my odpowiemy na Twoj\u0105 pro\u015bb\u0119 jeszcze tego samego dnia.<\/p>","protected":false},"featured_media":32669,"comment_status":"open","ping_status":"closed","template":"","meta":[],"_links":{"self":[{"href":"https:\/\/hookahshop.lt\/pl\/wp-json\/wp\/v2\/product\/32668"}],"collection":[{"href":"https:\/\/hookahshop.lt\/pl\/wp-json\/wp\/v2\/product"}],"about":[{"href":"https:\/\/hookahshop.lt\/pl\/wp-json\/wp\/v2\/types\/product"}],"replies":[{"embeddable":true,"href":"https:\/\/hookahshop.lt\/pl\/wp-json\/wp\/v2\/comments?post=32668"}],"version-history":[{"count":6,"href":"https:\/\/hookahshop.lt\/pl\/wp-json\/wp\/v2\/product\/32668\/revisions"}],"predecessor-version":[{"id":45430,"href":"https:\/\/hookahshop.lt\/pl\/wp-json\/wp\/v2\/product\/32668\/revisions\/45430"}],"wp:featuredmedia":[{"embeddable":true,"href":"https:\/\/hookahshop.lt\/pl\/wp-json\/wp\/v2\/media\/32669"}],"wp:attachment":[{"href":"https:\/\/hookahshop.lt\/pl\/wp-json\/wp\/v2\/media?parent=32668"}],"curies":[{"name":"wp","href":"https:\/\/api.w.org\/{rel}","templated":true}]}}