{"id":32702,"date":"2022-06-25T18:59:07","date_gmt":"2022-06-25T15:59:07","guid":{"rendered":"https:\/\/hookahshop.lt\/?post_type=product&#038;p=32702"},"modified":"2026-04-18T23:29:17","modified_gmt":"2026-04-18T20:29:17","slug":"kaljanas-aladin-mvp-a36-blue-glow","status":"publish","type":"product","link":"https:\/\/hookahshop.lt\/pl\/produkt\/hookah-aladin-mvp-a36-blue-glow\/","title":{"rendered":"Fajka wodna ALADIN MVP A36 Blue Glow"},"content":{"rendered":"<h2>Fajka wodna ALADIN MVP A36 Blue Glow<\/h2>\n<p>Ta fajka wodna robi niesamowite wra\u017cenie dzi\u0119ki wysokiej jako\u015bci materia\u0142om. Jako\u015b\u0107 wykonania i indywidualny projekt nie pozostawi Ci\u0119 oboj\u0119tnym. Dzi\u0119ki kompaktowym rozmiarom jest idealnym towarzyszem podr\u00f3\u017cy dla tych, kt\u00f3rzy chc\u0105 mie\u0107 produkt wysokiej jako\u015bci w podr\u00f3\u017cy i nadaj\u0105cy si\u0119 do u\u017cytku domowego.<\/p>\n<p><strong>Charakterystyka:<\/strong><br \/>\nWysoko\u015b\u0107: 36 cm<br \/>\nMateria\u0142 fajki wodnej: stal nierdzewna<br \/>\nKolba: gwintowana<br \/>\nMateria\u0142 kolby: szk\u0142o<br \/>\nDyfuzor: tak (regulowany)<br \/>\nLiczba w\u0119\u017cy: w komplecie z 1 w\u0119\u017cem i 1 ustnikiem.<br \/>\nKolor: przezroczysty (\u017car\u00f3wka \u015bwieci w ciemno\u015bci)<\/p>\n<p><strong>Standardowy zestaw zawiera:<\/strong><br \/>\nszczypce, mi\u0119kki w\u0105\u017c silikonowy z dyszami, kubek, komin na kubek.<\/p>\n<p><img decoding=\"async\" loading=\"lazy\" class=\"alignnone size-medium wp-image-38491\" src=\"https:\/\/hookahshop.lt\/wp-content\/uploads\/2021\/02\/aladinu-komplektacija-300x273.jpg\" alt=\"- hookahshop.lt\" width=\"300\" height=\"273\" srcset=\"https:\/\/hookahshop.lt\/wp-content\/uploads\/2021\/02\/aladinu-komplektacija-300x273.jpg 300w, https:\/\/hookahshop.lt\/wp-content\/uploads\/2021\/02\/aladinu-komplektacija-13x12.jpg 13w, https:\/\/hookahshop.lt\/wp-content\/uploads\/2021\/02\/aladinu-komplektacija-64x58.jpg 64w, https:\/\/hookahshop.lt\/wp-content\/uploads\/2021\/02\/aladinu-komplektacija.jpg 420w\" sizes=\"(max-width: 300px) 100vw, 300px\" title=\"\"><\/p>\n<p>Czy masz jakie\u015b pytania? Skontaktuj si\u0119 z nami\u00a0<a href=\"https:\/\/hookahshop.lt\/pl\/lacznosc\/\">strona z kontaktami<\/a>\u00a0lub napisz do nas na adres\u00a0<a href=\"https:\/\/facebook.com\/HookahShop.lt\/\" target=\"_blank\" rel=\"noopener noreferrer\">konto na Facebooku<\/a>\u00a0a my odpowiemy na Twoj\u0105 pro\u015bb\u0119 tego samego dnia.<\/p>\n<p>&nbsp;<\/p>\n<p>&nbsp;<\/p>","protected":false},"excerpt":{"rendered":"<p>Fajka wodna ALADIN MVP A36 Blue Glow Ta szisza robi wspania\u0142e wra\u017cenie dzi\u0119ki wysokiej jako\u015bci materia\u0142om. Jako\u015b\u0107 wykonania i indywidualny projekt nie pozostawi\u0105 Ci\u0119 oboj\u0119tnym. Dzi\u0119ki swoim kompaktowym rozmiarom jest idealnym towarzyszem podr\u00f3\u017cy dla tych, kt\u00f3rzy chc\u0105 mie\u0107 produkt wysokiej jako\u015bci w podr\u00f3\u017cy i odpowiedni do u\u017cytku w domu. Charakterystyka: Wysoko\u015b\u0107: 36cm Materia\u0142 fajki wodnej: stal nierdzewna Kolba: gwintowana Materia\u0142 kolby: szk\u0142o Dyfuzor: jest [\u2026]<\/p>","protected":false},"featured_media":32704,"comment_status":"open","ping_status":"closed","template":"","meta":[],"_links":{"self":[{"href":"https:\/\/hookahshop.lt\/pl\/wp-json\/wp\/v2\/product\/32702"}],"collection":[{"href":"https:\/\/hookahshop.lt\/pl\/wp-json\/wp\/v2\/product"}],"about":[{"href":"https:\/\/hookahshop.lt\/pl\/wp-json\/wp\/v2\/types\/product"}],"replies":[{"embeddable":true,"href":"https:\/\/hookahshop.lt\/pl\/wp-json\/wp\/v2\/comments?post=32702"}],"version-history":[{"count":4,"href":"https:\/\/hookahshop.lt\/pl\/wp-json\/wp\/v2\/product\/32702\/revisions"}],"predecessor-version":[{"id":32716,"href":"https:\/\/hookahshop.lt\/pl\/wp-json\/wp\/v2\/product\/32702\/revisions\/32716"}],"wp:featuredmedia":[{"embeddable":true,"href":"https:\/\/hookahshop.lt\/pl\/wp-json\/wp\/v2\/media\/32704"}],"wp:attachment":[{"href":"https:\/\/hookahshop.lt\/pl\/wp-json\/wp\/v2\/media?parent=32702"}],"curies":[{"name":"wp","href":"https:\/\/api.w.org\/{rel}","templated":true}]}}