{"id":32832,"date":"2022-07-11T18:55:10","date_gmt":"2022-07-11T15:55:10","guid":{"rendered":"https:\/\/hookahshop.lt\/?post_type=product&#038;p=32832"},"modified":"2026-05-13T13:52:28","modified_gmt":"2026-05-13T10:52:28","slug":"taurele-kaljanui-hookah-shop-turkish","status":"publish","type":"product","link":"https:\/\/hookahshop.lt\/pl\/produkt\/kubek-szisza-sklep-szisza-turecki\/","title":{"rendered":"Kubek do fajki wodnej HOOKAH SHOP Turecki"},"content":{"rendered":"<h2>Kubek do fajki wodnej HOOKAH SHOP Turecki<\/h2>\n<p>Kubek wykonany jest z wysokiej jako\u015bci, r\u0119cznie robionej gliny. Po wybraniu tego produktu napisz w komentarzu do zakupu, kt\u00f3r\u0105 wersj\u0119 chcesz v1 lub v2.<\/p>\n<p>Pojemno\u015b\u0107 kubka 15-25g.<\/p>\n<p><b>Charakterystyka:<\/b><br \/>\nWysoko\u015b\u0107: oko\u0142o 8 cm<br \/>\nG\u0142\u0119boko\u015b\u0107: oko\u0142o 18mm<br \/>\nIlo\u015b\u0107 otwor\u00f3w: 5 szt<br \/>\nWaga: oko\u0142o 170g<\/p>\n<p>Czy masz jakie\u015b pytania? Skontaktuj si\u0119 z nami\u00a0<a href=\"https:\/\/hookahshop.lt\/pl\/lacznosc\/\">strona z kontaktami<\/a>\u00a0lub napisz do nas na adres\u00a0<a href=\"https:\/\/facebook.com\/HookahShop.lt\/\" target=\"_blank\" rel=\"noopener\">konto na Facebooku<\/a>\u00a0a my odpowiemy na Twoj\u0105 pro\u015bb\u0119 tego samego dnia.<\/p>","protected":false},"excerpt":{"rendered":"<p>Kubek na fajk\u0119 wodn\u0105 HOOKAH SKLEP Turecki Kubek wykonany z wysokiej jako\u015bci, r\u0119cznie robionej gliny. Po wybraniu tego produktu napisz w komentarzu zakupu, kt\u00f3r\u0105 wersj\u0119 preferujesz v1 lub v2. Pojemno\u015b\u0107 kubka 15-25g. Charakterystyka: Wysoko\u015b\u0107: ok. 8cm G\u0142\u0119boko\u015b\u0107: ok. 18mm Ilo\u015b\u0107 otwor\u00f3w: 5 szt. Waga: ok. 170g Masz pytania? Skontaktuj si\u0119 z nami na stronie kontaktowej lub napisz do nas na naszym koncie na Facebooku, a my odpowiemy na Twoj\u0105 pro\u015bb\u0119 [\u2026]<\/p>","protected":false},"featured_media":33139,"comment_status":"open","ping_status":"closed","template":"","meta":[],"_links":{"self":[{"href":"https:\/\/hookahshop.lt\/pl\/wp-json\/wp\/v2\/product\/32832"}],"collection":[{"href":"https:\/\/hookahshop.lt\/pl\/wp-json\/wp\/v2\/product"}],"about":[{"href":"https:\/\/hookahshop.lt\/pl\/wp-json\/wp\/v2\/types\/product"}],"replies":[{"embeddable":true,"href":"https:\/\/hookahshop.lt\/pl\/wp-json\/wp\/v2\/comments?post=32832"}],"version-history":[{"count":5,"href":"https:\/\/hookahshop.lt\/pl\/wp-json\/wp\/v2\/product\/32832\/revisions"}],"predecessor-version":[{"id":45207,"href":"https:\/\/hookahshop.lt\/pl\/wp-json\/wp\/v2\/product\/32832\/revisions\/45207"}],"wp:featuredmedia":[{"embeddable":true,"href":"https:\/\/hookahshop.lt\/pl\/wp-json\/wp\/v2\/media\/33139"}],"wp:attachment":[{"href":"https:\/\/hookahshop.lt\/pl\/wp-json\/wp\/v2\/media?parent=32832"}],"curies":[{"name":"wp","href":"https:\/\/api.w.org\/{rel}","templated":true}]}}