{"id":32870,"date":"2022-07-18T09:35:39","date_gmt":"2022-07-18T06:35:39","guid":{"rendered":"https:\/\/hookahshop.lt\/?post_type=product&#038;p=32870"},"modified":"2026-05-13T23:29:51","modified_gmt":"2026-05-13T20:29:51","slug":"taurele-kaljanui-solaris-astro","status":"publish","type":"product","link":"https:\/\/hookahshop.lt\/pl\/produkt\/kubek-do-fajki-solaris-astro\/","title":{"rendered":"Kubek do fajki wodnej SOLARIS Astro"},"content":{"rendered":"<h2>Kubek do fajki wodnej SOLARIS Astro<\/h2>\n<p>Do produkcji r\u0119cznie robionych kubk\u00f3w wykorzystywane s\u0105 wy\u0142\u0105cznie naturalne i przyjazne dla \u015brodowiska materia\u0142y. R\u00f3\u017cni si\u0119 od innych kubk\u00f3w tym, \u017ce jest bardziej odporny na wilgo\u0107. Zastosowanie technologii mlecznej do glinki czerwonej daje ciekawy efekt zewn\u0119trzny, oryginalny design.<\/p>\n<p><strong>Specyfikacja:<\/strong><br \/>\nIlo\u015b\u0107 otwor\u00f3w: 7szt.<br \/>\nMateria\u0142: glina z glazur\u0105<br \/>\nWysoko\u015b\u0107: 8 cm<br \/>\n\u015arednica u g\u00f3ry: 6 cm<br \/>\nWaga: 250g<\/p>\n<p>Czy masz jakie\u015b pytania? Skontaktuj si\u0119 z nami\u00a0<a href=\"https:\/\/hookahshop.lt\/pl\/lacznosc\/\">strona z kontaktami<\/a>\u00a0lub napisz do nas na adres\u00a0<a href=\"https:\/\/facebook.com\/HookahShop.lt\/\" target=\"_blank\" rel=\"noopener noreferrer\">konto na Facebooku<\/a>\u00a0a my odpowiemy na Twoj\u0105 pro\u015bb\u0119 tego samego dnia.<\/p>","protected":false},"excerpt":{"rendered":"<p>Fili\u017canka do fajki wodnej SOLARIS Astro R\u0119cznie wykonana, do produkcji kubk\u00f3w wykorzystywane s\u0105 wy\u0142\u0105cznie naturalne i przyjazne dla \u015brodowiska materia\u0142y. R\u00f3\u017cni si\u0119 od innych kubk\u00f3w tym, \u017ce jest bardziej odporny na wilgo\u0107. Zastosowanie technologii mlecznej do glinki czerwonej daje ciekawy efekt zewn\u0119trzny, oryginalny design. Specyfikacja: Ilo\u015b\u0107 otwor\u00f3w: 7 szt. Materia\u0142: glina pokryta szkliwem Wysoko\u015b\u0107: 8cm \u015arednica u g\u00f3ry: 6cm Waga: 250g Masz pytania? Skontaktuj si\u0119 z nami poprzez nasz kontakt [\u2026]<\/p>","protected":false},"featured_media":32871,"comment_status":"open","ping_status":"closed","template":"","meta":[],"_links":{"self":[{"href":"https:\/\/hookahshop.lt\/pl\/wp-json\/wp\/v2\/product\/32870"}],"collection":[{"href":"https:\/\/hookahshop.lt\/pl\/wp-json\/wp\/v2\/product"}],"about":[{"href":"https:\/\/hookahshop.lt\/pl\/wp-json\/wp\/v2\/types\/product"}],"replies":[{"embeddable":true,"href":"https:\/\/hookahshop.lt\/pl\/wp-json\/wp\/v2\/comments?post=32870"}],"version-history":[{"count":3,"href":"https:\/\/hookahshop.lt\/pl\/wp-json\/wp\/v2\/product\/32870\/revisions"}],"predecessor-version":[{"id":32874,"href":"https:\/\/hookahshop.lt\/pl\/wp-json\/wp\/v2\/product\/32870\/revisions\/32874"}],"wp:featuredmedia":[{"embeddable":true,"href":"https:\/\/hookahshop.lt\/pl\/wp-json\/wp\/v2\/media\/32871"}],"wp:attachment":[{"href":"https:\/\/hookahshop.lt\/pl\/wp-json\/wp\/v2\/media?parent=32870"}],"curies":[{"name":"wp","href":"https:\/\/api.w.org\/{rel}","templated":true}]}}