{"id":32878,"date":"2022-07-18T13:00:04","date_gmt":"2022-07-18T10:00:04","guid":{"rendered":"https:\/\/hookahshop.lt\/?post_type=product&#038;p=32878"},"modified":"2026-04-14T23:29:29","modified_gmt":"2026-04-14T20:29:29","slug":"sepetys-kaljano-kolbai-black-40cm","status":"publish","type":"product","link":"https:\/\/hookahshop.lt\/pl\/produkt\/fajka-szisza-kolbki-czarna-40cm\/","title":{"rendered":"Szczotka do pojemnika na fajk\u0119 wodn\u0105 Czarna 40cm"},"content":{"rendered":"<h2>Szczotka do pojemnika na fajk\u0119 wodn\u0105 Czarna 40cm<\/h2>\n<p>P\u0119dzel przeznaczony jest do czyszczenia kolby na fajk\u0119 wodn\u0105, zaleca si\u0119 stosowa\u0107 razem ze \u015brodkami czyszcz\u0105cymi. Dociera i pomaga oczy\u015bci\u0107 wszelkie zanieczyszczenia.<br \/>\nAby palenie by\u0142o wygodniejsze i aby fajka trwa\u0142a d\u0142u\u017cej, nale\u017cy j\u0105 dobrze umy\u0107.<\/p>\n<p><strong>Charakterystyka:<\/strong><br \/>\nD\u0142ugo\u015b\u0107 p\u0119dzla: 40cm<br \/>\nD\u0142ugo\u015b\u0107 w\u0142osia: 18cm<br \/>\nSzeroko\u015b\u0107 w\u0142osia: 11cm<\/p>\n<p>Czy masz jakie\u015b pytania? Skontaktuj si\u0119 z nami\u00a0<a href=\"https:\/\/hookahshop.lt\/pl\/lacznosc\/\">strona z kontaktami<\/a>\u00a0lub napisz do nas na adres\u00a0<a href=\"https:\/\/facebook.com\/HookahShop.lt\/\" target=\"_blank\" rel=\"noopener noreferrer\">konto na Facebooku<\/a>\u00a0a my odpowiemy na Twoj\u0105 pro\u015bb\u0119 tego samego dnia.<\/p>\n<p>&nbsp;<\/p>\n<p>&nbsp;<\/p>","protected":false},"excerpt":{"rendered":"<p>P\u0119dzel do kolby na fajki wodne Czarny 40cm P\u0119dzel przeznaczony jest do czyszczenia kolby na fajki wodne, zaleca si\u0119 stosowa\u0107 razem ze \u015brodkami czyszcz\u0105cymi. Dociera i pomaga oczy\u015bci\u0107 wszelkie zanieczyszczenia. Aby palenie by\u0142o wygodniejsze i aby fajka trwa\u0142a d\u0142u\u017cej, nale\u017cy j\u0105 dobrze umy\u0107. Charakterystyka: D\u0142ugo\u015b\u0107 p\u0119dzla: 40cm D\u0142ugo\u015b\u0107 w\u0142osia: 18cm Szeroko\u015b\u0107 w\u0142osia: 11cm Masz pytania? Skontaktuj si\u0119 z nami na stronie kontaktowej lub napisz do nas na naszym koncie na Facebooku i [\u2026]<\/p>","protected":false},"featured_media":32884,"comment_status":"open","ping_status":"closed","template":"","meta":[],"_links":{"self":[{"href":"https:\/\/hookahshop.lt\/pl\/wp-json\/wp\/v2\/product\/32878"}],"collection":[{"href":"https:\/\/hookahshop.lt\/pl\/wp-json\/wp\/v2\/product"}],"about":[{"href":"https:\/\/hookahshop.lt\/pl\/wp-json\/wp\/v2\/types\/product"}],"replies":[{"embeddable":true,"href":"https:\/\/hookahshop.lt\/pl\/wp-json\/wp\/v2\/comments?post=32878"}],"version-history":[{"count":5,"href":"https:\/\/hookahshop.lt\/pl\/wp-json\/wp\/v2\/product\/32878\/revisions"}],"predecessor-version":[{"id":43041,"href":"https:\/\/hookahshop.lt\/pl\/wp-json\/wp\/v2\/product\/32878\/revisions\/43041"}],"wp:featuredmedia":[{"embeddable":true,"href":"https:\/\/hookahshop.lt\/pl\/wp-json\/wp\/v2\/media\/32884"}],"wp:attachment":[{"href":"https:\/\/hookahshop.lt\/pl\/wp-json\/wp\/v2\/media?parent=32878"}],"curies":[{"name":"wp","href":"https:\/\/api.w.org\/{rel}","templated":true}]}}