{"id":32879,"date":"2022-07-18T12:44:57","date_gmt":"2022-07-18T09:44:57","guid":{"rendered":"https:\/\/hookahshop.lt\/?post_type=product&#038;p=32879"},"modified":"2026-04-14T23:29:29","modified_gmt":"2026-04-14T20:29:29","slug":"sepetelis-kaljano-sachtai-al-mani-65cm","status":"publish","type":"product","link":"https:\/\/hookahshop.lt\/pl\/produkt\/szisza-szisza-zamki-al-mani-65cm\/","title":{"rendered":"Szczotka do fajki wodnej AL-MANI 65cm"},"content":{"rendered":"<h2>Szczotka do fajki wodnej AL-MANI 65cm<\/h2>\n<p>Szczotka przeznaczona jest do czyszczenia trzonu fajki wodnej, zaleca si\u0119 u\u017cywa\u0107 jej razem ze \u015brodkami czyszcz\u0105cymi. Si\u0119ga i pomaga w usuwaniu wszelkich zabrudze\u0144.<\/p>\n<p>D\u0142ugo\u015b\u0107: 65 cm<\/p>\n<p>Dlaczego czyszczenie trzonu fajki wodnej jest wa\u017cne?<br \/>\nPodczas u\u017cywania fajki wodnej szkodliwe substancje zawarte w dymie osadzaj\u0105 si\u0119 na \u015bciankach szybu. Nikotyna, produkty spalania w\u0119gla, zapach pozosta\u0142o\u015bci tytoniu, kt\u00f3ry by\u0142 u\u017cywany w poprzednich sesjach palenia i tak dalej. Substancje szkodliwe nie s\u0105 dobre dla zdrowia. A obce aromaty nie pozwol\u0105 ci w pe\u0142ni cieszy\u0107 si\u0119 fajk\u0105 wodn\u0105. Dlatego wa\u017cne jest, aby za ka\u017cdym razem czy\u015bci\u0107 trzonek do fajki wodnej.<br \/>\nNajlepiej wyczy\u015b\u0107 trzonek fajki wodnej - po ka\u017cdym u\u017cyciu fajki wodnej.<\/p>\n<p>&nbsp;<\/p>\n<p>Czy masz jakie\u015b pytania? Skontaktuj si\u0119 z nami\u00a0<a href=\"https:\/\/hookahshop.lt\/pl\/lacznosc\/\">strona z kontaktami<\/a>\u00a0lub napisz do nas na adres\u00a0<a href=\"https:\/\/facebook.com\/HookahShop.lt\/\" target=\"_blank\" rel=\"noopener noreferrer\">konto na Facebooku<\/a>\u00a0a my odpowiemy na Twoj\u0105 pro\u015bb\u0119 tego samego dnia.<\/p>","protected":false},"excerpt":{"rendered":"<p>Szczotka do trzonka fajki wodnej AL-MANI 65cm Szczotka przeznaczona jest do czyszczenia trzonka fajki wodnej, zaleca si\u0119 stosowa\u0107 \u0142\u0105cznie ze \u015brodkami czyszcz\u0105cymi. Dociera i pomaga oczy\u015bci\u0107 wszelkie zanieczyszczenia. D\u0142ugo\u015b\u0107: 65 cm Dlaczego czyszczenie trzonka fajki wodnej jest wa\u017cne? Podczas u\u017cywania fajki wodnej szkodliwe substancje zawarte w dymie osadzaj\u0105 si\u0119 na \u015bciankach szybu. Aromat nikotyny, produkt\u00f3w spalania w\u0119gla, pozosta\u0142o\u015bci tytoniu u\u017cytego podczas poprzednich sesji palenia itp. Szkodliwy [\u2026]<\/p>","protected":false},"featured_media":32880,"comment_status":"open","ping_status":"closed","template":"","meta":[],"_links":{"self":[{"href":"https:\/\/hookahshop.lt\/pl\/wp-json\/wp\/v2\/product\/32879"}],"collection":[{"href":"https:\/\/hookahshop.lt\/pl\/wp-json\/wp\/v2\/product"}],"about":[{"href":"https:\/\/hookahshop.lt\/pl\/wp-json\/wp\/v2\/types\/product"}],"replies":[{"embeddable":true,"href":"https:\/\/hookahshop.lt\/pl\/wp-json\/wp\/v2\/comments?post=32879"}],"version-history":[{"count":4,"href":"https:\/\/hookahshop.lt\/pl\/wp-json\/wp\/v2\/product\/32879\/revisions"}],"predecessor-version":[{"id":41924,"href":"https:\/\/hookahshop.lt\/pl\/wp-json\/wp\/v2\/product\/32879\/revisions\/41924"}],"wp:featuredmedia":[{"embeddable":true,"href":"https:\/\/hookahshop.lt\/pl\/wp-json\/wp\/v2\/media\/32880"}],"wp:attachment":[{"href":"https:\/\/hookahshop.lt\/pl\/wp-json\/wp\/v2\/media?parent=32879"}],"curies":[{"name":"wp","href":"https:\/\/api.w.org\/{rel}","templated":true}]}}