{"id":32893,"date":"2022-07-18T14:08:24","date_gmt":"2022-07-18T11:08:24","guid":{"rendered":"https:\/\/hookahshop.lt\/?post_type=product&#038;p=32893"},"modified":"2026-04-16T23:29:55","modified_gmt":"2026-04-16T20:29:55","slug":"znyples-kaljano-anglims-blade-replika-rainbow","status":"publish","type":"product","link":"https:\/\/hookahshop.lt\/pl\/produkt\/znyples-szisza-weglowa-ostrze-replika-tecza\/","title":{"rendered":"Szczypce do fajki wodnej replika BLADE Rainbow"},"content":{"rendered":"<h2>Szczypce do fajki wodnej replika BLADE Rainbow<\/h2>\n<p>Wykonany ze stali nierdzewnej, bardzo wygodny rozmiar.<\/p>\n<p><strong>Charakterystyka:<\/strong><br \/>\nKolor: t\u0119czowy<br \/>\nD\u0142ugo\u015b\u0107: 23cm<br \/>\nSzeroko\u015b\u0107: 2,8 cm<\/p>\n<p>Czy masz jakie\u015b pytania? Skontaktuj si\u0119 z nami\u00a0<a href=\"https:\/\/hookahshop.lt\/pl\/lacznosc\/\">strona z kontaktami<\/a>\u00a0lub napisz do nas na adres\u00a0<a href=\"https:\/\/facebook.com\/HookahShop.lt\/\" target=\"_blank\" rel=\"noopener noreferrer\">konto na Facebooku<\/a>\u00a0a my odpowiemy na Twoj\u0105 pro\u015bb\u0119 tego samego dnia.<\/p>\n<p>&nbsp;<\/p>","protected":false},"excerpt":{"rendered":"<p>Szczypce do w\u0119gla drzewnego do fajki wodnej Replika BLADE Rainbow Wykonane ze stali nierdzewnej, bardzo wygodny rozmiar. Charakterystyka: Kolor: T\u0119czowy D\u0142ugo\u015b\u0107: 23cm Szeroko\u015b\u0107: 2,8cm Masz pytania? Skontaktuj si\u0119 z nami na stronie kontaktowej lub napisz do nas na naszym koncie na Facebooku, a my odpowiemy na Twoj\u0105 pro\u015bb\u0119 jeszcze tego samego dnia. &nbsp;<\/p>","protected":false},"featured_media":32894,"comment_status":"open","ping_status":"closed","template":"","meta":[],"_links":{"self":[{"href":"https:\/\/hookahshop.lt\/pl\/wp-json\/wp\/v2\/product\/32893"}],"collection":[{"href":"https:\/\/hookahshop.lt\/pl\/wp-json\/wp\/v2\/product"}],"about":[{"href":"https:\/\/hookahshop.lt\/pl\/wp-json\/wp\/v2\/types\/product"}],"replies":[{"embeddable":true,"href":"https:\/\/hookahshop.lt\/pl\/wp-json\/wp\/v2\/comments?post=32893"}],"version-history":[{"count":3,"href":"https:\/\/hookahshop.lt\/pl\/wp-json\/wp\/v2\/product\/32893\/revisions"}],"predecessor-version":[{"id":37686,"href":"https:\/\/hookahshop.lt\/pl\/wp-json\/wp\/v2\/product\/32893\/revisions\/37686"}],"wp:featuredmedia":[{"embeddable":true,"href":"https:\/\/hookahshop.lt\/pl\/wp-json\/wp\/v2\/media\/32894"}],"wp:attachment":[{"href":"https:\/\/hookahshop.lt\/pl\/wp-json\/wp\/v2\/media?parent=32893"}],"curies":[{"name":"wp","href":"https:\/\/api.w.org\/{rel}","templated":true}]}}