{"id":32897,"date":"2022-07-18T14:19:47","date_gmt":"2022-07-18T11:19:47","guid":{"rendered":"https:\/\/hookahshop.lt\/?post_type=product&#038;p=32897"},"modified":"2026-04-16T23:29:55","modified_gmt":"2026-04-16T20:29:55","slug":"znyples-kaljano-anglims-blade-replika-gold","status":"publish","type":"product","link":"https:\/\/hookahshop.lt\/pl\/produkt\/znyples-szisza-weglowa-ostrze-replika-zlota\/","title":{"rendered":"Szczypce do w\u0119gla drzewnego do fajki wodnej BLADE replika z\u0142ota"},"content":{"rendered":"<h2>Szczypce do w\u0119gla drzewnego do fajki wodnej BLADE replika z\u0142ota<\/h2>\n<p>Wykonany ze stali nierdzewnej, bardzo wygodny rozmiar.<\/p>\n<p><strong>Charakterystyka:<\/strong><br \/>\nKolor: z\u0142oty<br \/>\nD\u0142ugo\u015b\u0107: 23cm<br \/>\nSzeroko\u015b\u0107: 2,8 cm<\/p>\n<p>Czy masz jakie\u015b pytania? Skontaktuj si\u0119 z nami\u00a0<a href=\"https:\/\/hookahshop.lt\/pl\/lacznosc\/\">strona z kontaktami<\/a>\u00a0lub napisz do nas na adres\u00a0<a href=\"https:\/\/facebook.com\/HookahShop.lt\/\" target=\"_blank\" rel=\"noopener noreferrer\">konto na Facebooku<\/a>\u00a0a my odpowiemy na Twoj\u0105 pro\u015bb\u0119 tego samego dnia.<\/p>\n<p>&nbsp;<\/p>","protected":false},"excerpt":{"rendered":"<p>Szczypce do w\u0119gli do fajki wodnej Replika BLADE Gold Wykonane ze stali nierdzewnej, bardzo wygodny rozmiar. Charakterystyka: Kolor: z\u0142oty D\u0142ugo\u015b\u0107: 23cm Szeroko\u015b\u0107: 2,8cm Masz pytania? Skontaktuj si\u0119 z nami na stronie kontaktowej lub napisz do nas na naszym koncie na Facebooku, a my odpowiemy na Twoj\u0105 pro\u015bb\u0119 jeszcze tego samego dnia. &nbsp;<\/p>","protected":false},"featured_media":32898,"comment_status":"open","ping_status":"closed","template":"","meta":[],"_links":{"self":[{"href":"https:\/\/hookahshop.lt\/pl\/wp-json\/wp\/v2\/product\/32897"}],"collection":[{"href":"https:\/\/hookahshop.lt\/pl\/wp-json\/wp\/v2\/product"}],"about":[{"href":"https:\/\/hookahshop.lt\/pl\/wp-json\/wp\/v2\/types\/product"}],"replies":[{"embeddable":true,"href":"https:\/\/hookahshop.lt\/pl\/wp-json\/wp\/v2\/comments?post=32897"}],"version-history":[{"count":5,"href":"https:\/\/hookahshop.lt\/pl\/wp-json\/wp\/v2\/product\/32897\/revisions"}],"predecessor-version":[{"id":45714,"href":"https:\/\/hookahshop.lt\/pl\/wp-json\/wp\/v2\/product\/32897\/revisions\/45714"}],"wp:featuredmedia":[{"embeddable":true,"href":"https:\/\/hookahshop.lt\/pl\/wp-json\/wp\/v2\/media\/32898"}],"wp:attachment":[{"href":"https:\/\/hookahshop.lt\/pl\/wp-json\/wp\/v2\/media?parent=32897"}],"curies":[{"name":"wp","href":"https:\/\/api.w.org\/{rel}","templated":true}]}}