{"id":32901,"date":"2022-07-18T14:53:19","date_gmt":"2022-07-18T11:53:19","guid":{"rendered":"https:\/\/hookahshop.lt\/?post_type=product&#038;p=32901"},"modified":"2025-11-06T21:01:17","modified_gmt":"2025-11-06T19:01:17","slug":"kaljanas-sky-totem-hookah-tube-ice-black","status":"publish","type":"product","link":"https:\/\/hookahshop.lt\/pl\/produkt\/szisza-niebo-totem-szisza-rurka-lodowo-czarna\/","title":{"rendered":"Fajka wodna Sky-Totem Rurka do fajki wodnej Ice Black"},"content":{"rendered":"<h2>Fajka wodna Sky-Totem Rurka do fajki wodnej Ice Black<\/h2>\n<p>Jest to seria fajek wodnych ze stali nierdzewnej z drewnianym wk\u0142adem ukrai\u0144skiej firmy \u201eTotem Hookah\u201d i \u201eSky Hookah\u201d. Opieraj\u0105c si\u0119 na jako\u015bci wykonania i obr\u00f3bce wszystkich cz\u0119\u015bci produktu, fajk\u0119 wodn\u0105 Totem Hokah mo\u017cna \u015bmia\u0142o zaliczy\u0107 do segmentu high-end w bardzo przyst\u0119pnej cenie. Dobrze zaprojektowane i zastosowane wyko\u0144czenie drewna cieszy oko i pozostawia \u015bwietne wra\u017cenia zmys\u0142owe. Z\u0142\u0105cze w\u0119\u017ca po\u0142\u0105czone jest z trzonkiem fajki wodnej, co pozwala na \u0142atwe i niezawodne u\u017cytkowanie, nie trac\u0105c przy tym ekskluzywnego wygl\u0105du ca\u0142ego produktu. Wk\u0142adka poliacetalowa gwarantuje \u0142atw\u0105 i szybk\u0105 ochron\u0119 fajki wodnej. I oczywi\u015bcie nie mo\u017cna zignorowa\u0107 efektownego markowego opakowania, kt\u00f3re tylko podkre\u015bli smak w\u0142a\u015bciciela fajki wodnej.<\/p>\n<p><strong>Specyfikacja:<\/strong><br \/>\nMateria\u0142: stal nierdzewna, poliacetal, drewno.<br \/>\nWysoko\u015b\u0107: 55 cm<br \/>\nProducent: Sky &amp; Totem Hookah<br \/>\nModel: tuba<br \/>\nKraj producenta: Ukraina<\/p>\n<p><strong>Ekwipunek:<\/strong><br \/>\nP\u0142yta;<br \/>\nOryginalny ustnik;<br \/>\nW\u0105\u017c silikonowy \u201eSoft Touch\u201d;<br \/>\nZestaw uszczelek;<br \/>\nSpr\u0119\u017cyna w\u0119\u017ca;<br \/>\nWa\u0142;<br \/>\nMarkowe opakowanie.<\/p>\n<p>Czy masz jakie\u015b pytania? Skontaktuj si\u0119 z nami\u00a0<a href=\"https:\/\/hookahshop.lt\/pl\/lacznosc\/\">strona z kontaktami<\/a>\u00a0lub napisz do nas na adres\u00a0<a href=\"https:\/\/facebook.com\/HookahShop.lt\/\" target=\"_blank\" rel=\"noopener noreferrer\">konto na Facebooku<\/a>\u00a0a my odpowiemy na Twoj\u0105 pro\u015bb\u0119 tego samego dnia.<\/p>","protected":false},"excerpt":{"rendered":"<p>Hookah Sky-Totem Hookah Tube Ice Black Jest to seria fajek wodnych ze stali nierdzewnej z drewnianym wk\u0142adem ukrai\u0144skiej firmy \u201eTotem Hookah\u201d i \u201eSky Hookah\u201d. Opieraj\u0105c si\u0119 na jako\u015bci wykonania i obr\u00f3bce wszystkich cz\u0119\u015bci produktu, fajk\u0119 wodn\u0105 Totem Hokah mo\u017cna \u015bmia\u0142o zaliczy\u0107 do segmentu high-end w bardzo przyst\u0119pnej cenie. Dobrze wykonane i dopasowane wyko\u0144czenie drewna jest przyjemne dla oka i pozostawia wspania\u0142y [\u2026]<\/p>","protected":false},"featured_media":32902,"comment_status":"open","ping_status":"closed","template":"","meta":[],"_links":{"self":[{"href":"https:\/\/hookahshop.lt\/pl\/wp-json\/wp\/v2\/product\/32901"}],"collection":[{"href":"https:\/\/hookahshop.lt\/pl\/wp-json\/wp\/v2\/product"}],"about":[{"href":"https:\/\/hookahshop.lt\/pl\/wp-json\/wp\/v2\/types\/product"}],"replies":[{"embeddable":true,"href":"https:\/\/hookahshop.lt\/pl\/wp-json\/wp\/v2\/comments?post=32901"}],"version-history":[{"count":2,"href":"https:\/\/hookahshop.lt\/pl\/wp-json\/wp\/v2\/product\/32901\/revisions"}],"predecessor-version":[{"id":40335,"href":"https:\/\/hookahshop.lt\/pl\/wp-json\/wp\/v2\/product\/32901\/revisions\/40335"}],"wp:featuredmedia":[{"embeddable":true,"href":"https:\/\/hookahshop.lt\/pl\/wp-json\/wp\/v2\/media\/32902"}],"wp:attachment":[{"href":"https:\/\/hookahshop.lt\/pl\/wp-json\/wp\/v2\/media?parent=32901"}],"curies":[{"name":"wp","href":"https:\/\/api.w.org\/{rel}","templated":true}]}}