{"id":32906,"date":"2022-07-18T16:27:42","date_gmt":"2022-07-18T13:27:42","guid":{"rendered":"https:\/\/hookahshop.lt\/?post_type=product&#038;p=32906"},"modified":"2026-04-17T16:33:34","modified_gmt":"2026-04-17T13:33:34","slug":"anglys-kaljanui-kumar-26mm-1kg","status":"publish","type":"product","link":"https:\/\/hookahshop.lt\/pl\/produkt\/wegiel-do-fajki-wodnej-kumar-26mm-1kg\/","title":{"rendered":"W\u0119giel do fajki wodnej KUMAR 26mm 1kg"},"content":{"rendered":"<h2>W\u0119giel do fajki wodnej KUMAR 26mm 1kg<\/h2>\n<p>Klasy premium, naturalny w\u0119giel kokosowy do fajki wodnej. W\u0119giel zapewnia du\u017co ciep\u0142a, co pozwoli Ci cieszy\u0107 si\u0119 wspania\u0142ym smakiem jeszcze d\u0142u\u017cej. W\u0119giel nie kruszy si\u0119 i pozostawia bardzo ma\u0142o popio\u0142u. Wykonane zgodnie z wymaganiami jako\u015bciowymi litewskich entuzjast\u00f3w fajki wodnej.<\/p>\n<ul>\n<li>Rozmiar w\u0119gla: 26x26x26mm<\/li>\n<li>W opakowaniu: 64 szt.<\/li>\n<li>Waga opakowania: 1 kg<\/li>\n<li>Importer: Litwa<\/li>\n<li>Kraj pochodzenia: Indonezja<\/li>\n<\/ul>\n<p>Aby spali\u0107 w\u0119giel, potrzebujesz elektrycznej p\u0142yty grzejnej do fajki wodnej, turystycznej kuchenki gazowej lub podobnej.<\/p>\n<p>Czy masz jakie\u015b pytania? Skontaktuj si\u0119 z nami <a href=\"https:\/\/hookahshop.lt\/pl\/lacznosc\/\">strona z kontaktami<\/a> lub napisz do nas na adres <a href=\"https:\/\/facebook.com\/HookahShop.lt\/\" target=\"_blank\" rel=\"noopener noreferrer\">konto na Facebooku<\/a> a my odpowiemy na Twoj\u0105 pro\u015bb\u0119 tego samego dnia.<\/p>","protected":false},"excerpt":{"rendered":"<p>W\u0119giel do fajki wodnej KUMAR 26mm 1kg Klasa Premium, naturalny w\u0119giel kokosowy do fajki wodnej. W\u0119giel drzewny zapewnia du\u017co ciep\u0142a, co pozwoli Ci cieszy\u0107 si\u0119 wspania\u0142ym smakiem jeszcze d\u0142u\u017cej. W\u0119giel nie kruszy si\u0119 i pozostawia bardzo ma\u0142o popio\u0142u. Wykonane zgodnie z wymaganiami jako\u015bciowymi litewskich mi\u0142o\u015bnik\u00f3w fajki wodnej. Rozmiar w\u0119gla: 26x26x26mm Opakowanie: 64 sztuki Waga opakowania: 1kg Importer: Litwa Kraj pochodzenia: Indonezja Do rozpalenia w\u0119gli potrzebna jest elektryczna p\u0142yta do fajki wodnej, [\u2026]<\/p>","protected":false},"featured_media":32907,"comment_status":"open","ping_status":"closed","template":"","meta":[],"_links":{"self":[{"href":"https:\/\/hookahshop.lt\/pl\/wp-json\/wp\/v2\/product\/32906"}],"collection":[{"href":"https:\/\/hookahshop.lt\/pl\/wp-json\/wp\/v2\/product"}],"about":[{"href":"https:\/\/hookahshop.lt\/pl\/wp-json\/wp\/v2\/types\/product"}],"replies":[{"embeddable":true,"href":"https:\/\/hookahshop.lt\/pl\/wp-json\/wp\/v2\/comments?post=32906"}],"version-history":[{"count":8,"href":"https:\/\/hookahshop.lt\/pl\/wp-json\/wp\/v2\/product\/32906\/revisions"}],"predecessor-version":[{"id":44548,"href":"https:\/\/hookahshop.lt\/pl\/wp-json\/wp\/v2\/product\/32906\/revisions\/44548"}],"wp:featuredmedia":[{"embeddable":true,"href":"https:\/\/hookahshop.lt\/pl\/wp-json\/wp\/v2\/media\/32907"}],"wp:attachment":[{"href":"https:\/\/hookahshop.lt\/pl\/wp-json\/wp\/v2\/media?parent=32906"}],"curies":[{"name":"wp","href":"https:\/\/api.w.org\/{rel}","templated":true}]}}