{"id":32926,"date":"2022-07-19T18:04:51","date_gmt":"2022-07-19T15:04:51","guid":{"rendered":"https:\/\/hookahshop.lt\/?post_type=product&#038;p=32926"},"modified":"2026-04-18T23:29:18","modified_gmt":"2026-04-18T20:29:18","slug":"kaljanas-aladin-mvp-a46-black","status":"publish","type":"product","link":"https:\/\/hookahshop.lt\/pl\/produkt\/hookah-aladin-mvp-a46-black\/","title":{"rendered":"Fajka wodna ALADIN MVP A46 Czarna"},"content":{"rendered":"<h2>Fajka wodna ALADIN MVP A46 Czarna<\/h2>\n<p>Ta fajka wodna robi niesamowite wra\u017cenie dzi\u0119ki wysokiej jako\u015bci materia\u0142om. Jako\u015b\u0107 wykonania i indywidualny projekt nie pozostawi\u0105 Ci\u0119 oboj\u0119tnym.<br \/>\nDzi\u0119ki kompaktowym rozmiarom jest idealnym towarzyszem podr\u00f3\u017cy dla tych, kt\u00f3rzy chc\u0105 mie\u0107 produkt wysokiej jako\u015bci w podr\u00f3\u017cy i nadaj\u0105cy si\u0119 do u\u017cytku domowego.<\/p>\n<p><strong>Charakterystyka:<\/strong><br \/>\nWysoko\u015b\u0107: 46 cm<br \/>\nMateria\u0142 fajki wodnej: stal nierdzewna<br \/>\nKolba: gwintowana<br \/>\nMateria\u0142 kolby: szk\u0142o<br \/>\nDyfuzor: tak (regulowany)<br \/>\nIlo\u015b\u0107 w\u0119\u017cy: w komplecie z 1 w\u0119\u017cem i 1 ustnikiem (mo\u017cliwe pod\u0142\u0105czenie do 2 w\u0119\u017cy).<\/p>\n<p><strong>Standardowy zestaw zawiera:<\/strong><br \/>\nszczypce, mi\u0119kki w\u0105\u017c silikonowy z dyszami, kubek, komin na kubek.<\/p>\n<p>Czy masz jakie\u015b pytania? Skontaktuj si\u0119 z nami\u00a0<a href=\"https:\/\/hookahshop.lt\/pl\/lacznosc\/\">strona z kontaktami<\/a>\u00a0lub napisz do nas na adres\u00a0<a href=\"https:\/\/facebook.com\/HookahShop.lt\/\" target=\"_blank\" rel=\"noopener noreferrer\">konto na Facebooku<\/a>\u00a0a my odpowiemy na Twoj\u0105 pro\u015bb\u0119 tego samego dnia.<\/p>\n<p>&nbsp;<\/p>","protected":false},"excerpt":{"rendered":"<p>Fajka wodna ALADIN MVP A46 Black Ta szisza robi wspania\u0142e wra\u017cenie dzi\u0119ki wysokiej jako\u015bci materia\u0142om. Jako\u015b\u0107 wykonania i indywidualny projekt nie pozostawi\u0105 Ci\u0119 oboj\u0119tnym. Dzi\u0119ki swoim kompaktowym rozmiarom jest idealnym towarzyszem podr\u00f3\u017cy dla tych, kt\u00f3rzy chc\u0105 mie\u0107 produkt wysokiej jako\u015bci w podr\u00f3\u017cy i odpowiedni do u\u017cytku w domu. Charakterystyka: Wysoko\u015b\u0107: 46cm Materia\u0142 fajki wodnej: stal nierdzewna Kolba: gwintowana Materia\u0142 kolby: szk\u0142o Dyfuzor: dost\u0119pny (regulowany) [\u2026]<\/p>","protected":false},"featured_media":32928,"comment_status":"open","ping_status":"closed","template":"","meta":[],"_links":{"self":[{"href":"https:\/\/hookahshop.lt\/pl\/wp-json\/wp\/v2\/product\/32926"}],"collection":[{"href":"https:\/\/hookahshop.lt\/pl\/wp-json\/wp\/v2\/product"}],"about":[{"href":"https:\/\/hookahshop.lt\/pl\/wp-json\/wp\/v2\/types\/product"}],"replies":[{"embeddable":true,"href":"https:\/\/hookahshop.lt\/pl\/wp-json\/wp\/v2\/comments?post=32926"}],"version-history":[{"count":3,"href":"https:\/\/hookahshop.lt\/pl\/wp-json\/wp\/v2\/product\/32926\/revisions"}],"predecessor-version":[{"id":32930,"href":"https:\/\/hookahshop.lt\/pl\/wp-json\/wp\/v2\/product\/32926\/revisions\/32930"}],"wp:featuredmedia":[{"embeddable":true,"href":"https:\/\/hookahshop.lt\/pl\/wp-json\/wp\/v2\/media\/32928"}],"wp:attachment":[{"href":"https:\/\/hookahshop.lt\/pl\/wp-json\/wp\/v2\/media?parent=32926"}],"curies":[{"name":"wp","href":"https:\/\/api.w.org\/{rel}","templated":true}]}}