{"id":33154,"date":"2022-08-18T18:13:22","date_gmt":"2022-08-18T15:13:22","guid":{"rendered":"https:\/\/hookahshop.lt\/?post_type=product&#038;p=33154"},"modified":"2026-04-07T23:29:40","modified_gmt":"2026-04-07T20:29:40","slug":"taurele-kaljanui-hekkpipe-black","status":"publish","type":"product","link":"https:\/\/hookahshop.lt\/pl\/produkt\/filizanka-szisza-hekkpipe-czarna\/","title":{"rendered":"Kubek do fajki wodnej HEKKPIPE Czarny"},"content":{"rendered":"<h2>Kubek do fajki wodnej HEKKPIPE Czarny<\/h2>\n<p>Do fajek wodnych HEKKPIPE. R\u0119cznie robiony gliniany kubek z otworami z dala od dna, aby melasa (syrop z mieszanki fajki wodnej) nie sp\u0142ywa\u0142a do trzonu fajki wodnej, kolby.<\/p>\n<p><strong>Charakterystyka:<\/strong><br \/>\nCzarny kolor<br \/>\nWysoko\u015b\u0107: 6 cm<\/p>\n<p>Czy masz jakie\u015b pytania? Skontaktuj si\u0119 z nami\u00a0<a href=\"https:\/\/hookahshop.lt\/pl\/lacznosc\/\">strona z kontaktami<\/a>\u00a0lub napisz do nas na adres\u00a0<a href=\"https:\/\/facebook.com\/HookahShop.lt\/\" target=\"_blank\" rel=\"noopener\">konto na Facebooku<\/a>\u00a0a my odpowiemy na Twoj\u0105 pro\u015bb\u0119 tego samego dnia.<\/p>","protected":false},"excerpt":{"rendered":"<p>Kubek na fajki wodne HEKKPIPE Czarny Do fajek wodnych HEKKPIPE. R\u0119cznie wykonany gliniany kubek z otworami oddalonymi od dna, aby melasa (syrop z mieszanki fajki wodnej) nie sp\u0142ywa\u0142a do trzonka fajki wodnej, kolby. Charakterystyka: Kolor: czarny Wysoko\u015b\u0107: 6cm Masz pytania? Skontaktuj si\u0119 z nami na stronie kontaktowej lub napisz do nas na naszym koncie na Facebooku, a my odpowiemy na Twoj\u0105 pro\u015bb\u0119 jeszcze tego samego dnia.<\/p>","protected":false},"featured_media":33155,"comment_status":"open","ping_status":"closed","template":"","meta":[],"_links":{"self":[{"href":"https:\/\/hookahshop.lt\/pl\/wp-json\/wp\/v2\/product\/33154"}],"collection":[{"href":"https:\/\/hookahshop.lt\/pl\/wp-json\/wp\/v2\/product"}],"about":[{"href":"https:\/\/hookahshop.lt\/pl\/wp-json\/wp\/v2\/types\/product"}],"replies":[{"embeddable":true,"href":"https:\/\/hookahshop.lt\/pl\/wp-json\/wp\/v2\/comments?post=33154"}],"version-history":[{"count":3,"href":"https:\/\/hookahshop.lt\/pl\/wp-json\/wp\/v2\/product\/33154\/revisions"}],"predecessor-version":[{"id":33168,"href":"https:\/\/hookahshop.lt\/pl\/wp-json\/wp\/v2\/product\/33154\/revisions\/33168"}],"wp:featuredmedia":[{"embeddable":true,"href":"https:\/\/hookahshop.lt\/pl\/wp-json\/wp\/v2\/media\/33155"}],"wp:attachment":[{"href":"https:\/\/hookahshop.lt\/pl\/wp-json\/wp\/v2\/media?parent=33154"}],"curies":[{"name":"wp","href":"https:\/\/api.w.org\/{rel}","templated":true}]}}