{"id":33158,"date":"2022-08-18T20:16:15","date_gmt":"2022-08-18T17:16:15","guid":{"rendered":"https:\/\/hookahshop.lt\/?post_type=product&#038;p=33158"},"modified":"2026-04-18T23:29:18","modified_gmt":"2026-04-18T20:29:18","slug":"kaljanas-ykap-ego-black-e3","status":"publish","type":"product","link":"https:\/\/hookahshop.lt\/pl\/produkt\/fajka-wodna-ykap-ego-czarna-e3\/","title":{"rendered":"Fajka wodna YKAP Ego Czarna E3"},"content":{"rendered":"<h2>Fajka wodna YKAP Ego Czarna E3<\/h2>\n<p>Nowa fajka wodna \u201eYKAP Ego Black E3\u201d znanego producenta z Rosji - YKAP. To wysokiej jako\u015bci fajka wodna, kt\u00f3ra zapewni przyjemn\u0105 sesj\u0119. Szisza wykonana jest z najwy\u017cszej jako\u015bci materia\u0142\u00f3w, co zapewni d\u0142ug\u0105 \u017cywotno\u015b\u0107 fajki wodnej. Zanurzenie fajki wodnej mo\u017cna regulowa\u0107 dzi\u0119ki istniej\u0105cemu dyfuzorowi.<\/p>\n<p><strong>Ekwipunek:<\/strong><br \/>\nSzisza (moja)<br \/>\nStal nierdzewna z policytowym detalem.<br \/>\nPrzy\u0142\u0105cze w\u0119\u017ca (O-ring)<br \/>\nUstnik: stal nierdzewna (regulowany rozmiar)<br \/>\nDyfuzor: regulowany<\/p>\n<p><img decoding=\"async\" loading=\"lazy\" class=\"alignnone size-medium wp-image-38521\" src=\"https:\/\/hookahshop.lt\/wp-content\/uploads\/2020\/09\/stiebas-zarna-kandiklis-1-300x273.jpg\" alt=\"- hookahshop.lt\" width=\"300\" height=\"273\" srcset=\"https:\/\/hookahshop.lt\/wp-content\/uploads\/2020\/09\/stiebas-zarna-kandiklis-1-300x273.jpg 300w, https:\/\/hookahshop.lt\/wp-content\/uploads\/2020\/09\/stiebas-zarna-kandiklis-1-13x12.jpg 13w, https:\/\/hookahshop.lt\/wp-content\/uploads\/2020\/09\/stiebas-zarna-kandiklis-1-64x58.jpg 64w, https:\/\/hookahshop.lt\/wp-content\/uploads\/2020\/09\/stiebas-zarna-kandiklis-1.jpg 420w\" sizes=\"(max-width: 300px) 100vw, 300px\" title=\"\"><\/p>\n<p><strong>Specyfikacja:<\/strong><br \/>\nWysoko\u015b\u0107: 54 cm<br \/>\nKraj pochodzenia: Rosja<\/p>\n<p>Czy masz jakie\u015b pytania? Skontaktuj si\u0119 z nami <a href=\"https:\/\/hookahshop.lt\/pl\/lacznosc\/\">strona z kontaktami<\/a>\u00a0lub napisz do nas na adres\u00a0<a href=\"https:\/\/facebook.com\/HookahShop.lt\/\" target=\"_blank\" rel=\"noopener noreferrer\">konto na Facebooku<\/a>\u00a0a my odpowiemy na Twoj\u0105 pro\u015bb\u0119 tego samego dnia.<\/p>","protected":false},"excerpt":{"rendered":"<p>Fajka wodna YKAP Ego Black E3 Nowa fajka wodna \u201eYKAP Ego Black E3\u201d znanego producenta z Rosji - YKAP. To wysokiej jako\u015bci fajka wodna, kt\u00f3ra zapewni przyjemn\u0105 sesj\u0119. Szisza wykonana jest z najwy\u017cszej jako\u015bci materia\u0142\u00f3w, co zapewni d\u0142ug\u0105 \u017cywotno\u015b\u0107 fajki wodnej. Zanurzenie fajki wodnej mo\u017cna regulowa\u0107 dzi\u0119ki istniej\u0105cemu dyfuzorowi. Kompletny zestaw: Fajka wodna (trzon) Stal nierdzewna z detalami z politalu. Z\u0142\u0105cze w\u0119\u017ca (o-ring) Ustnik: [\u2026]<\/p>","protected":false},"featured_media":33159,"comment_status":"open","ping_status":"closed","template":"","meta":[],"_links":{"self":[{"href":"https:\/\/hookahshop.lt\/pl\/wp-json\/wp\/v2\/product\/33158"}],"collection":[{"href":"https:\/\/hookahshop.lt\/pl\/wp-json\/wp\/v2\/product"}],"about":[{"href":"https:\/\/hookahshop.lt\/pl\/wp-json\/wp\/v2\/types\/product"}],"replies":[{"embeddable":true,"href":"https:\/\/hookahshop.lt\/pl\/wp-json\/wp\/v2\/comments?post=33158"}],"version-history":[{"count":5,"href":"https:\/\/hookahshop.lt\/pl\/wp-json\/wp\/v2\/product\/33158\/revisions"}],"predecessor-version":[{"id":33162,"href":"https:\/\/hookahshop.lt\/pl\/wp-json\/wp\/v2\/product\/33158\/revisions\/33162"}],"wp:featuredmedia":[{"embeddable":true,"href":"https:\/\/hookahshop.lt\/pl\/wp-json\/wp\/v2\/media\/33159"}],"wp:attachment":[{"href":"https:\/\/hookahshop.lt\/pl\/wp-json\/wp\/v2\/media?parent=33158"}],"curies":[{"name":"wp","href":"https:\/\/api.w.org\/{rel}","templated":true}]}}