{"id":33163,"date":"2022-08-18T20:36:57","date_gmt":"2022-08-18T17:36:57","guid":{"rendered":"https:\/\/hookahshop.lt\/?post_type=product&#038;p=33163"},"modified":"2026-04-24T23:29:52","modified_gmt":"2026-04-24T20:29:52","slug":"gaubtas-taureles-kaitinimui-hoob-windcover","status":"publish","type":"product","link":"https:\/\/hookahshop.lt\/pl\/produkt\/kaptur-kubki-do-ogrzewania-obudowa-wiatrowa\/","title":{"rendered":"Okap do podgrzewania fili\u017canek HOOB Os\u0142ona przeciwwiatrowa"},"content":{"rendered":"<h2>Okap do podgrzewania fili\u017canek HOOB Os\u0142ona przeciwwiatrowa<\/h2>\n<p>Hoob Windcover spe\u0142nia jednocze\u015bnie kilka funkcji:<\/p>\n<p>Kontrola ciep\u0142a;<br \/>\nPrzed\u0142u\u017cony czas spalania w\u0119gla;<br \/>\nOchrona przed wiatrem.<\/p>\n<p>Dzi\u0119ki Hoob Windcover Gold mo\u017cesz cieszy\u0107 si\u0119 fajk\u0105 wodn\u0105 nawet na zewn\u0105trz bez obawy, \u017ce wiatr zdmuchnie w\u0119giel drzewny. Zdejmowana nasadka pozwoli w razie potrzeby doda\u0107 wi\u0119cej w\u0119gla.<br \/>\nPonadto Hoob Windcover Gold jest wszechstronny - nadaje si\u0119 do wszystkich rodzaj\u00f3w fajek wodnych i okular\u00f3w. Wykonany jest ze stali nierdzewnej ze z\u0142ot\u0105 pow\u0142ok\u0105, kt\u00f3ra jeszcze bardziej zachwyci Twoich przyjaci\u00f3\u0142 i znajomych.<\/p>\n<p>Czy masz jakie\u015b pytania? Skontaktuj si\u0119 z nami\u00a0<a href=\"https:\/\/hookahshop.lt\/pl\/lacznosc\/\">strona z kontaktami<\/a>\u00a0lub napisz do nas na adres\u00a0<a href=\"https:\/\/facebook.com\/HookahShop.lt\/\" target=\"_blank\" rel=\"noopener noreferrer\">konto na Facebooku<\/a>\u00a0a my odpowiemy na Twoj\u0105 pro\u015bb\u0119 tego samego dnia.<\/p>","protected":false},"excerpt":{"rendered":"<p>Okap do podgrzewania kubk\u00f3w HOOB Windcover Okap do podgrzewania kubk\u00f3w \u201eHoob Windcover\u201d s\u0142u\u017cy jednocze\u015bnie do kilku cel\u00f3w: Kontrola ciep\u0142a; Wyd\u0142u\u017cony czas spalania w\u0119gla; Ochrona przed wiatrem. Dzi\u0119ki Hoob Windcover Gold mo\u017cesz cieszy\u0107 si\u0119 fajk\u0105 wodn\u0105 nawet na zewn\u0105trz, bez obawy, \u017ce wiatr rozwiewa w\u0119gle. Zdejmowana nasadka pozwoli w razie potrzeby dorzuci\u0107 wi\u0119cej w\u0119gla. Ponadto Hoob Windcover Gold jest wszechstronny \u2013 [\u2026]<\/p>","protected":false},"featured_media":33164,"comment_status":"open","ping_status":"closed","template":"","meta":[],"_links":{"self":[{"href":"https:\/\/hookahshop.lt\/pl\/wp-json\/wp\/v2\/product\/33163"}],"collection":[{"href":"https:\/\/hookahshop.lt\/pl\/wp-json\/wp\/v2\/product"}],"about":[{"href":"https:\/\/hookahshop.lt\/pl\/wp-json\/wp\/v2\/types\/product"}],"replies":[{"embeddable":true,"href":"https:\/\/hookahshop.lt\/pl\/wp-json\/wp\/v2\/comments?post=33163"}],"version-history":[{"count":2,"href":"https:\/\/hookahshop.lt\/pl\/wp-json\/wp\/v2\/product\/33163\/revisions"}],"predecessor-version":[{"id":33167,"href":"https:\/\/hookahshop.lt\/pl\/wp-json\/wp\/v2\/product\/33163\/revisions\/33167"}],"wp:featuredmedia":[{"embeddable":true,"href":"https:\/\/hookahshop.lt\/pl\/wp-json\/wp\/v2\/media\/33164"}],"wp:attachment":[{"href":"https:\/\/hookahshop.lt\/pl\/wp-json\/wp\/v2\/media?parent=33163"}],"curies":[{"name":"wp","href":"https:\/\/api.w.org\/{rel}","templated":true}]}}