{"id":33170,"date":"2022-08-18T21:52:02","date_gmt":"2022-08-18T18:52:02","guid":{"rendered":"https:\/\/hookahshop.lt\/?post_type=product&#038;p=33170"},"modified":"2026-04-14T23:29:30","modified_gmt":"2026-04-14T20:29:30","slug":"kolba-kaljanui-crystal-craft-mini","status":"publish","type":"product","link":"https:\/\/hookahshop.lt\/pl\/produkt\/kolba-do-sziszy-krysztalowej-mini\/","title":{"rendered":"Crystal Craft Mini kolba do fajki wodnej"},"content":{"rendered":"<h2>Crystal Craft Mini kolba do fajki wodnej<\/h2>\n<p>Ta mini kolba jest produkowana w firmie w Czechach i jest wykonana z prawdziwego czeskiego szk\u0142a kryszta\u0142owego. Kolba nie jest malowana, co oznacza, \u017ce pos\u0142u\u017cy Ci przez wiele lat. Nadaje si\u0119 do u\u017cytku z ka\u017cd\u0105 mini fajk\u0105 wodn\u0105.<\/p>\n<p>Czy masz jakie\u015b pytania? Skontaktuj si\u0119 z nami\u00a0<a href=\"https:\/\/hookahshop.lt\/pl\/lacznosc\/\">strona z kontaktami<\/a>\u00a0lub napisz do nas na adres\u00a0<a href=\"https:\/\/facebook.com\/HookahShop.lt\/\" target=\"_blank\" rel=\"noopener\">konto na Facebooku<\/a>\u00a0a my odpowiemy na Twoj\u0105 pro\u015bb\u0119 tego samego dnia.<\/p>","protected":false},"excerpt":{"rendered":"<p>Mini piersi\u00f3wka Crystal Craft Ta mini piersi\u00f3wka produkowana jest w czeskiej firmie i wykonana jest z prawdziwego artystycznego szk\u0142a kryszta\u0142owego. Kolba nie jest malowana, co oznacza, \u017ce b\u0119dzie Ci s\u0142u\u017cy\u0107 przez wiele lat. Nadaje si\u0119 do stosowania z ka\u017cd\u0105 mini szisz\u0105 wodn\u0105. Czy masz jakie\u015b pytania? Skontaktuj si\u0119 z nami na stronie kontaktowej lub napisz do nas na naszym koncie na Facebooku, a my odpowiemy na Twoj\u0105 pro\u015bb\u0119 jeszcze tego samego dnia.<\/p>","protected":false},"featured_media":33171,"comment_status":"open","ping_status":"closed","template":"","meta":[],"_links":{"self":[{"href":"https:\/\/hookahshop.lt\/pl\/wp-json\/wp\/v2\/product\/33170"}],"collection":[{"href":"https:\/\/hookahshop.lt\/pl\/wp-json\/wp\/v2\/product"}],"about":[{"href":"https:\/\/hookahshop.lt\/pl\/wp-json\/wp\/v2\/types\/product"}],"replies":[{"embeddable":true,"href":"https:\/\/hookahshop.lt\/pl\/wp-json\/wp\/v2\/comments?post=33170"}],"version-history":[{"count":3,"href":"https:\/\/hookahshop.lt\/pl\/wp-json\/wp\/v2\/product\/33170\/revisions"}],"predecessor-version":[{"id":33173,"href":"https:\/\/hookahshop.lt\/pl\/wp-json\/wp\/v2\/product\/33170\/revisions\/33173"}],"wp:featuredmedia":[{"embeddable":true,"href":"https:\/\/hookahshop.lt\/pl\/wp-json\/wp\/v2\/media\/33171"}],"wp:attachment":[{"href":"https:\/\/hookahshop.lt\/pl\/wp-json\/wp\/v2\/media?parent=33170"}],"curies":[{"name":"wp","href":"https:\/\/api.w.org\/{rel}","templated":true}]}}