{"id":33176,"date":"2022-08-19T11:01:25","date_gmt":"2022-08-19T08:01:25","guid":{"rendered":"https:\/\/hookahshop.lt\/?post_type=product&#038;p=33176"},"modified":"2025-11-06T21:01:15","modified_gmt":"2025-11-06T19:01:15","slug":"yla-kaljano-tabakui-maklaud-baby-blady","status":"publish","type":"product","link":"https:\/\/hookahshop.lt\/pl\/produkt\/yla-szisza-tyton-maklaud-baby-blady\/","title":{"rendered":"Yla do fajki tytoniowej MAKLAUD Baby Blady"},"content":{"rendered":"<h2>Yla do fajki tytoniowej MAKLAUD Baby Blady<\/h2>\n<p>Yla to niezb\u0119dny dodatek do wygodnej pracy z mieszank\u0105 szk\u0142a i fajki wodnej. Wygodnie le\u017cy w d\u0142oni. Elegancki dodatek dla fan\u00f3w MAKLAUD. Wykonany z mosi\u0105dzu i ozdobiony kamieniem fianite.<\/p>\n<p><strong>Specyfikacje:<\/strong><br \/>\nD\u0142ugo\u015b\u0107: 82mm<br \/>\nD\u0142ugo\u015b\u0107 uchwytu: 20mm<br \/>\nWaga: ok. 5g.<\/p>\n<p>Czy masz jakie\u015b pytania? Skontaktuj si\u0119 z nami\u00a0<a href=\"https:\/\/hookahshop.lt\/pl\/lacznosc\/\">strona z kontaktami<\/a>\u00a0lub napisz do nas na adres\u00a0<a href=\"https:\/\/facebook.com\/HookahShop.lt\/\" target=\"_blank\" rel=\"noopener noreferrer\">konto na Facebooku<\/a>\u00a0a my odpowiemy na Twoj\u0105 pro\u015bb\u0119 tego samego dnia.<\/p>\n<p>&nbsp;<\/p>","protected":false},"excerpt":{"rendered":"<p>Yla do tytoniu do fajki wodnej MAKLAUD Baby Blady Yla to niezb\u0119dny dodatek do komfortowej pracy z kubkiem i mieszank\u0105 do fajki wodnej. Wygodnie le\u017cy w d\u0142oni. Elegancki dodatek dla fan\u00f3w MAKLAUD. Wykonany z mosi\u0105dzu i ozdobiony kamieniem narzeczonym. Dane techniczne: D\u0142ugo\u015b\u0107: 82 mm D\u0142ugo\u015b\u0107 r\u0105czki: 20 mm Waga: oko\u0142o 5g. Czy masz jakie\u015b pytania? Skontaktuj si\u0119 z nami na stronie kontaktowej lub napisz do nas na naszym koncie na Facebooku, a my odpowiemy na Twoje [...]<\/p>","protected":false},"featured_media":33177,"comment_status":"open","ping_status":"closed","template":"","meta":[],"_links":{"self":[{"href":"https:\/\/hookahshop.lt\/pl\/wp-json\/wp\/v2\/product\/33176"}],"collection":[{"href":"https:\/\/hookahshop.lt\/pl\/wp-json\/wp\/v2\/product"}],"about":[{"href":"https:\/\/hookahshop.lt\/pl\/wp-json\/wp\/v2\/types\/product"}],"replies":[{"embeddable":true,"href":"https:\/\/hookahshop.lt\/pl\/wp-json\/wp\/v2\/comments?post=33176"}],"version-history":[{"count":2,"href":"https:\/\/hookahshop.lt\/pl\/wp-json\/wp\/v2\/product\/33176\/revisions"}],"predecessor-version":[{"id":37891,"href":"https:\/\/hookahshop.lt\/pl\/wp-json\/wp\/v2\/product\/33176\/revisions\/37891"}],"wp:featuredmedia":[{"embeddable":true,"href":"https:\/\/hookahshop.lt\/pl\/wp-json\/wp\/v2\/media\/33177"}],"wp:attachment":[{"href":"https:\/\/hookahshop.lt\/pl\/wp-json\/wp\/v2\/media?parent=33176"}],"curies":[{"name":"wp","href":"https:\/\/api.w.org\/{rel}","templated":true}]}}