{"id":33185,"date":"2022-08-20T13:34:09","date_gmt":"2022-08-20T10:34:09","guid":{"rendered":"https:\/\/hookahshop.lt\/?post_type=product&#038;p=33185"},"modified":"2026-04-18T23:29:18","modified_gmt":"2026-04-18T20:29:18","slug":"apsauginis-sietelis-kaljanui-white","status":"publish","type":"product","link":"https:\/\/hookahshop.lt\/pl\/produkt\/sitko-ochronne-do-sziszy-biale\/","title":{"rendered":"Sitko ochronne do fajki wodnej Bia\u0142e"},"content":{"rendered":"<h2>Sitko ochronne do fajki wodnej Bia\u0142e<\/h2>\n<p>Chroni pod\u0142ogi, dywany, meble itp. od roz\u017carzonych w\u0119gli nie spalaj\u0105cych si\u0119 przy paleniu w domu, na tarasie.<\/p>\n<p><strong>Charakterystyka:<\/strong><\/p>\n<p>Materia\u0142: metal;<br \/>\nWysoko\u015b\u0107: 200 mm.<br \/>\n\u015arednica: 95mm.<br \/>\nWaga: oko\u0142o 100 gr.<\/p>\n<p>Czy masz jakie\u015b pytania? Skontaktuj si\u0119 z nami\u00a0<a href=\"https:\/\/hookahshop.lt\/pl\/lacznosc\/\">strona z kontaktami<\/a>\u00a0lub napisz do nas na adres\u00a0<a href=\"https:\/\/facebook.com\/HookahShop.lt\/\" target=\"_blank\" rel=\"noopener noreferrer\">konto na Facebooku<\/a>\u00a0a my odpowiemy na Twoj\u0105 pro\u015bb\u0119 tego samego dnia.<\/p>","protected":false},"excerpt":{"rendered":"<p>Sitko ochronne do fajki wodnej Bia\u0142e Chroni pod\u0142ogi, dywany, meble itp. od roz\u017carzonych w\u0119gli nie pal\u0105cych Twojego mienia podczas palenia w domu, na tarasie. Charakterystyka: Materia\u0142: metal Wysoko\u015b\u0107: 200 mm. \u015arednica: 95mm. Waga: oko\u0142o 100 gr. Czy masz jakie\u015b pytania? Skontaktuj si\u0119 z nami na stronie kontaktowej lub napisz do nas na naszym koncie na Facebooku, a my odpowiemy na Twoj\u0105 pro\u015bb\u0119 jeszcze tego samego dnia.<\/p>","protected":false},"featured_media":33186,"comment_status":"open","ping_status":"closed","template":"","meta":[],"_links":{"self":[{"href":"https:\/\/hookahshop.lt\/pl\/wp-json\/wp\/v2\/product\/33185"}],"collection":[{"href":"https:\/\/hookahshop.lt\/pl\/wp-json\/wp\/v2\/product"}],"about":[{"href":"https:\/\/hookahshop.lt\/pl\/wp-json\/wp\/v2\/types\/product"}],"replies":[{"embeddable":true,"href":"https:\/\/hookahshop.lt\/pl\/wp-json\/wp\/v2\/comments?post=33185"}],"version-history":[{"count":3,"href":"https:\/\/hookahshop.lt\/pl\/wp-json\/wp\/v2\/product\/33185\/revisions"}],"predecessor-version":[{"id":33190,"href":"https:\/\/hookahshop.lt\/pl\/wp-json\/wp\/v2\/product\/33185\/revisions\/33190"}],"wp:featuredmedia":[{"embeddable":true,"href":"https:\/\/hookahshop.lt\/pl\/wp-json\/wp\/v2\/media\/33186"}],"wp:attachment":[{"href":"https:\/\/hookahshop.lt\/pl\/wp-json\/wp\/v2\/media?parent=33185"}],"curies":[{"name":"wp","href":"https:\/\/api.w.org\/{rel}","templated":true}]}}