{"id":33201,"date":"2022-08-20T13:56:35","date_gmt":"2022-08-20T10:56:35","guid":{"rendered":"https:\/\/hookahshop.lt\/?post_type=product&#038;p=33201"},"modified":"2026-04-26T23:29:55","modified_gmt":"2026-04-26T20:29:55","slug":"apsauginis-sietelis-kaljanui-green","status":"publish","type":"product","link":"https:\/\/hookahshop.lt\/pl\/produkt\/sitko-ochronne-do-sziszy-zielone\/","title":{"rendered":"Sitko ochronne do fajki wodnej Zielone"},"content":{"rendered":"<h2>Sitko ochronne do fajki wodnej Zielone<\/h2>\n<p>Chroni pod\u0142ogi, dywany, meble itp. od roz\u017carzonych w\u0119gli nie spalaj\u0105cych si\u0119 przy paleniu w domu, na tarasie.<\/p>\n<p><strong>Charakterystyka:<\/strong><\/p>\n<p>Materia\u0142: metal;<br \/>\nWysoko\u015b\u0107: 200 mm.<br \/>\n\u015arednica: 95mm.<br \/>\nWaga: oko\u0142o 100 gr.<\/p>\n<p>Czy masz jakie\u015b pytania? Skontaktuj si\u0119 z nami\u00a0<a href=\"https:\/\/hookahshop.lt\/pl\/lacznosc\/\">strona z kontaktami<\/a>\u00a0lub napisz do nas na adres\u00a0<a href=\"https:\/\/facebook.com\/HookahShop.lt\/\" target=\"_blank\" rel=\"noopener noreferrer\">konto na Facebooku<\/a>\u00a0a my odpowiemy na Twoj\u0105 pro\u015bb\u0119 tego samego dnia.<\/p>","protected":false},"excerpt":{"rendered":"<p>Sitko ochronne do fajki wodnej Zielone Chroni pod\u0142ogi, dywany, meble itp. z tego, \u017ce roz\u017carzone w\u0119gle nie spalaj\u0105 Twojego mienia pal\u0105c w domu, na tarasie. Charakterystyka: Materia\u0142: metal Wysoko\u015b\u0107: 200 mm. \u015arednica: 95 mm. Waga: oko\u0142o 100 gr. Czy masz jakie\u015b pytania? Skontaktuj si\u0119 z nami na stronie kontaktowej lub napisz do nas na Facebooku, a my odpowiemy na Twoj\u0105 pro\u015bb\u0119 jeszcze tego samego dnia.<\/p>","protected":false},"featured_media":33202,"comment_status":"open","ping_status":"closed","template":"","meta":[],"_links":{"self":[{"href":"https:\/\/hookahshop.lt\/pl\/wp-json\/wp\/v2\/product\/33201"}],"collection":[{"href":"https:\/\/hookahshop.lt\/pl\/wp-json\/wp\/v2\/product"}],"about":[{"href":"https:\/\/hookahshop.lt\/pl\/wp-json\/wp\/v2\/types\/product"}],"replies":[{"embeddable":true,"href":"https:\/\/hookahshop.lt\/pl\/wp-json\/wp\/v2\/comments?post=33201"}],"version-history":[{"count":4,"href":"https:\/\/hookahshop.lt\/pl\/wp-json\/wp\/v2\/product\/33201\/revisions"}],"predecessor-version":[{"id":44689,"href":"https:\/\/hookahshop.lt\/pl\/wp-json\/wp\/v2\/product\/33201\/revisions\/44689"}],"wp:featuredmedia":[{"embeddable":true,"href":"https:\/\/hookahshop.lt\/pl\/wp-json\/wp\/v2\/media\/33202"}],"wp:attachment":[{"href":"https:\/\/hookahshop.lt\/pl\/wp-json\/wp\/v2\/media?parent=33201"}],"curies":[{"name":"wp","href":"https:\/\/api.w.org\/{rel}","templated":true}]}}