{"id":33206,"date":"2022-08-20T15:04:49","date_gmt":"2022-08-20T12:04:49","guid":{"rendered":"https:\/\/hookahshop.lt\/?post_type=product&#038;p=33206"},"modified":"2026-05-14T23:29:43","modified_gmt":"2026-05-14T20:29:43","slug":"kaljanas-mamay-customs-coilover-mini-space","status":"publish","type":"product","link":"https:\/\/hookahshop.lt\/pl\/produkt\/hookah-mamay-customs-coilover-mini-space\/","title":{"rendered":"Szisza MAMAY Customs Coilover Mini Space"},"content":{"rendered":"<h2>Szisza MAMAY Customs Coilover Mini Space<\/h2>\n<p>Znana jest wi\u0119kszo\u015bci entuzjast\u00f3w fajki wodnej, poniewa\u017c jest ju\u017c znana na ca\u0142ym \u015bwiecie. Marka Mamay to nie tylko wysokiej klasy fajki wodne w Rosji, ale Mamay Customs zyska\u0142a r\u00f3wnie\u017c popularno\u015b\u0107 w ca\u0142ej Europie. Wynika to prawdopodobnie z doskona\u0142ej koncepcji i jako\u015bci. Szisza wykonana jest ze stali nierdzewnej i element\u00f3w z tworzywa sztucznego, a tak\u017ce ma przy\u0142\u0105cze do w\u0119\u017ca, jak zwykle w przypadku fajki wodnej z Rosji. Opr\u00f3cz przy\u0142\u0105cza w\u0119\u017ca w wale znajduj\u0105 si\u0119 dwa inne elementy. Najpierw zaw\u00f3r wydmuchowy i z\u0142\u0105cze w\u0119\u017ca, kt\u00f3re s\u0142u\u017cy jako uchwyt w\u0119\u017ca. Szisza ma trzonek ze stali nierdzewnej, kt\u00f3ry jest pokryty plastikiem, ale to nie wszystko! Wok\u00f3\u0142 masztu znajduje si\u0119 imitacja amortyzatora samochodowego, kt\u00f3ry jest nietypowym detalem konstrukcyjnym, kt\u00f3ry mo\u017ce wyst\u0119powa\u0107 w r\u00f3\u017cnych kolorach.<\/p>\n<p><strong>Specyfikacja:<\/strong><\/p>\n<p>Materia\u0142: stal nierdzewna, plastik.<br \/>\nDyfuzor: tak<br \/>\nWysoko\u015b\u0107: 50 cm<\/p>\n<p><strong>Ekwipunek:<\/strong><\/p>\n<ul>\n<li>Wa\u0142ek do fajki wodnej, p\u0142yta;<\/li>\n<li>Ustnik;<\/li>\n<li>Uszczelki.<\/li>\n<\/ul>\n<p><em><strong>Dodatkowo musisz dokupi\u0107: w\u0105\u017c i kolb\u0119.<\/strong><\/em><\/p>\n<p><img decoding=\"async\" loading=\"lazy\" class=\"alignnone size-medium wp-image-38522\" src=\"https:\/\/hookahshop.lt\/wp-content\/uploads\/2020\/09\/stiebas-kandiklis-1-300x273.jpg\" alt=\"- hookahshop.lt\" width=\"300\" height=\"273\" srcset=\"https:\/\/hookahshop.lt\/wp-content\/uploads\/2020\/09\/stiebas-kandiklis-1-300x273.jpg 300w, https:\/\/hookahshop.lt\/wp-content\/uploads\/2020\/09\/stiebas-kandiklis-1-13x12.jpg 13w, https:\/\/hookahshop.lt\/wp-content\/uploads\/2020\/09\/stiebas-kandiklis-1-64x58.jpg 64w, https:\/\/hookahshop.lt\/wp-content\/uploads\/2020\/09\/stiebas-kandiklis-1.jpg 420w\" sizes=\"(max-width: 300px) 100vw, 300px\" title=\"\"><\/p>\n<p>Czy masz jakie\u015b pytania? Skontaktuj si\u0119 z nami\u00a0<a href=\"https:\/\/hookahshop.lt\/pl\/lacznosc\/\">strona z kontaktami<\/a>\u00a0lub napisz do nas na adres\u00a0<a href=\"https:\/\/facebook.com\/HookahShop.lt\/\" target=\"_blank\" rel=\"noopener noreferrer\">konto na Facebooku<\/a>\u00a0a my odpowiemy na Twoj\u0105 pro\u015bb\u0119 tego samego dnia.<\/p>","protected":false},"excerpt":{"rendered":"<p>Fajka wodna MAMAY Customs Coilover Mini Space Znana wi\u0119kszo\u015bci mi\u0142o\u015bnik\u00f3w fajek wodnych, poniewa\u017c znana jest ju\u017c na ca\u0142ym \u015bwiecie. Marka Mamay to nie tylko wysokiej klasy fajka wodna w Rosji, ale Mamay Customs zyska\u0142a popularno\u015b\u0107 tak\u017ce w ca\u0142ej Europie. Prawdopodobnie wynika to z doskona\u0142ej koncepcji i jako\u015bci. Szisza wykonana jest ze stali nierdzewnej i element\u00f3w z tworzywa sztucznego, posiada r\u00f3wnie\u017c w\u0119\u017cyk [\u2026]<\/p>","protected":false},"featured_media":33207,"comment_status":"open","ping_status":"closed","template":"","meta":[],"_links":{"self":[{"href":"https:\/\/hookahshop.lt\/pl\/wp-json\/wp\/v2\/product\/33206"}],"collection":[{"href":"https:\/\/hookahshop.lt\/pl\/wp-json\/wp\/v2\/product"}],"about":[{"href":"https:\/\/hookahshop.lt\/pl\/wp-json\/wp\/v2\/types\/product"}],"replies":[{"embeddable":true,"href":"https:\/\/hookahshop.lt\/pl\/wp-json\/wp\/v2\/comments?post=33206"}],"version-history":[{"count":5,"href":"https:\/\/hookahshop.lt\/pl\/wp-json\/wp\/v2\/product\/33206\/revisions"}],"predecessor-version":[{"id":36353,"href":"https:\/\/hookahshop.lt\/pl\/wp-json\/wp\/v2\/product\/33206\/revisions\/36353"}],"wp:featuredmedia":[{"embeddable":true,"href":"https:\/\/hookahshop.lt\/pl\/wp-json\/wp\/v2\/media\/33207"}],"wp:attachment":[{"href":"https:\/\/hookahshop.lt\/pl\/wp-json\/wp\/v2\/media?parent=33206"}],"curies":[{"name":"wp","href":"https:\/\/api.w.org\/{rel}","templated":true}]}}