{"id":33412,"date":"2022-09-15T12:42:39","date_gmt":"2022-09-15T09:42:39","guid":{"rendered":"https:\/\/hookahshop.lt\/?post_type=product&#038;p=33412"},"modified":"2026-04-15T23:29:25","modified_gmt":"2026-04-15T20:29:25","slug":"taurele-kaljanui-oblako-flow-metallic-black","status":"publish","type":"product","link":"https:\/\/hookahshop.lt\/pl\/produkt\/filizanka-szisza-oblako-flow-metaliczna-czarna\/","title":{"rendered":"Miska na fajki wodne OBLAKO Flow Metallic Black"},"content":{"rendered":"<h2>Miska na fajki wodne OBLAKO Flow Metallic Black<\/h2>\n<p>Znana z niezwykle stylowych miseczek firma Oblako wypu\u015bci\u0142a produkt, kt\u00f3ry zadowoli niemal ka\u017cdego fana fajki wodnej, nie tylko ze wzgl\u0119du na swoj\u0105 niezawodno\u015b\u0107 i uniwersalno\u015b\u0107, ale tak\u017ce ze wzgl\u0119du na wygl\u0105d Oblako FLOW. Jest to nowa generacja kubka typu phunnel do fajki wodnej. Wykonany na zasadzie standardowego typu thunnel z jednym otworem i ma\u0142\u0105 dodatkow\u0105 czerwon\u0105 cz\u0119\u015bci\u0105 maj\u0105c\u0105 na celu u\u0142atwienie procesu dodawania mieszanki fajki wodnej do kubka fajki wodnej bez utraty mieszanki do fajki wodnej. Poniewa\u017c otw\u00f3r od g\u00f3ry jest zamykany za pomoc\u0105 dodatkowej cz\u0119\u015bci, mieszanka fajki wodnej nie wpadnie do otworu jak w normalnym kubku typu thunnel. Przygotowanie tego kubka b\u0119dzie szybsze i jeszcze \u0142atwiejsze.<br \/>\nOBLAKO u\u017cywa tylko przyjaznej dla cz\u0142owieka glazury spo\u017cywczej opracowanej przez partner\u00f3w w wyspecjalizowanych laboratoriach zlokalizowanych w Gzhelskoye, jednym z tradycyjnych rosyjskich o\u015brodk\u00f3w produkcji ceramiki.<br \/>\nKubek tytoniu mie\u015bci: 18-23 g.<\/p>\n<p><strong>Specyfikacje:<\/strong><br \/>\nMateria\u0142: glina<br \/>\nGatunek: thunnel<br \/>\nWysoko\u015b\u0107: 12 cm<br \/>\n\u015arednica (g\u00f3ra): 6 cm<br \/>\n\u015arednica (\u0142odyga): 2,8 cm<br \/>\nLiczba otwor\u00f3w: 1<\/p>\n<p>Czy masz jakie\u015b pytania? Skontaktuj si\u0119 z nami\u00a0<a href=\"https:\/\/hookahshop.lt\/pl\/lacznosc\/\">strona z kontaktami<\/a>\u00a0lub napisz do nas na adres\u00a0<a href=\"https:\/\/facebook.com\/HookahShop.lt\/\" target=\"_blank\" rel=\"noopener noreferrer\">konto na Facebooku<\/a>\u00a0a my odpowiemy na Twoj\u0105 pro\u015bb\u0119 tego samego dnia.<\/p>\n<p>&nbsp;<\/p>","protected":false},"excerpt":{"rendered":"<p>Kubek do fajki wodnej OBLAKO Flow Metallic Black Firma Oblako s\u0142yn\u0105ca z niezwykle stylowych kubk\u00f3w, wypu\u015bci\u0142a na rynek produkt, kt\u00f3ry zadowoli niemal ka\u017cdego fana fajki wodnej, nie tylko ze wzgl\u0119du na swoj\u0105 niezawodno\u015b\u0107 i uniwersalno\u015b\u0107, ale tak\u017ce ze wzgl\u0119du na wygl\u0105d Oblako FLOW. To nowa generacja kubka phunnel do fajki wodnej. Wykonany na zasadzie standardowego typu lejka z jednym otworem i ma\u0142\u0105 dodatkow\u0105 czerwon\u0105 cz\u0119\u015bci\u0105 u\u0142atwiaj\u0105c\u0105 [\u2026]<\/p>","protected":false},"featured_media":33413,"comment_status":"open","ping_status":"closed","template":"","meta":[],"_links":{"self":[{"href":"https:\/\/hookahshop.lt\/pl\/wp-json\/wp\/v2\/product\/33412"}],"collection":[{"href":"https:\/\/hookahshop.lt\/pl\/wp-json\/wp\/v2\/product"}],"about":[{"href":"https:\/\/hookahshop.lt\/pl\/wp-json\/wp\/v2\/types\/product"}],"replies":[{"embeddable":true,"href":"https:\/\/hookahshop.lt\/pl\/wp-json\/wp\/v2\/comments?post=33412"}],"version-history":[{"count":3,"href":"https:\/\/hookahshop.lt\/pl\/wp-json\/wp\/v2\/product\/33412\/revisions"}],"predecessor-version":[{"id":33436,"href":"https:\/\/hookahshop.lt\/pl\/wp-json\/wp\/v2\/product\/33412\/revisions\/33436"}],"wp:featuredmedia":[{"embeddable":true,"href":"https:\/\/hookahshop.lt\/pl\/wp-json\/wp\/v2\/media\/33413"}],"wp:attachment":[{"href":"https:\/\/hookahshop.lt\/pl\/wp-json\/wp\/v2\/media?parent=33412"}],"curies":[{"name":"wp","href":"https:\/\/api.w.org\/{rel}","templated":true}]}}