{"id":33416,"date":"2022-09-15T13:20:58","date_gmt":"2022-09-15T10:20:58","guid":{"rendered":"https:\/\/hookahshop.lt\/?post_type=product&#038;p=33416"},"modified":"2026-04-15T23:29:25","modified_gmt":"2026-04-15T20:29:25","slug":"taurele-kaljanui-oblako-mono-killer-black","status":"publish","type":"product","link":"https:\/\/hookahshop.lt\/pl\/produkt\/kubek-szisza-chmura-mono-zabojca-czarny\/","title":{"rendered":"Miska na fajki wodne OBLAKO Mono Killer Black"},"content":{"rendered":"<h2>Miska na fajki wodne OBLAKO Mono Killer Black<\/h2>\n<p>To zaktualizowany produkt firmy Oblako. Monolityczny szklany kubek z efektem deszczu.<br \/>\nZe wzgl\u0119du na p\u0142ytk\u0105 g\u0142\u0119boko\u015b\u0107 i szeroko\u015b\u0107 kubka, mieszanka fajki wodnej nagrzewa si\u0119 r\u00f3wnomiernie na ca\u0142ej powierzchni, co pozwala na maksymalny transfer nikotyny i zapewnia maksymaln\u0105 wytrzyma\u0142o\u015b\u0107 podczas palenia. Kubek wykonany jest z niskotemperaturowej, barwionej porcelany, obszar roboczy pokryty jest bia\u0142\u0105 glazur\u0105.<br \/>\nFili\u017canka tytoniu zawiera 18-21 g.<\/p>\n<p>Specyfikacje:<br \/>\nWysoko\u015b\u0107: 111 mm<br \/>\n\u015arednica (zewn\u0119trzna): 74 mm<br \/>\n\u015arednica (wewn\u0119trzna): 61mm<br \/>\nG\u0142\u0119boko\u015b\u0107: 13mm<br \/>\n\u015arednica otworu: 7mm<br \/>\nLiczba otwor\u00f3w: 5 szt<br \/>\nWaga: oko\u0142o 197 g.<\/p>\n<p>Czy masz jakie\u015b pytania? Skontaktuj si\u0119 z nami\u00a0<a href=\"https:\/\/hookahshop.lt\/pl\/lacznosc\/\">strona z kontaktami<\/a>\u00a0lub napisz do nas na adres\u00a0<a href=\"https:\/\/facebook.com\/HookahShop.lt\/\" target=\"_blank\" rel=\"noopener noreferrer\">konto na Facebooku<\/a>\u00a0a my odpowiemy na Twoj\u0105 pro\u015bb\u0119 tego samego dnia.<\/p>","protected":false},"excerpt":{"rendered":"<p>Fili\u017canka do fajki wodnej OBLAKO Mono Killer Black Jest to odnowiony produkt firmy Oblako. Monolityczny, kolorowy, przeszklony kubek z efektem deszczu. Dzi\u0119ki ma\u0142ej g\u0142\u0119boko\u015bci i szeroko\u015bci kubka, mieszanka fajki wodnej nagrzewa si\u0119 r\u00f3wnomiernie na ca\u0142ej powierzchni, co pozwala na maksymalne dostarczenie nikotyny i zapewnia maksymaln\u0105 si\u0142\u0119 podczas palenia. Kubek wykonany jest z porcelany barwionej w niskich temperaturach, obszar roboczy pokryty jest bia\u0142\u0105 emali\u0105. Fili\u017canka [\u2026]<\/p>","protected":false},"featured_media":33420,"comment_status":"open","ping_status":"closed","template":"","meta":[],"_links":{"self":[{"href":"https:\/\/hookahshop.lt\/pl\/wp-json\/wp\/v2\/product\/33416"}],"collection":[{"href":"https:\/\/hookahshop.lt\/pl\/wp-json\/wp\/v2\/product"}],"about":[{"href":"https:\/\/hookahshop.lt\/pl\/wp-json\/wp\/v2\/types\/product"}],"replies":[{"embeddable":true,"href":"https:\/\/hookahshop.lt\/pl\/wp-json\/wp\/v2\/comments?post=33416"}],"version-history":[{"count":4,"href":"https:\/\/hookahshop.lt\/pl\/wp-json\/wp\/v2\/product\/33416\/revisions"}],"predecessor-version":[{"id":33437,"href":"https:\/\/hookahshop.lt\/pl\/wp-json\/wp\/v2\/product\/33416\/revisions\/33437"}],"wp:featuredmedia":[{"embeddable":true,"href":"https:\/\/hookahshop.lt\/pl\/wp-json\/wp\/v2\/media\/33420"}],"wp:attachment":[{"href":"https:\/\/hookahshop.lt\/pl\/wp-json\/wp\/v2\/media?parent=33416"}],"curies":[{"name":"wp","href":"https:\/\/api.w.org\/{rel}","templated":true}]}}