{"id":33428,"date":"2022-09-15T15:05:28","date_gmt":"2022-09-15T12:05:28","guid":{"rendered":"https:\/\/hookahshop.lt\/?post_type=product&#038;p=33428"},"modified":"2026-04-14T23:29:31","modified_gmt":"2026-04-14T20:29:31","slug":"kaljanas-alpha-hookah-beat-splash-doc","status":"publish","type":"product","link":"https:\/\/hookahshop.lt\/pl\/produkt\/hookah-alpha-hookah-beat-splash-doc\/","title":{"rendered":"Fajka wodna ALPHA HOOKAH Beat Splash Doc"},"content":{"rendered":"<h2>Fajka wodna ALPHA HOOKAH Beat Splash Doc<\/h2>\n<p>Seria specjalna dla modelu BEAT. Tym modelem producent wnosi w \u015bwiat kolory i emocje. B\u0105d\u017a jasny dzi\u0119ki BEAT SPLASH!<\/p>\n<p><strong>Ekwipunek:<\/strong><br \/>\nWa\u0142<br \/>\nUstnik<br \/>\nP\u0142yta (grawerowana)<br \/>\nW\u0105\u017c silikonowy (mi\u0119kki w dotyku)<br \/>\nDyfuzor<br \/>\nPo\u0142\u0105czenie magnetyczne<br \/>\nKolba (przezroczysta)<\/p>\n<p><strong>U\u017cyte materia\u0142y:<\/strong><br \/>\nWysokiej jako\u015bci stal nierdzewna, poliacetal.<\/p>\n<p><strong>Wymiary:<\/strong><br \/>\nWewn\u0119trzna \u015brednica wa\u0142u: 11 mm.<br \/>\n\u015arednica talerza: 17 cm.<br \/>\nWysoko\u015b\u0107 fajki wodnej z kolb\u0105: 35 cm.<\/p>\n<p>&nbsp;<\/p>\n<p>Czy masz jakie\u015b pytania? Skontaktuj si\u0119 z nami\u00a0<a href=\"https:\/\/hookahshop.lt\/pl\/lacznosc\/\">strona z kontaktami<\/a>\u00a0lub napisz do nas na adres\u00a0<a href=\"https:\/\/facebook.com\/HookahShop.lt\/\" target=\"_blank\" rel=\"noopener noreferrer\">konto na Facebooku<\/a>\u00a0a my odpowiemy na Twoj\u0105 pro\u015bb\u0119 tego samego dnia.<\/p>","protected":false},"excerpt":{"rendered":"<p>Fajka wodna ALPHA HOOKAH Beat Splash Doc Specjalna seria dla modelu BEAT. Tym modelem producent wnosi w \u015bwiat kolory i emocje. B\u0105d\u017a jasny dzi\u0119ki BEAT SPLASH! Kompletny zestaw: Trzpie\u0144 Ustnik P\u0142ytka (grawerowana) W\u0105\u017c silikonowy (Soft Touch) Dyfuzor Z\u0142\u0105cze magnetyczne Kolba (przezroczysta) U\u017cyte materia\u0142y: Wysokiej jako\u015bci stal nierdzewna, poliacetal. Wymiary: \u015arednica wewn\u0119trzna wa\u0142u: 11 mm. \u015arednica talerza: 17 cm. Wysoko\u015b\u0107 fajki wodnej [\u2026]<\/p>","protected":false},"featured_media":33429,"comment_status":"open","ping_status":"closed","template":"","meta":[],"_links":{"self":[{"href":"https:\/\/hookahshop.lt\/pl\/wp-json\/wp\/v2\/product\/33428"}],"collection":[{"href":"https:\/\/hookahshop.lt\/pl\/wp-json\/wp\/v2\/product"}],"about":[{"href":"https:\/\/hookahshop.lt\/pl\/wp-json\/wp\/v2\/types\/product"}],"replies":[{"embeddable":true,"href":"https:\/\/hookahshop.lt\/pl\/wp-json\/wp\/v2\/comments?post=33428"}],"version-history":[{"count":4,"href":"https:\/\/hookahshop.lt\/pl\/wp-json\/wp\/v2\/product\/33428\/revisions"}],"predecessor-version":[{"id":37003,"href":"https:\/\/hookahshop.lt\/pl\/wp-json\/wp\/v2\/product\/33428\/revisions\/37003"}],"wp:featuredmedia":[{"embeddable":true,"href":"https:\/\/hookahshop.lt\/pl\/wp-json\/wp\/v2\/media\/33429"}],"wp:attachment":[{"href":"https:\/\/hookahshop.lt\/pl\/wp-json\/wp\/v2\/media?parent=33428"}],"curies":[{"name":"wp","href":"https:\/\/api.w.org\/{rel}","templated":true}]}}