{"id":33464,"date":"2022-09-19T15:30:12","date_gmt":"2022-09-19T12:30:12","guid":{"rendered":"https:\/\/hookahshop.lt\/?post_type=product&#038;p=33464"},"modified":"2026-05-13T23:29:52","modified_gmt":"2026-05-13T20:29:52","slug":"kaljanas-el-bomber-mid-night","status":"publish","type":"product","link":"https:\/\/hookahshop.lt\/pl\/produkt\/hookah-el-bomber-mid-night\/","title":{"rendered":"Hookah EL BOMBER Mid Night"},"content":{"rendered":"<h2 align=\"left\">Hookah EL BOMBER Mid Night<\/h2>\n<p align=\"left\">Ekskluzywna fajka wodna ze stali nierdzewnej o niestandardowym kszta\u0142cie dla fan\u00f3w wy\u015bcig\u00f3w i samochod\u00f3w.<\/p>\n<p><strong>Ekwipunek:<\/strong><br \/>\nFajka wodna: 40 cm (trzon, talerz)<br \/>\nUstnik (stal nierdzewna)<br \/>\nZ\u0142\u0105cze (magnetyczne)<br \/>\nUszczelki<br \/>\nW\u0105\u017c silikonowy<br \/>\nDyfuzor<\/p>\n<p class=\"western\" align=\"left\">Czy masz jakie\u015b pytania? Skontaktuj si\u0119 z nami\u00a0<a href=\"https:\/\/hookahshop.lt\/pl\/lacznosc\/\"><span lang=\"zxx\"><u>strona z kontaktami<\/u><\/span><\/a>\u00a0lub napisz do nas na adres\u00a0<a href=\"https:\/\/facebook.com\/HookahShop.lt\/\" target=\"_blank\" rel=\"noopener\"><span lang=\"zxx\"><u>konto na Facebooku<\/u><\/span><\/a>\u00a0a my odpowiemy na Twoj\u0105 pro\u015bb\u0119 tego samego dnia.<\/p>","protected":false},"excerpt":{"rendered":"<p>Fajka wodna EL BOMBER Mid Night Ekskluzywna fajka wodna ze stali nierdzewnej o niestandardowym kszta\u0142cie dla fan\u00f3w wy\u015bcig\u00f3w i samochod\u00f3w. Kompletny zestaw: Szisza: 40cm (trzon, p\u0142ytka) Ustnik (stal nierdzewna) \u0141\u0105cznik (magnetyczny) Uszczelki W\u0105\u017c silikonowy Dyfuzor Masz pytania? Skontaktuj si\u0119 z nami na stronie kontaktowej lub napisz do nas na Facebooku, a my odpowiemy na Twoj\u0105 pro\u015bb\u0119 jeszcze tego samego dnia.<\/p>","protected":false},"featured_media":35166,"comment_status":"open","ping_status":"closed","template":"","meta":[],"_links":{"self":[{"href":"https:\/\/hookahshop.lt\/pl\/wp-json\/wp\/v2\/product\/33464"}],"collection":[{"href":"https:\/\/hookahshop.lt\/pl\/wp-json\/wp\/v2\/product"}],"about":[{"href":"https:\/\/hookahshop.lt\/pl\/wp-json\/wp\/v2\/types\/product"}],"replies":[{"embeddable":true,"href":"https:\/\/hookahshop.lt\/pl\/wp-json\/wp\/v2\/comments?post=33464"}],"version-history":[{"count":6,"href":"https:\/\/hookahshop.lt\/pl\/wp-json\/wp\/v2\/product\/33464\/revisions"}],"predecessor-version":[{"id":45852,"href":"https:\/\/hookahshop.lt\/pl\/wp-json\/wp\/v2\/product\/33464\/revisions\/45852"}],"wp:featuredmedia":[{"embeddable":true,"href":"https:\/\/hookahshop.lt\/pl\/wp-json\/wp\/v2\/media\/35166"}],"wp:attachment":[{"href":"https:\/\/hookahshop.lt\/pl\/wp-json\/wp\/v2\/media?parent=33464"}],"curies":[{"name":"wp","href":"https:\/\/api.w.org\/{rel}","templated":true}]}}