{"id":33484,"date":"2022-09-19T18:09:04","date_gmt":"2022-09-19T15:09:04","guid":{"rendered":"https:\/\/hookahshop.lt\/?post_type=product&#038;p=33484"},"modified":"2026-05-13T23:29:52","modified_gmt":"2026-05-13T20:29:52","slug":"taurele-kaljanui-kong-phunnel-godzillava","status":"publish","type":"product","link":"https:\/\/hookahshop.lt\/pl\/produkt\/kubek-szisza-kong-phunnel-godzillava\/","title":{"rendered":"Miska na fajk\u0119 wodn\u0105 KONG Phunnel Godzillava"},"content":{"rendered":"<h2>Miska na fajk\u0119 wodn\u0105 KONG Phunnel Godzillava<\/h2>\n<p>Kielich typu phunnel o jasnym i nietypowym kolorze. Ta fili\u017canka do fajki wodnej o unikalnym po\u0142\u0105czeniu kszta\u0142tu i koloru wyr\u00f3\u017cnia si\u0119 jako\u015bci\u0105 i cechami przekazywanego smaku. Ten gliniany kubek ma cienkie \u015bcianki, kt\u00f3re pozwalaj\u0105 z \u0142atwo\u015bci\u0105 kontrolowa\u0107 ciep\u0142o i cieszy\u0107 si\u0119 pe\u0142n\u0105 przyjemno\u015bci\u0105 fajki wodnej. Wysokiej jako\u015bci kubek Kong ma nie tylko ekskluzywny design, ale tak\u017ce trwa\u0142o\u015b\u0107. Cienkie \u015bcianki nie oznaczaj\u0105, \u017ce z kubka wkr\u00f3tce zacznie wycieka\u0107 syrop, bo firma Kong dba o to, aby ich kubki pos\u0142u\u017cy\u0142y d\u0142ugo.<\/p>\n<p>Pojemno\u015b\u0107: 18-23g.<\/p>\n<p><strong>Charakterystyka:<\/strong><br \/>\nWysoko\u015b\u0107: 113 mm<br \/>\n\u015arednica (zewn\u0119trzna): 79mm<br \/>\n\u015arednica (wewn\u0119trzna): 67mm<br \/>\nG\u0142\u0119boko\u015b\u0107: 16mm<br \/>\n\u015arednica otworu: 17mm<br \/>\nLiczba otwor\u00f3w: 1<br \/>\nWaga: oko\u0142o 210g.<\/p>\n<p>Czy masz jakie\u015b pytania? Skontaktuj si\u0119 z nami\u00a0<a href=\"https:\/\/hookahshop.lt\/pl\/lacznosc\/\">strona z kontaktami<\/a>\u00a0lub napisz do nas na adres\u00a0<a href=\"https:\/\/facebook.com\/HookahShop.lt\/\" target=\"_blank\" rel=\"noopener noreferrer\">konto na Facebooku<\/a>\u00a0a my odpowiemy na Twoj\u0105 pro\u015bb\u0119 tego samego dnia.<\/p>","protected":false},"excerpt":{"rendered":"<p>Kubek do fajki wodnej KONG Phunnel Godzillava Kubek typu phunnel w jasnym i nietypowym kolorze. Ta fili\u017canka do fajki wodnej o unikalnym po\u0142\u0105czeniu kszta\u0142tu i koloru wyr\u00f3\u017cnia si\u0119 jako\u015bci\u0105 i cechami przekazywanego smaku. Ten gliniany kubek ma cienkie \u015bcianki, kt\u00f3re pozwalaj\u0105 z \u0142atwo\u015bci\u0105 kontrolowa\u0107 ciep\u0142o i cieszy\u0107 si\u0119 pe\u0142n\u0105 przyjemno\u015bci\u0105 fajki wodnej. Wysokiej jako\u015bci kubek Kong to nie tylko ekskluzywny design, ale tak\u017ce [...]<\/p>","protected":false},"featured_media":33485,"comment_status":"open","ping_status":"closed","template":"","meta":[],"_links":{"self":[{"href":"https:\/\/hookahshop.lt\/pl\/wp-json\/wp\/v2\/product\/33484"}],"collection":[{"href":"https:\/\/hookahshop.lt\/pl\/wp-json\/wp\/v2\/product"}],"about":[{"href":"https:\/\/hookahshop.lt\/pl\/wp-json\/wp\/v2\/types\/product"}],"replies":[{"embeddable":true,"href":"https:\/\/hookahshop.lt\/pl\/wp-json\/wp\/v2\/comments?post=33484"}],"version-history":[{"count":3,"href":"https:\/\/hookahshop.lt\/pl\/wp-json\/wp\/v2\/product\/33484\/revisions"}],"predecessor-version":[{"id":45663,"href":"https:\/\/hookahshop.lt\/pl\/wp-json\/wp\/v2\/product\/33484\/revisions\/45663"}],"wp:featuredmedia":[{"embeddable":true,"href":"https:\/\/hookahshop.lt\/pl\/wp-json\/wp\/v2\/media\/33485"}],"wp:attachment":[{"href":"https:\/\/hookahshop.lt\/pl\/wp-json\/wp\/v2\/media?parent=33484"}],"curies":[{"name":"wp","href":"https:\/\/api.w.org\/{rel}","templated":true}]}}