{"id":33627,"date":"2022-09-30T18:48:58","date_gmt":"2022-09-30T15:48:58","guid":{"rendered":"https:\/\/hookahshop.lt\/?post_type=product&#038;p=33627"},"modified":"2026-04-16T10:21:30","modified_gmt":"2026-04-16T07:21:30","slug":"krepsys-kaljanui-vyro-one-17cm","status":"publish","type":"product","link":"https:\/\/hookahshop.lt\/pl\/produkt\/torba-na-szisze-dla-mezczyzn-jeden-17cm\/","title":{"rendered":"Torba na fajk\u0119 wodn\u0105 VYRO ONE 17cm"},"content":{"rendered":"<h2>Torba na fajk\u0119 wodn\u0105 VYRO ONE 17cm<\/h2>\n<p>Zaprojektowany specjalnie dla serii fajek wodnych Aeon VYRO One, posiada wystarczaj\u0105co du\u017co miejsca na wszystkie niezb\u0119dne akcesoria. M\u0118SKA torba podr\u00f3\u017cna pomie\u015bci wystarczaj\u0105co du\u017co miejsca na fajk\u0119 wodn\u0105 Aeon One, w\u0105\u017c, ustnik, kubek, komor\u0119 grzewcz\u0105, narz\u0119dzia do przygotowywania fili\u017canek i w\u0119giel.<\/p>\n<p><strong>Specyfikacje:<\/strong><br \/>\nWymiary: 20x22cm<br \/>\nWysoko\u015b\u0107: 17cm<br \/>\nWaga: 190g<\/p>\n<p>Czy masz jakie\u015b pytania? Skontaktuj si\u0119 z nami\u00a0<a href=\"https:\/\/hookahshop.lt\/pl\/lacznosc\/\">strona z kontaktami<\/a>\u00a0lub napisz do nas na adres\u00a0<a href=\"https:\/\/facebook.com\/HookahShop.lt\/\" target=\"_blank\" rel=\"noopener noreferrer\">konto na Facebooku<\/a>\u00a0a my odpowiemy na Twoj\u0105 pro\u015bb\u0119 tego samego dnia.<\/p>","protected":false},"excerpt":{"rendered":"<p>Torba na fajki wodne VYRO ONE 17cm Specjalnie zaprojektowana do fajek wodnych z serii Aeon VYRO One i posiada wystarczaj\u0105co du\u017co miejsca na wszystkie niezb\u0119dne akcesoria. M\u0118SKA torba podr\u00f3\u017cna ma wystarczaj\u0105co du\u017co miejsca na fajk\u0119 wodn\u0105 Aeon One, w\u0105\u017c, ustnik, kubek, komor\u0119 grzewcz\u0105, narz\u0119dzia do przygotowywania fili\u017canek i w\u0119giel. Dane techniczne: Wymiary: 20x22cm Wysoko\u015b\u0107: 17cm Waga: 190g Pytania? Skontaktuj si\u0119 z nami na stronie kontaktowej lub napisz do nas [...]<\/p>","protected":false},"featured_media":33628,"comment_status":"open","ping_status":"closed","template":"","meta":[],"_links":{"self":[{"href":"https:\/\/hookahshop.lt\/pl\/wp-json\/wp\/v2\/product\/33627"}],"collection":[{"href":"https:\/\/hookahshop.lt\/pl\/wp-json\/wp\/v2\/product"}],"about":[{"href":"https:\/\/hookahshop.lt\/pl\/wp-json\/wp\/v2\/types\/product"}],"replies":[{"embeddable":true,"href":"https:\/\/hookahshop.lt\/pl\/wp-json\/wp\/v2\/comments?post=33627"}],"version-history":[{"count":3,"href":"https:\/\/hookahshop.lt\/pl\/wp-json\/wp\/v2\/product\/33627\/revisions"}],"predecessor-version":[{"id":33657,"href":"https:\/\/hookahshop.lt\/pl\/wp-json\/wp\/v2\/product\/33627\/revisions\/33657"}],"wp:featuredmedia":[{"embeddable":true,"href":"https:\/\/hookahshop.lt\/pl\/wp-json\/wp\/v2\/media\/33628"}],"wp:attachment":[{"href":"https:\/\/hookahshop.lt\/pl\/wp-json\/wp\/v2\/media?parent=33627"}],"curies":[{"name":"wp","href":"https:\/\/api.w.org\/{rel}","templated":true}]}}