{"id":33665,"date":"2022-10-01T17:39:37","date_gmt":"2022-10-01T14:39:37","guid":{"rendered":"https:\/\/hookahshop.lt\/?post_type=product&#038;p=33665"},"modified":"2026-04-16T10:21:30","modified_gmt":"2026-04-16T07:21:30","slug":"kaljanas-alpha-hookah-misha-nardo-grey","status":"publish","type":"product","link":"https:\/\/hookahshop.lt\/pl\/produkt\/hookah-alpha-hookah-misha-nardo-szary\/","title":{"rendered":"Fajka wodna ALPHA HOOKAH Misha Nardo Grey"},"content":{"rendered":"<h2>Fajka wodna ALPHA HOOKAH Misha Nardo Grey<\/h2>\n<p>Elegancka, minimalistyczna i wysokiej jako\u015bci fajka wodna w mocnym stylu ulicznym. Ekonomiczny wyb\u00f3r dokonany przez Alpha Hookah, wiod\u0105c\u0105 na \u015bwiecie mark\u0119 fajki wodnej i producenta tej autentycznej fajki wodnej.<br \/>\nWykonany jest z wysokiej jako\u015bci stali nierdzewnej oraz poliacetalu, co gwarantuje trwa\u0142o\u015b\u0107 bez utraty swoich w\u0142a\u015bciwo\u015bci. Bez w\u0105tpienia jedn\u0105 z najwi\u0119kszych zalet tej fajki wodnej jest jej specjalny design z rycinami w stylu miejskim, jakby to by\u0142 uliczny obraz. Talerz do fajki wodnej wykonany jest ze stali nierdzewnej i pokryty czarn\u0105 farb\u0105 proszkow\u0105 wraz ze specjalnym grawerem Misha Rebel. Ciekaw\u0105 cech\u0105 talerzyka jest to, \u017ce posiada k\u00f3\u0142ko do kluczy z logo marki, co nadaje mu buntowniczego i beztroskiego charakteru.<br \/>\nZ kolei ustnik ma ergonomiczny kszta\u0142t, co znacznie u\u0142atwia jego u\u017cytkowanie.<\/p>\n<p><strong>Ekwipunek:<\/strong><br \/>\nWa\u0142<br \/>\nTalerz<br \/>\nW\u0105\u017c silikonowy<br \/>\nUstnik<br \/>\nDyfuzor<br \/>\nKolba<\/p>\n<p><img decoding=\"async\" loading=\"lazy\" class=\"alignnone size-medium wp-image-38520\" src=\"https:\/\/hookahshop.lt\/wp-content\/uploads\/2020\/09\/stiebas-kolba-zarna-kandiklis-1-300x273.jpg\" alt=\"- hookahshop.lt\" width=\"300\" height=\"273\" srcset=\"https:\/\/hookahshop.lt\/wp-content\/uploads\/2020\/09\/stiebas-kolba-zarna-kandiklis-1-300x273.jpg 300w, https:\/\/hookahshop.lt\/wp-content\/uploads\/2020\/09\/stiebas-kolba-zarna-kandiklis-1-13x12.jpg 13w, https:\/\/hookahshop.lt\/wp-content\/uploads\/2020\/09\/stiebas-kolba-zarna-kandiklis-1-64x58.jpg 64w, https:\/\/hookahshop.lt\/wp-content\/uploads\/2020\/09\/stiebas-kolba-zarna-kandiklis-1.jpg 420w\" sizes=\"(max-width: 300px) 100vw, 300px\" title=\"\"><\/p>\n<p><strong>Specyfikacje:<\/strong><br \/>\nWysoko\u015b\u0107 - 35,5 cm<br \/>\n\u015arednica - 15,9 cm<br \/>\n\u015arednica wa\u0142u - 11 mm<\/p>\n<p>Materia\u0142: stal nierdzewna, aluminium, poliacetal.<\/p>\n<p>Czy masz jakie\u015b pytania? Skontaktuj si\u0119 z nami\u00a0<a href=\"https:\/\/hookahshop.lt\/pl\/lacznosc\/\">strona z kontaktami<\/a>\u00a0lub napisz do nas na adres\u00a0<a href=\"https:\/\/facebook.com\/HookahShop.lt\/\" target=\"_blank\" rel=\"noopener noreferrer\">konto na Facebooku<\/a>\u00a0a my odpowiemy na Twoj\u0105 pro\u015bb\u0119 tego samego dnia.<\/p>","protected":false},"excerpt":{"rendered":"<p>Fajka wodna ALPHA HOOKAH Misha Nardo Szara Elegancka, minimalistyczna i wysokiej jako\u015bci fajka wodna w mocnym, ulicznym stylu. Ekonomiczny wyb\u00f3r dokonany przez Alpha Hookah, wiod\u0105c\u0105 na \u015bwiecie mark\u0119 fajek wodnych i producenta tej autentycznej fajki wodnej. Wykonany jest z wysokiej jako\u015bci stali nierdzewnej i poliacetalu, co gwarantuje trwa\u0142o\u015b\u0107 bez utraty swoich w\u0142a\u015bciwo\u015bci. Bez w\u0105tpienia jedn\u0105 z najwi\u0119kszych zalet tej fajki wodnej [\u2026]<\/p>","protected":false},"featured_media":33666,"comment_status":"open","ping_status":"closed","template":"","meta":[],"_links":{"self":[{"href":"https:\/\/hookahshop.lt\/pl\/wp-json\/wp\/v2\/product\/33665"}],"collection":[{"href":"https:\/\/hookahshop.lt\/pl\/wp-json\/wp\/v2\/product"}],"about":[{"href":"https:\/\/hookahshop.lt\/pl\/wp-json\/wp\/v2\/types\/product"}],"replies":[{"embeddable":true,"href":"https:\/\/hookahshop.lt\/pl\/wp-json\/wp\/v2\/comments?post=33665"}],"version-history":[{"count":6,"href":"https:\/\/hookahshop.lt\/pl\/wp-json\/wp\/v2\/product\/33665\/revisions"}],"predecessor-version":[{"id":37006,"href":"https:\/\/hookahshop.lt\/pl\/wp-json\/wp\/v2\/product\/33665\/revisions\/37006"}],"wp:featuredmedia":[{"embeddable":true,"href":"https:\/\/hookahshop.lt\/pl\/wp-json\/wp\/v2\/media\/33666"}],"wp:attachment":[{"href":"https:\/\/hookahshop.lt\/pl\/wp-json\/wp\/v2\/media?parent=33665"}],"curies":[{"name":"wp","href":"https:\/\/api.w.org\/{rel}","templated":true}]}}