{"id":33682,"date":"2022-10-01T18:06:26","date_gmt":"2022-10-01T15:06:26","guid":{"rendered":"https:\/\/hookahshop.lt\/?post_type=product&#038;p=33682"},"modified":"2026-04-14T23:29:31","modified_gmt":"2026-04-14T20:29:31","slug":"kaljanas-alpha-hookah-misha-lemon","status":"publish","type":"product","link":"https:\/\/hookahshop.lt\/pl\/produkt\/fajka-alfa-szisza-misza-cytryna\/","title":{"rendered":"Fajka wodna ALPHA HOOKAH Misha Lemon"},"content":{"rendered":"<h2>Fajka wodna ALPHA HOOKAH Misha Lemon<\/h2>\n<p>Elegancka, minimalistyczna i wysokiej jako\u015bci fajka wodna w mocnym stylu ulicznym. Ekonomiczny wyb\u00f3r dokonany przez Alpha Hookah, wiod\u0105c\u0105 na \u015bwiecie mark\u0119 fajki wodnej i producenta tego autentycznego klejnotu.<br \/>\nWykonany jest z wysokiej jako\u015bci stali nierdzewnej oraz poliacetalu, co gwarantuje trwa\u0142o\u015b\u0107 bez utraty swoich w\u0142a\u015bciwo\u015bci. Bez w\u0105tpienia jedn\u0105 z najwi\u0119kszych zalet tej fajki wodnej jest jej specjalny design z rycinami w stylu miejskim, jakby to by\u0142 uliczny obraz. Talerz jest r\u00f3wnie\u017c wykonany ze stali nierdzewnej i malowany proszkowo na czarno, wraz ze specjalnym grawerem Misha Rebel. Ciekaw\u0105 cech\u0105 talerzyka jest breloczek z logo marki, kt\u00f3ry nadaje mu buntowniczego i beztroskiego charakteru.<br \/>\nZ kolei ustnik ma ergonomiczny kszta\u0142t, co znacznie u\u0142atwia jego u\u017cytkowanie.<\/p>\n<p><strong>Ekwipunek:<\/strong><br \/>\nWa\u0142<br \/>\nTalerz<br \/>\nW\u0105\u017c silikonowy<br \/>\nUstnik<br \/>\nDyfuzor<br \/>\nKolba<\/p>\n<p><strong>Specyfikacje:<\/strong><br \/>\nWysoko\u015b\u0107 - 35,5 cm<br \/>\n\u015arednica - 15,9 cm<br \/>\n\u015arednica wa\u0142u - 11 mm<\/p>\n<p>Materia\u0142: stal nierdzewna, aluminium, poliacetal.<\/p>\n<p>Czy masz jakie\u015b pytania? Skontaktuj si\u0119 z nami\u00a0<a href=\"https:\/\/hookahshop.lt\/pl\/lacznosc\/\">strona z kontaktami<\/a>\u00a0lub napisz do nas na adres\u00a0<a href=\"https:\/\/facebook.com\/HookahShop.lt\/\" target=\"_blank\" rel=\"noopener noreferrer\">konto na Facebooku<\/a>\u00a0a my odpowiemy na Twoj\u0105 pro\u015bb\u0119 tego samego dnia.<\/p>","protected":false},"excerpt":{"rendered":"<p>Fajka wodna ALPHA HOOKAH Misha Lemon Elegancka, minimalistyczna i wysokiej jako\u015bci fajka wodna o mocnym, ulicznym stylu. Ekonomiczny wyb\u00f3r dokonany przez Alpha Hookah, wiod\u0105c\u0105 na \u015bwiecie mark\u0119 fajek wodnych i producenta tego autentycznego klejnotu. Wykonany jest z wysokiej jako\u015bci stali nierdzewnej i poliacetalu, co gwarantuje trwa\u0142o\u015b\u0107 bez utraty swoich w\u0142a\u015bciwo\u015bci. Bez w\u0105tpienia jedn\u0105 z najwi\u0119kszych zalet tej fajki wodnej jest [\u2026]<\/p>","protected":false},"featured_media":33683,"comment_status":"open","ping_status":"closed","template":"","meta":[],"_links":{"self":[{"href":"https:\/\/hookahshop.lt\/pl\/wp-json\/wp\/v2\/product\/33682"}],"collection":[{"href":"https:\/\/hookahshop.lt\/pl\/wp-json\/wp\/v2\/product"}],"about":[{"href":"https:\/\/hookahshop.lt\/pl\/wp-json\/wp\/v2\/types\/product"}],"replies":[{"embeddable":true,"href":"https:\/\/hookahshop.lt\/pl\/wp-json\/wp\/v2\/comments?post=33682"}],"version-history":[{"count":2,"href":"https:\/\/hookahshop.lt\/pl\/wp-json\/wp\/v2\/product\/33682\/revisions"}],"predecessor-version":[{"id":33692,"href":"https:\/\/hookahshop.lt\/pl\/wp-json\/wp\/v2\/product\/33682\/revisions\/33692"}],"wp:featuredmedia":[{"embeddable":true,"href":"https:\/\/hookahshop.lt\/pl\/wp-json\/wp\/v2\/media\/33683"}],"wp:attachment":[{"href":"https:\/\/hookahshop.lt\/pl\/wp-json\/wp\/v2\/media?parent=33682"}],"curies":[{"name":"wp","href":"https:\/\/api.w.org\/{rel}","templated":true}]}}