{"id":33708,"date":"2022-10-04T21:32:38","date_gmt":"2022-10-04T18:32:38","guid":{"rendered":"https:\/\/hookahshop.lt\/?post_type=product&#038;p=33708"},"modified":"2026-04-15T12:29:31","modified_gmt":"2026-04-15T09:29:31","slug":"sirupo-gaudykle-ocean-stainless-steel-black","status":"publish","type":"product","link":"https:\/\/hookahshop.lt\/pl\/produkt\/syrop-pulapka-ocean-stal-nierdzewna-czarny\/","title":{"rendered":"Syfon OCEAN Stal nierdzewna Czarny"},"content":{"rendered":"<h2>Syfon OCEAN Stal nierdzewna Czarny<\/h2>\n<p>Pasuje do ka\u017cdej fajki wodnej, mocowana pod szklank\u0119. Utrzymuje wod\u0119 w termosie w czysto\u015bci i \u015bwie\u017co\u015bci. Nie rzucaj\u0105cy si\u0119 w oczy, prosty design. Ta pu\u0142apka na syrop jest wykonana w ca\u0142o\u015bci z metalu, dzi\u0119ki czemu jest bardziej wytrzyma\u0142a. Zapobiega przedostawaniu si\u0119 li\u015bci tytoniu i syropu do kolby i trzonu fajki wodnej. Zapobiega \u017c\u00f3\u0142kni\u0119ciu w flakonie, co jest szczeg\u00f3lnie wa\u017cne podczas serwowania fajki wodnej w fajce wodnej na stole. Teraz nie musisz my\u0107 fajki wodnej za ka\u017cdym razem, gdy zmieniasz fili\u017cank\u0119, aby usun\u0105\u0107 z dna syrop i li\u015bcie tytoniu.<\/p>\n<p><strong>Charakterystyka:<\/strong><br \/>\nWysoko\u015b\u0107: 62 mm<br \/>\n\u015arednica (zewn\u0119trzna): 45mm<br \/>\n\u015arednica (wewn\u0119trzna): 38mm<br \/>\nMateria\u0142: Stal nierdzewna<\/p>\n<p>Czy masz jakie\u015b pytania? Skontaktuj si\u0119 z nami\u00a0<a href=\"https:\/\/hookahshop.lt\/pl\/lacznosc\/\">strona z kontaktami<\/a>\u00a0lub napisz do nas na adres\u00a0<a href=\"https:\/\/facebook.com\/HookahShop.lt\/\" target=\"_blank\" rel=\"noopener noreferrer\">konto na Facebooku<\/a>\u00a0a my odpowiemy na Twoj\u0105 pro\u015bb\u0119 tego samego dnia.<\/p>","protected":false},"excerpt":{"rendered":"<p>Pu\u0142apka na syrop OCEAN Stal nierdzewna Czarna Pasuje do ka\u017cdej fajki wodnej, mocowana pod szk\u0142em. Utrzymuje wod\u0119 w kolbie czyst\u0105 i \u015bwie\u017c\u0105. Dyskretny, prosty design. Syfon ten wykonany jest w ca\u0142o\u015bci z metalu, dzi\u0119ki czemu jest trwalszy. Zapobiega przedostawaniu si\u0119 li\u015bci tytoniu i syropu do kolby i trzonka fajki wodnej. Zapobiega \u017c\u00f3\u0142kni\u0119ciu kolby, co jest szczeg\u00f3lnie wa\u017cne podczas serwowania fajki wodnej w fajce wodnej na [\u2026]<\/p>","protected":false},"featured_media":33709,"comment_status":"open","ping_status":"closed","template":"","meta":[],"_links":{"self":[{"href":"https:\/\/hookahshop.lt\/pl\/wp-json\/wp\/v2\/product\/33708"}],"collection":[{"href":"https:\/\/hookahshop.lt\/pl\/wp-json\/wp\/v2\/product"}],"about":[{"href":"https:\/\/hookahshop.lt\/pl\/wp-json\/wp\/v2\/types\/product"}],"replies":[{"embeddable":true,"href":"https:\/\/hookahshop.lt\/pl\/wp-json\/wp\/v2\/comments?post=33708"}],"version-history":[{"count":3,"href":"https:\/\/hookahshop.lt\/pl\/wp-json\/wp\/v2\/product\/33708\/revisions"}],"predecessor-version":[{"id":33720,"href":"https:\/\/hookahshop.lt\/pl\/wp-json\/wp\/v2\/product\/33708\/revisions\/33720"}],"wp:featuredmedia":[{"embeddable":true,"href":"https:\/\/hookahshop.lt\/pl\/wp-json\/wp\/v2\/media\/33709"}],"wp:attachment":[{"href":"https:\/\/hookahshop.lt\/pl\/wp-json\/wp\/v2\/media?parent=33708"}],"curies":[{"name":"wp","href":"https:\/\/api.w.org\/{rel}","templated":true}]}}