{"id":33713,"date":"2022-10-04T22:12:49","date_gmt":"2022-10-04T19:12:49","guid":{"rendered":"https:\/\/hookahshop.lt\/?post_type=product&#038;p=33713"},"modified":"2026-04-15T12:29:31","modified_gmt":"2026-04-15T09:29:31","slug":"karscio-kamera-ocean-v2-black","status":"publish","type":"product","link":"https:\/\/hookahshop.lt\/pl\/produkt\/kamera-termowizyjna-ocean-v2-czarny\/","title":{"rendered":"Kamera termowizyjna OCEAN V2 Czarna"},"content":{"rendered":"<h2>Kamera termowizyjna OCEAN V2 Czarna<\/h2>\n<p>Imponuj\u0105cy design z rycinami w kontrastowych kolorach. Toczenie CNC stali nierdzewnej. Wewn\u0105trz, sp\u00f3d LIT HMD zdobi r\u00f3\u017ca kompasu Ocean Hookah. Jednocze\u015bnie dzi\u0119ki niewielkiemu wzniesieniu zapewnia dotarcie wystarczaj\u0105cej ilo\u015bci tlenu do dna \u017carz\u0105cego si\u0119 w\u0119gla. Komora grzewcza ma bardzo praktyczn\u0105 kraw\u0119d\u017a karbonow\u0105 nachylon\u0105 do wewn\u0105trz.<\/p>\n<p><strong>Specyfikacje:<\/strong><br \/>\n\u015arednica zewn\u0119trzna: 72 mm<br \/>\nWysoko\u015b\u0107: 28 mm<br \/>\nWaga: 163 g.<br \/>\nMateria\u0142: Stal nierdzewna<\/p>\n<p>Ulepszenie: wi\u0119ksze otwory + antypo\u015blizgowa kraw\u0119d\u017a!<\/p>\n<p>&nbsp;<\/p>\n<p>Czy masz jakie\u015b pytania? Skontaktuj si\u0119 z nami\u00a0<a href=\"https:\/\/hookahshop.lt\/pl\/lacznosc\/\">strona z kontaktami<\/a>\u00a0lub napisz do nas na adres\u00a0<a href=\"https:\/\/facebook.com\/HookahShop.lt\/\" target=\"_blank\" rel=\"noopener noreferrer\">konto na Facebooku<\/a>\u00a0a my odpowiemy na Twoj\u0105 pro\u015bb\u0119 tego samego dnia.<\/p>","protected":false},"excerpt":{"rendered":"<p>Kamera termowizyjna OCEAN V2 Black Efektowny design z grawerunkami w kontrastuj\u0105cych kolorach. Toczenie CNC stali nierdzewnej. Wewn\u0105trz r\u00f3\u017ca kompasowa Ocean Hookah zdobi sp\u00f3d LIT HMD. Jednocze\u015bnie dzi\u0119ki niewielkiemu wzniesieniu zapewnia dotarcie wystarczaj\u0105cej ilo\u015bci tlenu do dna roz\u017carzonego w\u0119gla. Komora grzewcza ma bardzo praktyczn\u0105, nachylon\u0105 do wewn\u0105trz kraw\u0119d\u017a w\u0119glow\u0105. Dane techniczne: \u015arednica zewn\u0119trzna: 72 [\u2026]<\/p>","protected":false},"featured_media":33714,"comment_status":"open","ping_status":"closed","template":"","meta":[],"_links":{"self":[{"href":"https:\/\/hookahshop.lt\/pl\/wp-json\/wp\/v2\/product\/33713"}],"collection":[{"href":"https:\/\/hookahshop.lt\/pl\/wp-json\/wp\/v2\/product"}],"about":[{"href":"https:\/\/hookahshop.lt\/pl\/wp-json\/wp\/v2\/types\/product"}],"replies":[{"embeddable":true,"href":"https:\/\/hookahshop.lt\/pl\/wp-json\/wp\/v2\/comments?post=33713"}],"version-history":[{"count":3,"href":"https:\/\/hookahshop.lt\/pl\/wp-json\/wp\/v2\/product\/33713\/revisions"}],"predecessor-version":[{"id":40249,"href":"https:\/\/hookahshop.lt\/pl\/wp-json\/wp\/v2\/product\/33713\/revisions\/40249"}],"wp:featuredmedia":[{"embeddable":true,"href":"https:\/\/hookahshop.lt\/pl\/wp-json\/wp\/v2\/media\/33714"}],"wp:attachment":[{"href":"https:\/\/hookahshop.lt\/pl\/wp-json\/wp\/v2\/media?parent=33713"}],"curies":[{"name":"wp","href":"https:\/\/api.w.org\/{rel}","templated":true}]}}