{"id":33727,"date":"2022-10-04T23:38:24","date_gmt":"2022-10-04T20:38:24","guid":{"rendered":"https:\/\/hookahshop.lt\/?post_type=product&#038;p=33727"},"modified":"2026-04-14T23:29:31","modified_gmt":"2026-04-14T20:29:31","slug":"kandiklis-kaljanui-vyro-carbon-red-mini","status":"publish","type":"product","link":"https:\/\/hookahshop.lt\/pl\/produkt\/ustnik-do-szisza-dla-mezczyzn-karbonowy-czerwony-mini\/","title":{"rendered":"Ustnik do fajki wodnej VYRO Carbon Red Mini"},"content":{"rendered":"<h2>Ustnik do fajki wodnej VYRO Carbon Red Mini<\/h2>\n<p>Ustnik jest \u015bwietny nie tylko ze wzgl\u0119du na niewielk\u0105 wag\u0119, ale tak\u017ce ze wzgl\u0119du na jako\u015b\u0107 materia\u0142u, z kt\u00f3rego zosta\u0142 wykonany. Ustnik ten nadaje si\u0119 nie tylko do codziennego u\u017cytku, ale tak\u017ce do ka\u017cdej fajki wodnej i zwyk\u0142ego w\u0119\u017ca silikonowego.<\/p>\n<p><strong>Specyfikacje:<\/strong><br \/>\nD\u0142ugo\u015b\u0107: ~17 cm<br \/>\nWaga: ~73 g<br \/>\n\u015arednica wewn\u0119trzna: 10 mm<br \/>\nMateria\u0142y: stal w\u0119glowa i stal nierdzewna V2A<\/p>\n<p>&nbsp;<\/p>\n<p>Czy masz jakie\u015b pytania? Skontaktuj si\u0119 z nami\u00a0<a href=\"https:\/\/hookahshop.lt\/pl\/lacznosc\/\">strona z kontaktami<\/a>\u00a0lub napisz do nas na adres\u00a0<a href=\"https:\/\/facebook.com\/HookahShop.lt\/\" target=\"_blank\" rel=\"noopener noreferrer\">konto na Facebooku<\/a>\u00a0a my odpowiemy na Twoj\u0105 pro\u015bb\u0119 tego samego dnia.<\/p>","protected":false},"excerpt":{"rendered":"<p>Ustnik do fajki wodnej VYRO Carbon Red Mini Ustnik jest doskona\u0142y nie tylko ze wzgl\u0119du na niewielk\u0105 wag\u0119, ale tak\u017ce ze wzgl\u0119du na jako\u015b\u0107 materia\u0142u. Ustnik ten nadaje si\u0119 nie tylko do codziennego u\u017cytku, ale tak\u017ce do ka\u017cdej fajki wodnej i zwyk\u0142ego w\u0119\u017ca silikonowego. Dane techniczne: D\u0142ugo\u015b\u0107: ~17 cm Waga: ~ 73 g \u015arednica wewn\u0119trzna: 10 mm Materia\u0142y: Stal w\u0119glowa i nierdzewna V2A Pytania? Kontakt [\u2026]<\/p>","protected":false},"featured_media":33731,"comment_status":"open","ping_status":"closed","template":"","meta":[],"_links":{"self":[{"href":"https:\/\/hookahshop.lt\/pl\/wp-json\/wp\/v2\/product\/33727"}],"collection":[{"href":"https:\/\/hookahshop.lt\/pl\/wp-json\/wp\/v2\/product"}],"about":[{"href":"https:\/\/hookahshop.lt\/pl\/wp-json\/wp\/v2\/types\/product"}],"replies":[{"embeddable":true,"href":"https:\/\/hookahshop.lt\/pl\/wp-json\/wp\/v2\/comments?post=33727"}],"version-history":[{"count":4,"href":"https:\/\/hookahshop.lt\/pl\/wp-json\/wp\/v2\/product\/33727\/revisions"}],"predecessor-version":[{"id":33730,"href":"https:\/\/hookahshop.lt\/pl\/wp-json\/wp\/v2\/product\/33727\/revisions\/33730"}],"wp:featuredmedia":[{"embeddable":true,"href":"https:\/\/hookahshop.lt\/pl\/wp-json\/wp\/v2\/media\/33731"}],"wp:attachment":[{"href":"https:\/\/hookahshop.lt\/pl\/wp-json\/wp\/v2\/media?parent=33727"}],"curies":[{"name":"wp","href":"https:\/\/api.w.org\/{rel}","templated":true}]}}