{"id":33813,"date":"2022-10-12T08:54:57","date_gmt":"2022-10-12T05:54:57","guid":{"rendered":"https:\/\/hookahshop.lt\/?post_type=product&#038;p=33813"},"modified":"2026-04-14T23:29:32","modified_gmt":"2026-04-14T20:29:32","slug":"gaubtas-taureles-kaitinimui-ykap-black","status":"publish","type":"product","link":"https:\/\/hookahshop.lt\/pl\/produkt\/kaptur-kubki-do-ogrzewania-ykap-czarny\/","title":{"rendered":"Kaptur do podgrzewania fili\u017canek YKAP Czarny"},"content":{"rendered":"<h2>Kaptur do podgrzewania fili\u017canek YKAP Czarny<\/h2>\n<p>Dzi\u0119ki kapturowi mo\u017cesz cieszy\u0107 si\u0119 fajk\u0105 wodn\u0105 nawet na \u015bwie\u017cym powietrzu, bez obawy, \u017ce wiatr rozwiewa w\u0119giel. Zdejmowana nasadka pozwoli w razie potrzeby dorzuci\u0107 wi\u0119cej w\u0119gla. Ponadto ten produkt YKAP jest uniwersalny - nadaje si\u0119 do wszystkich rodzaj\u00f3w fajek wodnych i szklanek. Okap do podgrzewania fili\u017canek \u201eYKAP\u201d s\u0142u\u017cy jednocze\u015bnie do kilku cel\u00f3w:<br \/>\nKontrola ciep\u0142a;<br \/>\nPrzed\u0142u\u017cony czas spalania w\u0119gla;<br \/>\nOchrona przed wiatrem.<\/p>\n<p>Materia\u0142: Stal nierdzewna<br \/>\nKraj pochodzenia: Rosja<\/p>\n<p>Czy masz jakie\u015b pytania? Skontaktuj si\u0119 z nami\u00a0<a href=\"https:\/\/hookahshop.lt\/pl\/lacznosc\/\">strona z kontaktami<\/a>\u00a0lub napisz do nas na adres\u00a0<a href=\"https:\/\/facebook.com\/HookahShop.lt\/\" target=\"_blank\" rel=\"noopener noreferrer\">konto na Facebooku<\/a>\u00a0a my odpowiemy na Twoj\u0105 pro\u015bb\u0119 tego samego dnia.<\/p>","protected":false},"excerpt":{"rendered":"<p>Okap do podgrzewania fili\u017canek YKAP Czarny Dzi\u0119ki kapturowi mo\u017cesz cieszy\u0107 si\u0119 fajk\u0105 wodn\u0105 nawet na \u015bwie\u017cym powietrzu, bez obawy, \u017ce wiatr rozwiewa w\u0119gle. Zdejmowana nasadka pozwoli w razie potrzeby dorzuci\u0107 wi\u0119cej w\u0119gla. Ponadto ten produkt YKAP jest uniwersalny - nadaje si\u0119 do wszystkich rodzaj\u00f3w fajek wodnych i szklanek. Okap do podgrzewania fili\u017canek \u201eYKAP\u201d s\u0142u\u017cy jednocze\u015bnie do kilku cel\u00f3w: Kontrola ogrzewania; Wyd\u0142u\u017cony czas spalania w\u0119gla; [\u2026]<\/p>","protected":false},"featured_media":33818,"comment_status":"open","ping_status":"closed","template":"","meta":[],"_links":{"self":[{"href":"https:\/\/hookahshop.lt\/pl\/wp-json\/wp\/v2\/product\/33813"}],"collection":[{"href":"https:\/\/hookahshop.lt\/pl\/wp-json\/wp\/v2\/product"}],"about":[{"href":"https:\/\/hookahshop.lt\/pl\/wp-json\/wp\/v2\/types\/product"}],"replies":[{"embeddable":true,"href":"https:\/\/hookahshop.lt\/pl\/wp-json\/wp\/v2\/comments?post=33813"}],"version-history":[{"count":3,"href":"https:\/\/hookahshop.lt\/pl\/wp-json\/wp\/v2\/product\/33813\/revisions"}],"predecessor-version":[{"id":41742,"href":"https:\/\/hookahshop.lt\/pl\/wp-json\/wp\/v2\/product\/33813\/revisions\/41742"}],"wp:featuredmedia":[{"embeddable":true,"href":"https:\/\/hookahshop.lt\/pl\/wp-json\/wp\/v2\/media\/33818"}],"wp:attachment":[{"href":"https:\/\/hookahshop.lt\/pl\/wp-json\/wp\/v2\/media?parent=33813"}],"curies":[{"name":"wp","href":"https:\/\/api.w.org\/{rel}","templated":true}]}}