{"id":33824,"date":"2022-10-12T09:24:46","date_gmt":"2022-10-12T06:24:46","guid":{"rendered":"https:\/\/hookahshop.lt\/?post_type=product&#038;p=33824"},"modified":"2026-04-18T23:29:19","modified_gmt":"2026-04-18T20:29:19","slug":"tarpine-kaljano-taurelei-hoob-white","status":"publish","type":"product","link":"https:\/\/hookahshop.lt\/pl\/produkt\/posrednia-filizanka-szisza-hoob-biala\/","title":{"rendered":"Uszczelka do kubka na fajk\u0119 HOOB Bia\u0142a"},"content":{"rendered":"<h2>Uszczelka do kubka na fajk\u0119 HOOB Bia\u0142a<\/h2>\n<p>To mocowanie pomaga mocno przymocowa\u0107 kubek do fajki wodnej.<br \/>\nKolor bia\u0142y<\/p>\n<p>&nbsp;<\/p>\n<p>Czy masz jakie\u015b pytania? Skontaktuj si\u0119 z nami\u00a0<a href=\"https:\/\/hookahshop.lt\/pl\/lacznosc\/\">strona z kontaktami<\/a>\u00a0lub napisz do nas na adres\u00a0<a href=\"https:\/\/facebook.com\/HookahShop.lt\/\" target=\"_blank\" rel=\"noopener noreferrer\">konto na Facebooku<\/a>\u00a0a my odpowiemy na Twoj\u0105 pro\u015bb\u0119 tego samego dnia.<\/p>","protected":false},"excerpt":{"rendered":"<p>Uszczelka do kubka na fajk\u0119 wodn\u0105 HOOB White To akcesorium pomaga szczelnie przymocowa\u0107 kubek do fajki wodnej. Kolor: Bia\u0142y Masz pytania? Skontaktuj si\u0119 z nami na stronie kontaktowej lub napisz do nas na naszym koncie na Facebooku, a my odpowiemy na Twoj\u0105 pro\u015bb\u0119 jeszcze tego samego dnia.<\/p>","protected":false},"featured_media":33825,"comment_status":"open","ping_status":"closed","template":"","meta":[],"_links":{"self":[{"href":"https:\/\/hookahshop.lt\/pl\/wp-json\/wp\/v2\/product\/33824"}],"collection":[{"href":"https:\/\/hookahshop.lt\/pl\/wp-json\/wp\/v2\/product"}],"about":[{"href":"https:\/\/hookahshop.lt\/pl\/wp-json\/wp\/v2\/types\/product"}],"replies":[{"embeddable":true,"href":"https:\/\/hookahshop.lt\/pl\/wp-json\/wp\/v2\/comments?post=33824"}],"version-history":[{"count":4,"href":"https:\/\/hookahshop.lt\/pl\/wp-json\/wp\/v2\/product\/33824\/revisions"}],"predecessor-version":[{"id":33878,"href":"https:\/\/hookahshop.lt\/pl\/wp-json\/wp\/v2\/product\/33824\/revisions\/33878"}],"wp:featuredmedia":[{"embeddable":true,"href":"https:\/\/hookahshop.lt\/pl\/wp-json\/wp\/v2\/media\/33825"}],"wp:attachment":[{"href":"https:\/\/hookahshop.lt\/pl\/wp-json\/wp\/v2\/media?parent=33824"}],"curies":[{"name":"wp","href":"https:\/\/api.w.org\/{rel}","templated":true}]}}