{"id":33835,"date":"2022-10-12T10:56:58","date_gmt":"2022-10-12T07:56:58","guid":{"rendered":"https:\/\/hookahshop.lt\/?post_type=product&#038;p=33835"},"modified":"2026-05-14T23:29:46","modified_gmt":"2026-05-14T20:29:46","slug":"kolba-kaljanui-vg-craft-marble","status":"publish","type":"product","link":"https:\/\/hookahshop.lt\/pl\/produkt\/kolba-na-fajke-wodna-vg-craft-marmur\/","title":{"rendered":"Butelka do fajki wodnej VG Craft Marble"},"content":{"rendered":"<h2>Butelka do fajki wodnej VG Craft Marble<\/h2>\n<p>Jedna z najpopularniejszych termos\u00f3w na rynku, \u0142\u0105cz\u0105ca w sobie lakoniczny design i \u0142atwo\u015b\u0107 obs\u0142ugi. Pasuje do fajek wodnych z uniwersaln\u0105 uszczelk\u0105. Kolba wykonywana jest r\u0119cznie, \u015brednica wewn\u0119trzna szyjki mo\u017ce r\u00f3\u017cni\u0107 si\u0119 od deklarowanej o 1-1,5 mm.<\/p>\n<p><strong>Charakterystyka:<\/strong><br \/>\nKszta\u0142t kolby: Craft<br \/>\nKolor: czarno-bia\u0142y (nie wida\u0107 poziomu wody)<br \/>\nWysoko\u015b\u0107: 27 cm<br \/>\nSzeroko\u015b\u0107: 23 cm<br \/>\n\u015arednica wewn\u0119trzna: 4,5 cm<br \/>\nWaga: 1,64 kg<br \/>\nPojemno\u015b\u0107 kolby: 1,7l<\/p>\n<p>Czy masz jakie\u015b pytania? Skontaktuj si\u0119 z nami <a href=\"https:\/\/hookahshop.lt\/pl\/lacznosc\/\">strona z kontaktami<\/a>\u00a0lub napisz do nas na adres\u00a0<a href=\"https:\/\/facebook.com\/HookahShop.lt\/\" target=\"_blank\" rel=\"noopener noreferrer\">konto na Facebooku<\/a>\u00a0a my odpowiemy na Twoj\u0105 pro\u015bb\u0119 tego samego dnia.<\/p>","protected":false},"excerpt":{"rendered":"<p>Piersi\u00f3wka na fajk\u0119 wodn\u0105 VG Craft Marble Jedna z najpopularniejszych piersi\u00f3wek na rynku, \u0142\u0105cz\u0105ca w sobie lakoniczny design i \u0142atwo\u015b\u0107 u\u017cytkowania. Nadaje si\u0119 do fajek wodnych z uniwersaln\u0105 uszczelk\u0105. Piersi\u00f3wka jest r\u0119cznie robiona, a \u015brednica wewn\u0119trzna szyjki mo\u017ce r\u00f3\u017cni\u0107 si\u0119 od deklarowanej o 1-1,5 mm. Charakterystyka: Kszta\u0142t piersi\u00f3wki: Craft Kolor: czarno-bia\u0142y (poziom wody niewidoczny) Wysoko\u015b\u0107: 27 cm Szeroko\u015b\u0107: 23 cm \u015arednica wewn\u0119trzna: 4,5 cm Waga: 1,64 [\u2026]<\/p>","protected":false},"featured_media":33843,"comment_status":"open","ping_status":"closed","template":"","meta":[],"_links":{"self":[{"href":"https:\/\/hookahshop.lt\/pl\/wp-json\/wp\/v2\/product\/33835"}],"collection":[{"href":"https:\/\/hookahshop.lt\/pl\/wp-json\/wp\/v2\/product"}],"about":[{"href":"https:\/\/hookahshop.lt\/pl\/wp-json\/wp\/v2\/types\/product"}],"replies":[{"embeddable":true,"href":"https:\/\/hookahshop.lt\/pl\/wp-json\/wp\/v2\/comments?post=33835"}],"version-history":[{"count":5,"href":"https:\/\/hookahshop.lt\/pl\/wp-json\/wp\/v2\/product\/33835\/revisions"}],"predecessor-version":[{"id":33921,"href":"https:\/\/hookahshop.lt\/pl\/wp-json\/wp\/v2\/product\/33835\/revisions\/33921"}],"wp:featuredmedia":[{"embeddable":true,"href":"https:\/\/hookahshop.lt\/pl\/wp-json\/wp\/v2\/media\/33843"}],"wp:attachment":[{"href":"https:\/\/hookahshop.lt\/pl\/wp-json\/wp\/v2\/media?parent=33835"}],"curies":[{"name":"wp","href":"https:\/\/api.w.org\/{rel}","templated":true}]}}