{"id":33855,"date":"2022-10-12T22:12:35","date_gmt":"2022-10-12T19:12:35","guid":{"rendered":"https:\/\/hookahshop.lt\/?post_type=product&#038;p=33855"},"modified":"2026-04-11T23:29:31","modified_gmt":"2026-04-11T20:29:31","slug":"kolba-kaljanui-vg-craft-crystal","status":"publish","type":"product","link":"https:\/\/hookahshop.lt\/pl\/produkt\/kolba-do-fajki-wodnej-vg-craft-krysztal\/","title":{"rendered":"Kolba do fajki wodnej VG Craft Crystal"},"content":{"rendered":"<h2>Kolba do fajki wodnej VG Craft Crystal<\/h2>\n<p>Ta r\u0119cznie robiona butelka ma wyj\u0105tkow\u0105 konstrukcj\u0119, jako\u015b\u0107 i jest niezwykle przejrzysta w stylu. Szyjka kolby jest rze\u017abiona wzd\u0142u\u017cnie \u2013 przystosowana do przechowywania, wygodniejsza w u\u017cytkowaniu. Wyj\u0105tkowa jest tak\u017ce g\u00f3rna cz\u0119\u015b\u0107 kolby - rze\u017abiona.<\/p>\n<p>Masa kolby: ~ 2 kg<br \/>\nWysoko\u015b\u0107: 26 cm<br \/>\nSzeroko\u015b\u0107: 22 cm<br \/>\nWewn\u0119trzna \u015brednica szyi: 4 cm<\/p>\n<p>Czy masz jakie\u015b pytania? Skontaktuj si\u0119 z nami\u00a0<a href=\"https:\/\/hookahshop.lt\/pl\/lacznosc\/\">strona z kontaktami<\/a>\u00a0lub napisz do nas na adres\u00a0<a href=\"https:\/\/facebook.com\/HookahShop.lt\/\" target=\"_blank\" rel=\"noopener noreferrer\">konto na Facebooku<\/a>\u00a0a my odpowiemy na Twoj\u0105 pro\u015bb\u0119 tego samego dnia.<\/p>","protected":false},"excerpt":{"rendered":"<p>Piersi\u00f3wka na fajk\u0119 wodn\u0105 VG Craft Crystal Ta r\u0119cznie wykonana piersi\u00f3wka jest wyj\u0105tkowa pod wzgl\u0119dem wzornictwa, jako\u015bci i niezwykle przejrzysta w stylu. Szyjka piersi\u00f3wki jest rze\u017abiona wzd\u0142u\u017cnie - dostosowana do przechowywania, wygodniejsza w u\u017cytkowaniu. G\u00f3rna cz\u0119\u015b\u0107 piersi\u00f3wki jest r\u00f3wnie\u017c wyj\u0105tkowa - rze\u017abiona. Waga piersi\u00f3wki: ~ 2 kg Wysoko\u015b\u0107: 26 cm Szeroko\u015b\u0107: 22 cm \u015arednica wewn\u0119trzna szyjki: 4 cm Masz pytania? Skontaktuj si\u0119 [\u2026]<\/p>","protected":false},"featured_media":33856,"comment_status":"open","ping_status":"closed","template":"","meta":[],"_links":{"self":[{"href":"https:\/\/hookahshop.lt\/pl\/wp-json\/wp\/v2\/product\/33855"}],"collection":[{"href":"https:\/\/hookahshop.lt\/pl\/wp-json\/wp\/v2\/product"}],"about":[{"href":"https:\/\/hookahshop.lt\/pl\/wp-json\/wp\/v2\/types\/product"}],"replies":[{"embeddable":true,"href":"https:\/\/hookahshop.lt\/pl\/wp-json\/wp\/v2\/comments?post=33855"}],"version-history":[{"count":3,"href":"https:\/\/hookahshop.lt\/pl\/wp-json\/wp\/v2\/product\/33855\/revisions"}],"predecessor-version":[{"id":33938,"href":"https:\/\/hookahshop.lt\/pl\/wp-json\/wp\/v2\/product\/33855\/revisions\/33938"}],"wp:featuredmedia":[{"embeddable":true,"href":"https:\/\/hookahshop.lt\/pl\/wp-json\/wp\/v2\/media\/33856"}],"wp:attachment":[{"href":"https:\/\/hookahshop.lt\/pl\/wp-json\/wp\/v2\/media?parent=33855"}],"curies":[{"name":"wp","href":"https:\/\/api.w.org\/{rel}","templated":true}]}}