{"id":33971,"date":"2022-10-28T16:53:16","date_gmt":"2022-10-28T13:53:16","guid":{"rendered":"https:\/\/hookahshop.lt\/?post_type=product&#038;p=33971"},"modified":"2026-04-22T23:29:49","modified_gmt":"2026-04-22T20:29:49","slug":"stikline-vandens-pypke-black-leaf-mini","status":"publish","type":"product","link":"https:\/\/hookahshop.lt\/pl\/produkt\/szklana-fajka-wodna-czarny-lisc-mini\/","title":{"rendered":"Szklana fajka wodna BLACK LEAF Mini Green 11cm"},"content":{"rendered":"<h2>Szklana fajka wodna BLACK LEAF Mini Green 11cm<\/h2>\n<p>Fajka wodna z dekoracyjnymi wzorami z kolorowego szk\u0142a. Cech\u0105 szczeg\u00f3ln\u0105 jest to, \u017ce fajka posiada oczko, przez kt\u00f3re mo\u017cna przewlec sk\u00f3rzany pasek lub co\u015b do zawieszenia na szyi.<\/p>\n<p><strong>Specyfikacje:<\/strong><\/p>\n<p>\u015arednica: 60\/18 mm<br \/>\nD\u0142ugo\u015b\u0107: 110mm<br \/>\nTyp tuby: 14,5 mm<br \/>\nMateria\u0142: szk\u0142o borokrzemianowe;<\/p>\n<p>Czy masz jakie\u015b pytania? Skontaktuj si\u0119 z nami\u00a0<a href=\"https:\/\/hookahshop.lt\/pl\/lacznosc\/\">strona z kontaktami<\/a>\u00a0lub napisz do nas na adres\u00a0<a href=\"https:\/\/facebook.com\/HookahShop.lt\/\" target=\"_blank\" rel=\"noopener noreferrer\">konto na Facebooku<\/a>\u00a0a my odpowiemy na Twoj\u0105 pro\u015bb\u0119 tego samego dnia.<\/p>","protected":false},"excerpt":{"rendered":"<p>Fajka wodna szklana BLACK LEAF Mini Green 11cm Fajka wodna z ozdobnymi, kolorowymi wzorami ze szk\u0142a. Cech\u0105 szczeg\u00f3ln\u0105 jest to, \u017ce fajka posiada oczko, przez kt\u00f3re mo\u017cna przewlec sk\u00f3rzany pasek lub co\u015b, co mo\u017cna zawiesi\u0107 na szyi. Dane techniczne: \u015arednica: 60\/18 mm D\u0142ugo\u015b\u0107: 110 mm Typ rury: 14,5 mm Materia\u0142: Szk\u0142o borokrzemowe Pytania? Skontaktuj si\u0119 z nami na stronie kontaktowej lub [\u2026]<\/p>","protected":false},"featured_media":33973,"comment_status":"open","ping_status":"closed","template":"","meta":[],"_links":{"self":[{"href":"https:\/\/hookahshop.lt\/pl\/wp-json\/wp\/v2\/product\/33971"}],"collection":[{"href":"https:\/\/hookahshop.lt\/pl\/wp-json\/wp\/v2\/product"}],"about":[{"href":"https:\/\/hookahshop.lt\/pl\/wp-json\/wp\/v2\/types\/product"}],"replies":[{"embeddable":true,"href":"https:\/\/hookahshop.lt\/pl\/wp-json\/wp\/v2\/comments?post=33971"}],"version-history":[{"count":3,"href":"https:\/\/hookahshop.lt\/pl\/wp-json\/wp\/v2\/product\/33971\/revisions"}],"predecessor-version":[{"id":34078,"href":"https:\/\/hookahshop.lt\/pl\/wp-json\/wp\/v2\/product\/33971\/revisions\/34078"}],"wp:featuredmedia":[{"embeddable":true,"href":"https:\/\/hookahshop.lt\/pl\/wp-json\/wp\/v2\/media\/33973"}],"wp:attachment":[{"href":"https:\/\/hookahshop.lt\/pl\/wp-json\/wp\/v2\/media?parent=33971"}],"curies":[{"name":"wp","href":"https:\/\/api.w.org\/{rel}","templated":true}]}}