{"id":33976,"date":"2022-10-28T17:13:14","date_gmt":"2022-10-28T14:13:14","guid":{"rendered":"https:\/\/hookahshop.lt\/?post_type=product&#038;p=33976"},"modified":"2026-04-17T23:29:50","modified_gmt":"2026-04-17T20:29:50","slug":"stikline-vandens-pypke-black-leaf-fire","status":"publish","type":"product","link":"https:\/\/hookahshop.lt\/pl\/produkt\/szklana-fajka-woda-czarny-lisc-ogien\/","title":{"rendered":"Szklana fajka wodna BLACK LEAF Fire 25cm"},"content":{"rendered":"<h2>Szklana fajka wodna BLACK LEAF Fire 25cm<\/h2>\n<p>Stworzony przy u\u017cyciu Black Leaf. Szczelinowy dyfuzor i oczywi\u015bcie komora lodowa zapewniaj\u0105 lodowate ch\u0142odzenie dymu. Ogie\u0144 odpowiednio si\u0119 nagrzewa dzi\u0119ki silnemu dop\u0142ywowi powietrza i dop\u0142ywowi powietrza z dziurki. Posiada praktyczn\u0105 wtyczk\u0119 u\u0142atwiaj\u0105c\u0105 czyszczenie. Dodatkowo z boku szklanej rurki znajduje si\u0119 wg\u0142\u0119bienie, kt\u00f3re zapewnia miejsce na ma\u0142\u0105 zapalniczk\u0119, szczotk\u0119 do ekranu, \u015bciereczk\u0119 itp.<\/p>\n<p><strong>Specyfikacje:<\/strong><\/p>\n<p>\u015arednica: 100\/32 mm<br \/>\nD\u0142ugo\u015b\u0107: 250mm<br \/>\nTyp rury: 18,8 mm<br \/>\nMateria\u0142: szk\u0142o borokrzemianowe;<\/p>\n<p>Czy masz jakie\u015b pytania? Skontaktuj si\u0119 z nami\u00a0<a href=\"https:\/\/hookahshop.lt\/pl\/lacznosc\/\">strona z kontaktami<\/a>\u00a0lub napisz do nas na adres\u00a0<a href=\"https:\/\/facebook.com\/HookahShop.lt\/\" target=\"_blank\" rel=\"noopener noreferrer\">konto na Facebooku<\/a>\u00a0a my odpowiemy na Twoj\u0105 pro\u015bb\u0119 tego samego dnia.<\/p>","protected":false},"excerpt":{"rendered":"<p>Fajka wodna szklana BLACK LEAF Fire 25cm Stworzona przy u\u017cyciu &quot;Black Leaf&quot;.  Dyfuzor szczelinowy i oczywi\u015bcie komora lodowa zapewniaj\u0105 lodowate ch\u0142odzenie dymu. Ogie\u0144 rozgrzewa si\u0119 prawid\u0142owo dzi\u0119ki mocnemu dop\u0142ywowi powietrza oraz dop\u0142ywowi powietrza z kopca. Posiada praktyczn\u0105 zatyczk\u0119, kt\u00f3ra u\u0142atwia czyszczenie. Dodatkowo z boku szklanej rurki znajduje si\u0119 wg\u0142\u0119bienie, kt\u00f3re zapewnia miejsce na ma\u0142\u0105 zapalniczk\u0119, szczotk\u0119 do ekran\u00f3w, \u015bciereczk\u0119 [\u2026]<\/p>","protected":false},"featured_media":33977,"comment_status":"open","ping_status":"closed","template":"","meta":[],"_links":{"self":[{"href":"https:\/\/hookahshop.lt\/pl\/wp-json\/wp\/v2\/product\/33976"}],"collection":[{"href":"https:\/\/hookahshop.lt\/pl\/wp-json\/wp\/v2\/product"}],"about":[{"href":"https:\/\/hookahshop.lt\/pl\/wp-json\/wp\/v2\/types\/product"}],"replies":[{"embeddable":true,"href":"https:\/\/hookahshop.lt\/pl\/wp-json\/wp\/v2\/comments?post=33976"}],"version-history":[{"count":3,"href":"https:\/\/hookahshop.lt\/pl\/wp-json\/wp\/v2\/product\/33976\/revisions"}],"predecessor-version":[{"id":34077,"href":"https:\/\/hookahshop.lt\/pl\/wp-json\/wp\/v2\/product\/33976\/revisions\/34077"}],"wp:featuredmedia":[{"embeddable":true,"href":"https:\/\/hookahshop.lt\/pl\/wp-json\/wp\/v2\/media\/33977"}],"wp:attachment":[{"href":"https:\/\/hookahshop.lt\/pl\/wp-json\/wp\/v2\/media?parent=33976"}],"curies":[{"name":"wp","href":"https:\/\/api.w.org\/{rel}","templated":true}]}}