{"id":33980,"date":"2022-10-28T17:34:50","date_gmt":"2022-10-28T14:34:50","guid":{"rendered":"https:\/\/hookahshop.lt\/?post_type=product&#038;p=33980"},"modified":"2026-04-17T23:29:50","modified_gmt":"2026-04-17T20:29:50","slug":"vandens-pypke-black-leaf-revolver-cylinder","status":"publish","type":"product","link":"https:\/\/hookahshop.lt\/pl\/produkt\/fajka-wodna-czarny-lisc-rewolwer-cylinder\/","title":{"rendered":"Szklana fajka wodna BLACK LEAF Revolver Cylinder 15cm"},"content":{"rendered":"<h2>Szklana fajka wodna BLACK LEAF Revolver Cylinder 15cm<\/h2>\n<p>Mocna i stabilna platforma BLACK LEAF w kszta\u0142cie cylindra rewolweru. Ma\u0142e bongo wykonane jest ze szk\u0142a borokrzemianowego i jest wyposa\u017cone w gw\u00f3\u017ad\u017a olejny i kopu\u0142\u0119. Wewn\u0119trzny dyfuzor lekko ch\u0142odzi mocny dym.<\/p>\n<p><strong>Specyfikacje:<\/strong><\/p>\n<p>\u015arednica: 80\/16mm<br \/>\nD\u0142ugo\u015b\u0107: 150 mm<br \/>\nKolor: przezroczysty\/czarny<br \/>\nTyp tuby: 14,5 mm<br \/>\nMateria\u0142: szk\u0142o borokrzemianowe;<\/p>\n<p>Czy masz jakie\u015b pytania? Skontaktuj si\u0119 z nami\u00a0<a href=\"https:\/\/hookahshop.lt\/pl\/lacznosc\/\">strona z kontaktami<\/a>\u00a0lub napisz do nas na adres\u00a0<a href=\"https:\/\/facebook.com\/HookahShop.lt\/\" target=\"_blank\" rel=\"noopener noreferrer\">konto na Facebooku<\/a>\u00a0a my odpowiemy na Twoj\u0105 pro\u015bb\u0119 tego samego dnia.<\/p>","protected":false},"excerpt":{"rendered":"<p>Szklana fajka wodna BLACK LEAF Rewolwer Cylinder 15cm Mocna i stabilna platforma BLACK LEAF w kszta\u0142cie cylindra rewolwerowego. Ma\u0142e bongo wykonane jest ze szk\u0142a borokrzemowego i posiada gw\u00f3\u017ad\u017a olejowy oraz kopu\u0142k\u0119. Wewn\u0119trzny dyfuzor delikatnie ch\u0142odzi mocny dym. Dane techniczne: \u015arednica: 80\/16 mm D\u0142ugo\u015b\u0107: 150 mm Kolor: przezroczysty\/czarny Typ tuby: 14,5 mm Materia\u0142: szk\u0142o borokrzemowe Pytania? [\u2026]<\/p>","protected":false},"featured_media":33981,"comment_status":"open","ping_status":"closed","template":"","meta":[],"_links":{"self":[{"href":"https:\/\/hookahshop.lt\/pl\/wp-json\/wp\/v2\/product\/33980"}],"collection":[{"href":"https:\/\/hookahshop.lt\/pl\/wp-json\/wp\/v2\/product"}],"about":[{"href":"https:\/\/hookahshop.lt\/pl\/wp-json\/wp\/v2\/types\/product"}],"replies":[{"embeddable":true,"href":"https:\/\/hookahshop.lt\/pl\/wp-json\/wp\/v2\/comments?post=33980"}],"version-history":[{"count":2,"href":"https:\/\/hookahshop.lt\/pl\/wp-json\/wp\/v2\/product\/33980\/revisions"}],"predecessor-version":[{"id":34076,"href":"https:\/\/hookahshop.lt\/pl\/wp-json\/wp\/v2\/product\/33980\/revisions\/34076"}],"wp:featuredmedia":[{"embeddable":true,"href":"https:\/\/hookahshop.lt\/pl\/wp-json\/wp\/v2\/media\/33981"}],"wp:attachment":[{"href":"https:\/\/hookahshop.lt\/pl\/wp-json\/wp\/v2\/media?parent=33980"}],"curies":[{"name":"wp","href":"https:\/\/api.w.org\/{rel}","templated":true}]}}