{"id":33985,"date":"2022-10-28T17:52:55","date_gmt":"2022-10-28T14:52:55","guid":{"rendered":"https:\/\/hookahshop.lt\/?post_type=product&#038;p=33985"},"modified":"2026-04-18T23:29:20","modified_gmt":"2026-04-18T20:29:20","slug":"akriline-vandens-pypke-print-black-26cm","status":"publish","type":"product","link":"https:\/\/hookahshop.lt\/pl\/produkt\/akryl-fajka-wodna-druk-czarny-26cm\/","title":{"rendered":"Akrylowa fajka wodna Drukuj Czarny 26cm"},"content":{"rendered":"<h2>Akrylowa fajka wodna Drukuj Czarny 26cm<\/h2>\n<p>Ciekawa grafika wydrukowana w pe\u0142nym kolorze! Akrylowe bongo jest w ca\u0142o\u015bci zadrukowane grafik\u0105 w stylu graffiti i jest dobrym towarzyszem na ka\u017cd\u0105 imprez\u0119 i festiwal ze wzgl\u0119du na swoj\u0105 niewielk\u0105 wag\u0119!<\/p>\n<p><strong>Specyfikacje:<\/strong><\/p>\n<p>\u015arednica: 67\/30mm<br \/>\nD\u0142ugo\u015b\u0107: 26 cm<br \/>\nMateria\u0142: akryl<\/p>\n<p>Czy masz jakie\u015b pytania? Skontaktuj si\u0119 z nami\u00a0<a href=\"https:\/\/hookahshop.lt\/pl\/lacznosc\/\">strona z kontaktami<\/a>\u00a0lub napisz do nas na adres\u00a0<a href=\"https:\/\/facebook.com\/HookahShop.lt\/\" target=\"_blank\" rel=\"noopener noreferrer\">konto na Facebooku<\/a>\u00a0a my odpowiemy na Twoj\u0105 pro\u015bb\u0119 tego samego dnia.<\/p>","protected":false},"excerpt":{"rendered":"<p>Fajka wodna akrylowa Print Czarna 26cm Ciekawa grafika, drukowana we wszystkich kolorach! Akrylowe bongo jest w ca\u0142o\u015bci zadrukowane grafik\u0105 w stylu graffiti i dzi\u0119ki swojej niewielkiej wadze jest dobrym towarzyszem ka\u017cdej imprezy i festiwalu! Dane techniczne: \u015arednica: 67\/30 mm D\u0142ugo\u015b\u0107: 26 cm Materia\u0142: akryl Pytania? Skontaktuj si\u0119 z nami na stronie kontaktowej lub napisz do nas na naszym koncie na Facebooku, a my odpowiemy na Twoj\u0105 pro\u015bb\u0119 w tym samym [\u2026]<\/p>","protected":false},"featured_media":33987,"comment_status":"open","ping_status":"closed","template":"","meta":[],"_links":{"self":[{"href":"https:\/\/hookahshop.lt\/pl\/wp-json\/wp\/v2\/product\/33985"}],"collection":[{"href":"https:\/\/hookahshop.lt\/pl\/wp-json\/wp\/v2\/product"}],"about":[{"href":"https:\/\/hookahshop.lt\/pl\/wp-json\/wp\/v2\/types\/product"}],"replies":[{"embeddable":true,"href":"https:\/\/hookahshop.lt\/pl\/wp-json\/wp\/v2\/comments?post=33985"}],"version-history":[{"count":3,"href":"https:\/\/hookahshop.lt\/pl\/wp-json\/wp\/v2\/product\/33985\/revisions"}],"predecessor-version":[{"id":40897,"href":"https:\/\/hookahshop.lt\/pl\/wp-json\/wp\/v2\/product\/33985\/revisions\/40897"}],"wp:featuredmedia":[{"embeddable":true,"href":"https:\/\/hookahshop.lt\/pl\/wp-json\/wp\/v2\/media\/33987"}],"wp:attachment":[{"href":"https:\/\/hookahshop.lt\/pl\/wp-json\/wp\/v2\/media?parent=33985"}],"curies":[{"name":"wp","href":"https:\/\/api.w.org\/{rel}","templated":true}]}}