{"id":33990,"date":"2022-10-28T18:01:34","date_gmt":"2022-10-28T15:01:34","guid":{"rendered":"https:\/\/hookahshop.lt\/?post_type=product&#038;p=33990"},"modified":"2026-04-14T23:29:33","modified_gmt":"2026-04-14T20:29:33","slug":"akriline-vandens-pypke-print-black-32cm","status":"publish","type":"product","link":"https:\/\/hookahshop.lt\/pl\/produkt\/akryl-fajka-wodna-druk-czarny-32cm\/","title":{"rendered":"Akrylowa fajka wodna Drukuj Czarny 32cm"},"content":{"rendered":"<h2>Akrylowa fajka wodna Drukuj Czarny 32cm<\/h2>\n<p>Ciekawa grafika w ca\u0142ym druku! Akrylowe bongo jest nadrukowane grafik\u0105 w stylu graffiti, dzi\u0119ki swojej niewielkiej wadze jest niezawodnym towarzyszem na ka\u017cdej imprezie i ka\u017cdym festiwalu!<\/p>\n<p><strong>Specyfikacje:<\/strong><\/p>\n<p>\u015arednica: 92\/50 mm<br \/>\nD\u0142ugo\u015b\u0107: 320mm<br \/>\nMateria\u0142: akryl<\/p>\n<p>Czy masz jakie\u015b pytania? Skontaktuj si\u0119 z nami\u00a0<a href=\"https:\/\/hookahshop.lt\/pl\/lacznosc\/\">strona z kontaktami<\/a>\u00a0lub napisz do nas na adres\u00a0<a href=\"https:\/\/facebook.com\/HookahShop.lt\/\" target=\"_blank\" rel=\"noopener noreferrer\">konto na Facebooku<\/a>\u00a0a my odpowiemy na Twoj\u0105 pro\u015bb\u0119 tego samego dnia.<\/p>","protected":false},"excerpt":{"rendered":"<p>Fajka wodna akrylowa Print Czarna 32cm Ciekawa grafika na ca\u0142ym nadruku! Bongo akrylowe ozdobione jest grafik\u0105 w stylu graffiti, dzi\u0119ki swojej niewielkiej wadze jest niezawodnym towarzyszem ka\u017cdej imprezy i ka\u017cdego festiwalu! Dane techniczne: \u015arednica: 92\/50 mm D\u0142ugo\u015b\u0107: 320 mm Materia\u0142: akryl Pytania? Skontaktuj si\u0119 z nami na stronie kontaktowej lub napisz do nas na naszym koncie na Facebooku, a my odpowiemy na Twoj\u0105 pro\u015bb\u0119 w tym samym [...]<\/p>","protected":false},"featured_media":33991,"comment_status":"open","ping_status":"closed","template":"","meta":[],"_links":{"self":[{"href":"https:\/\/hookahshop.lt\/pl\/wp-json\/wp\/v2\/product\/33990"}],"collection":[{"href":"https:\/\/hookahshop.lt\/pl\/wp-json\/wp\/v2\/product"}],"about":[{"href":"https:\/\/hookahshop.lt\/pl\/wp-json\/wp\/v2\/types\/product"}],"replies":[{"embeddable":true,"href":"https:\/\/hookahshop.lt\/pl\/wp-json\/wp\/v2\/comments?post=33990"}],"version-history":[{"count":3,"href":"https:\/\/hookahshop.lt\/pl\/wp-json\/wp\/v2\/product\/33990\/revisions"}],"predecessor-version":[{"id":34074,"href":"https:\/\/hookahshop.lt\/pl\/wp-json\/wp\/v2\/product\/33990\/revisions\/34074"}],"wp:featuredmedia":[{"embeddable":true,"href":"https:\/\/hookahshop.lt\/pl\/wp-json\/wp\/v2\/media\/33991"}],"wp:attachment":[{"href":"https:\/\/hookahshop.lt\/pl\/wp-json\/wp\/v2\/media?parent=33990"}],"curies":[{"name":"wp","href":"https:\/\/api.w.org\/{rel}","templated":true}]}}