{"id":33994,"date":"2022-10-28T18:08:55","date_gmt":"2022-10-28T15:08:55","guid":{"rendered":"https:\/\/hookahshop.lt\/?post_type=product&#038;p=33994"},"modified":"2026-04-13T23:29:34","modified_gmt":"2026-04-13T20:29:34","slug":"akriline-vandens-pypke-mini-ivairiu-spalvu","status":"publish","type":"product","link":"https:\/\/hookahshop.lt\/pl\/produkt\/fajka-wodoodporna-akrylowa-mini-rozne-kolory\/","title":{"rendered":"Akrylowa fajka wodna Mini r\u00f3\u017cne kolory 17cm"},"content":{"rendered":"<h2>Akrylowa fajka wodna Mini r\u00f3\u017cne kolory 17cm<\/h2>\n<p>Ma\u0142e, wygodne bongo akrylowe z metalow\u0105 rurk\u0105 i kubkiem. Wygodny w podr\u00f3\u017cy lub w domu. To bongo ma ma\u0142y otw\u00f3r na kopni\u0119cie oraz elastyczn\u0105 i zdejmowan\u0105 podstaw\u0119 zapewniaj\u0105c\u0105 stabilno\u015b\u0107.<\/p>\n<p><strong>Specyfikacje:<\/strong><br \/>\nD\u0142ugo\u015b\u0107: 17 cm<br \/>\nKolor: R\u00f3\u017cne kolory (kolor mo\u017cna okre\u015bli\u0107 w uwagach: <strong>czarny, niebieski, zielony, r\u00f3\u017cowy, przezroczysty<\/strong>)<br \/>\nMateria\u0142: akryl<\/p>\n<p>Czy masz jakie\u015b pytania? Skontaktuj si\u0119 z nami\u00a0<a href=\"https:\/\/hookahshop.lt\/pl\/lacznosc\/\">strona z kontaktami<\/a>\u00a0lub napisz do nas na adres\u00a0<a href=\"https:\/\/facebook.com\/HookahShop.lt\/\" target=\"_blank\" rel=\"noopener noreferrer\">konto na Facebooku<\/a>\u00a0a my odpowiemy na Twoj\u0105 pro\u015bb\u0119 tego samego dnia.<\/p>","protected":false},"excerpt":{"rendered":"<p>Fajka wodna akrylowa Mini w r\u00f3\u017cnych kolorach 17 cm Ma\u0142e, wygodne bongo akrylowe z metalow\u0105 rurk\u0105 i kubkiem. Wygodne w podr\u00f3\u017cy lub w domu. To bongo ma ma\u0142y otw\u00f3r \u201eKick-Hole\u201d oraz elastyczn\u0105 i zdejmowan\u0105 podstaw\u0119, kt\u00f3ra zapewnia stabilno\u015b\u0107. Specyfikacje: D\u0142ugo\u015b\u0107: 17 cm Kolor: R\u00f3\u017cne kolory (mo\u017cesz zaznaczy\u0107 kolor w notatkach: czarny, niebieski, zielony, r\u00f3\u017cowy, przezroczysty) Materia\u0142: Akryl Masz pytania? Skontaktuj si\u0119 [\u2026]<\/p>","protected":false},"featured_media":33995,"comment_status":"open","ping_status":"closed","template":"","meta":[],"_links":{"self":[{"href":"https:\/\/hookahshop.lt\/pl\/wp-json\/wp\/v2\/product\/33994"}],"collection":[{"href":"https:\/\/hookahshop.lt\/pl\/wp-json\/wp\/v2\/product"}],"about":[{"href":"https:\/\/hookahshop.lt\/pl\/wp-json\/wp\/v2\/types\/product"}],"replies":[{"embeddable":true,"href":"https:\/\/hookahshop.lt\/pl\/wp-json\/wp\/v2\/comments?post=33994"}],"version-history":[{"count":4,"href":"https:\/\/hookahshop.lt\/pl\/wp-json\/wp\/v2\/product\/33994\/revisions"}],"predecessor-version":[{"id":41466,"href":"https:\/\/hookahshop.lt\/pl\/wp-json\/wp\/v2\/product\/33994\/revisions\/41466"}],"wp:featuredmedia":[{"embeddable":true,"href":"https:\/\/hookahshop.lt\/pl\/wp-json\/wp\/v2\/media\/33995"}],"wp:attachment":[{"href":"https:\/\/hookahshop.lt\/pl\/wp-json\/wp\/v2\/media?parent=33994"}],"curies":[{"name":"wp","href":"https:\/\/api.w.org\/{rel}","templated":true}]}}