{"id":33999,"date":"2022-10-28T18:16:36","date_gmt":"2022-10-28T15:16:36","guid":{"rendered":"https:\/\/hookahshop.lt\/?post_type=product&#038;p=33999"},"modified":"2026-04-17T16:33:37","modified_gmt":"2026-04-17T13:33:37","slug":"stikline-vandens-pypke-40cm","status":"publish","type":"product","link":"https:\/\/hookahshop.lt\/pl\/produkt\/szklana-fajka-wodna-40cm\/","title":{"rendered":"Szklana fajka wodna 40cm"},"content":{"rendered":"<h2>Szklana fajka wodna 40cm<\/h2>\n<p>S\u0142ynna szklana fajka wodna BREIT bez logo, jak zwykle, \u015bwietny stosunek jako\u015bci do ceny. Z chillum i otworem na fajk\u0119. Doskona\u0142a jako\u015b\u0107: ci\u0119\u017cka, ze stabiln\u0105 podstaw\u0105.<\/p>\n<p><strong>Specyfikacje:<\/strong><\/p>\n<p>\u015arednica: 55mm<br \/>\nD\u0142ugo\u015b\u0107: 40 cm<br \/>\nKolor: przezroczysty<br \/>\nTyp rury: 18,8 mm<br \/>\nMateria\u0142: szk\u0142o borokrzemianowe;<\/p>\n<p>Czy masz jakie\u015b pytania? Skontaktuj si\u0119 z nami\u00a0<a href=\"https:\/\/hookahshop.lt\/pl\/lacznosc\/\">strona z kontaktami<\/a>\u00a0lub napisz do nas na adres\u00a0<a href=\"https:\/\/facebook.com\/HookahShop.lt\/\" target=\"_blank\" rel=\"noopener noreferrer\">konto na Facebooku<\/a>\u00a0a my odpowiemy na Twoj\u0105 pro\u015bb\u0119 tego samego dnia.<\/p>","protected":false},"excerpt":{"rendered":"<p>Stiklin\u0117 vandens pypk\u0117 40cm Garsusis BREIT stiklinis bongas be logotipo, kaip \u012fprasta, puikus kainos ir kokyb\u0117s santykis. Su chillum, kickhole. Puiki kokyb\u0117: sunkus, su stabiliu pagrindu. Specifikacijos: Skersmuo: 55 mm Ilgis: 40 cm Spalva: Skaidrus Vamzdelio tipas: 18,8 mm Med\u017eiaga: Borosilikatinis stiklas Turite klausim\u0173? Susisiekite su mumis\u00a0kontakt\u0173 puslapyje\u00a0arba para\u0161ykite mums \u012f\u00a0Facebook paskyr\u0105\u00a0ir atsakysime \u012f j\u016bs\u0173 [&hellip;]<\/p>","protected":false},"featured_media":44682,"comment_status":"open","ping_status":"closed","template":"","meta":[],"_links":{"self":[{"href":"https:\/\/hookahshop.lt\/pl\/wp-json\/wp\/v2\/product\/33999"}],"collection":[{"href":"https:\/\/hookahshop.lt\/pl\/wp-json\/wp\/v2\/product"}],"about":[{"href":"https:\/\/hookahshop.lt\/pl\/wp-json\/wp\/v2\/types\/product"}],"replies":[{"embeddable":true,"href":"https:\/\/hookahshop.lt\/pl\/wp-json\/wp\/v2\/comments?post=33999"}],"version-history":[{"count":5,"href":"https:\/\/hookahshop.lt\/pl\/wp-json\/wp\/v2\/product\/33999\/revisions"}],"predecessor-version":[{"id":44942,"href":"https:\/\/hookahshop.lt\/pl\/wp-json\/wp\/v2\/product\/33999\/revisions\/44942"}],"wp:featuredmedia":[{"embeddable":true,"href":"https:\/\/hookahshop.lt\/pl\/wp-json\/wp\/v2\/media\/44682"}],"wp:attachment":[{"href":"https:\/\/hookahshop.lt\/pl\/wp-json\/wp\/v2\/media?parent=33999"}],"curies":[{"name":"wp","href":"https:\/\/api.w.org\/{rel}","templated":true}]}}