{"id":34003,"date":"2022-10-28T18:42:18","date_gmt":"2022-10-28T15:42:18","guid":{"rendered":"https:\/\/hookahshop.lt\/?post_type=product&#038;p=34003"},"modified":"2026-04-06T23:29:28","modified_gmt":"2026-04-06T20:29:28","slug":"stikline-vandens-pypke-icebong-black-21cm","status":"publish","type":"product","link":"https:\/\/hookahshop.lt\/pl\/produkt\/szklana-fajka-wodna-czarna-21cm\/","title":{"rendered":"Szklana fajka wodna Icebong Czarna 21cm"},"content":{"rendered":"<h2>Szklana fajka wodna Icebong Czarna 21cm<\/h2>\n<p>Na imprez\u0119 lub ciep\u0142e dni na dworze: Icebong mini jest ma\u0142y, wygodny i mo\u017cna go nosi\u0107 w ka\u017cdej torebce! Dzi\u0119ki otworowi do kopania i trzem naci\u0119ciom na l\u00f3d, ta be\u0142kotka jest r\u00f3wnie\u017c bardzo funkcjonalna. \u015awietne bongo do podr\u00f3\u017cy.<\/p>\n<p><strong>Specyfikacje:<\/strong><\/p>\n<p>\u015arednica: 68\/28mm<br \/>\nD\u0142ugo\u015b\u0107: 210 mm<br \/>\nKolor: przezroczysty \/ czarny itp.<br \/>\nTyp tuby: 14,5 mm<br \/>\nMateria\u0142: szk\u0142o borokrzemianowe;<\/p>\n<p>Czy masz jakie\u015b pytania? Skontaktuj si\u0119 z nami\u00a0<a href=\"https:\/\/hookahshop.lt\/pl\/lacznosc\/\">strona z kontaktami<\/a>\u00a0lub napisz do nas na adres\u00a0<a href=\"https:\/\/facebook.com\/HookahShop.lt\/\" target=\"_blank\" rel=\"noopener noreferrer\">konto na Facebooku<\/a>\u00a0a my odpowiemy na Twoj\u0105 pro\u015bb\u0119 tego samego dnia.<\/p>","protected":false},"excerpt":{"rendered":"<p>Szklana fajka wodna Icebong Black 21 cm Na imprez\u0119 lub ciep\u0142e dni na \u015bwie\u017cym powietrzu: Icebong mini jest ma\u0142y, por\u0119czny i zmie\u015bci si\u0119 w ka\u017cdej torbie! Z otworem na l\u00f3d i trzema otworami na l\u00f3d, ten bubbler jest r\u00f3wnie\u017c bardzo funkcjonalny. Idealne bongo w podr\u00f3\u017cy. Dane techniczne: \u015arednica: 68\/28 mm D\u0142ugo\u015b\u0107: 210 mm Kolor: przezroczysty\/czarny itp. Typ rurki: 14,5 mm [\u2026]<\/p>","protected":false},"featured_media":34004,"comment_status":"open","ping_status":"closed","template":"","meta":[],"_links":{"self":[{"href":"https:\/\/hookahshop.lt\/pl\/wp-json\/wp\/v2\/product\/34003"}],"collection":[{"href":"https:\/\/hookahshop.lt\/pl\/wp-json\/wp\/v2\/product"}],"about":[{"href":"https:\/\/hookahshop.lt\/pl\/wp-json\/wp\/v2\/types\/product"}],"replies":[{"embeddable":true,"href":"https:\/\/hookahshop.lt\/pl\/wp-json\/wp\/v2\/comments?post=34003"}],"version-history":[{"count":4,"href":"https:\/\/hookahshop.lt\/pl\/wp-json\/wp\/v2\/product\/34003\/revisions"}],"predecessor-version":[{"id":45372,"href":"https:\/\/hookahshop.lt\/pl\/wp-json\/wp\/v2\/product\/34003\/revisions\/45372"}],"wp:featuredmedia":[{"embeddable":true,"href":"https:\/\/hookahshop.lt\/pl\/wp-json\/wp\/v2\/media\/34004"}],"wp:attachment":[{"href":"https:\/\/hookahshop.lt\/pl\/wp-json\/wp\/v2\/media?parent=34003"}],"curies":[{"name":"wp","href":"https:\/\/api.w.org\/{rel}","templated":true}]}}