{"id":34008,"date":"2022-10-28T18:59:21","date_gmt":"2022-10-28T15:59:21","guid":{"rendered":"https:\/\/hookahshop.lt\/?post_type=product&#038;p=34008"},"modified":"2026-04-17T16:33:37","modified_gmt":"2026-04-17T13:33:37","slug":"stikline-vandens-pypke-black-leaf-black","status":"publish","type":"product","link":"https:\/\/hookahshop.lt\/pl\/produkt\/szklana-fajka-woda-czarna-lisc-czarna\/","title":{"rendered":"Szklana fajka wodna BLACK LEAF Black 23cm"},"content":{"rendered":"<h2>Szklana fajka wodna BLACK LEAF Black 23cm<\/h2>\n<p>Wygodna szklana fajka marki Black Leaf z filtrem prysznicowym. Wdychanie powietrza i wody z bonga mocno wprawia w ruch perkolator. To jednocze\u015bnie ch\u0142odzi i filtruje dym. Funkcja perkolatora, ch\u0142odzenie dymu.<\/p>\n<p><strong>Specyfikacje:<\/strong><br \/>\n\u015arednica: 84\/22 mm<br \/>\nD\u0142ugo\u015b\u0107: 230 mm<br \/>\nCzarny kolor<br \/>\nTyp rury: 14,4 mm<br \/>\nMateria\u0142: szk\u0142o borokrzemianowe;<\/p>\n<p>Czy masz jakie\u015b pytania? Skontaktuj si\u0119 z nami\u00a0<a href=\"https:\/\/hookahshop.lt\/pl\/lacznosc\/\">strona z kontaktami<\/a>\u00a0lub napisz do nas na adres\u00a0<a href=\"https:\/\/facebook.com\/HookahShop.lt\/\" target=\"_blank\" rel=\"noopener noreferrer\">konto na Facebooku<\/a>\u00a0a my odpowiemy na Twoj\u0105 pro\u015bb\u0119 tego samego dnia.<\/p>","protected":false},"excerpt":{"rendered":"<p>Fajka wodna szklana BLACK LEAF Czarna 23cm Wygodna szklana fajka marki Black Leaf z perkolatorem na s\u0142uchawk\u0119 prysznicow\u0105. Wdychaj\u0105c powietrze i wod\u0119 z bonga, perkolator energicznie kr\u0119ci. To ch\u0142odzi dym i jednocze\u015bnie go filtruje. Funkcja perkolatora, ch\u0142odzenie dymu. Dane techniczne: \u015arednica: 84\/22 mm D\u0142ugo\u015b\u0107: 230 mm Kolor: Czarny Typ tuby: 14,4 mm Materia\u0142: Szk\u0142o borokrzemowe Pytania? [\u2026]<\/p>","protected":false},"featured_media":34009,"comment_status":"open","ping_status":"closed","template":"","meta":[],"_links":{"self":[{"href":"https:\/\/hookahshop.lt\/pl\/wp-json\/wp\/v2\/product\/34008"}],"collection":[{"href":"https:\/\/hookahshop.lt\/pl\/wp-json\/wp\/v2\/product"}],"about":[{"href":"https:\/\/hookahshop.lt\/pl\/wp-json\/wp\/v2\/types\/product"}],"replies":[{"embeddable":true,"href":"https:\/\/hookahshop.lt\/pl\/wp-json\/wp\/v2\/comments?post=34008"}],"version-history":[{"count":3,"href":"https:\/\/hookahshop.lt\/pl\/wp-json\/wp\/v2\/product\/34008\/revisions"}],"predecessor-version":[{"id":42212,"href":"https:\/\/hookahshop.lt\/pl\/wp-json\/wp\/v2\/product\/34008\/revisions\/42212"}],"wp:featuredmedia":[{"embeddable":true,"href":"https:\/\/hookahshop.lt\/pl\/wp-json\/wp\/v2\/media\/34009"}],"wp:attachment":[{"href":"https:\/\/hookahshop.lt\/pl\/wp-json\/wp\/v2\/media?parent=34008"}],"curies":[{"name":"wp","href":"https:\/\/api.w.org\/{rel}","templated":true}]}}