{"id":34012,"date":"2022-10-28T19:04:23","date_gmt":"2022-10-28T16:04:23","guid":{"rendered":"https:\/\/hookahshop.lt\/?post_type=product&#038;p=34012"},"modified":"2026-04-14T23:29:33","modified_gmt":"2026-04-14T20:29:33","slug":"stikline-vandens-pypke-black-leaf-hemp","status":"publish","type":"product","link":"https:\/\/hookahshop.lt\/pl\/produkt\/szklana-fajka-woda-czarno-lisciaste-konopie\/","title":{"rendered":"Szklana fajka wodna BLACK LEAF Hemp 18cm"},"content":{"rendered":"<h2>Szklana fajka wodna BLACK LEAF Hemp 18cm<\/h2>\n<p>Wykonany ze szk\u0142a borokrzemianowego, jest ma\u0142y i ma du\u017c\u0105 pojemno\u015b\u0107.<\/p>\n<p><strong>Specyfikacje:<\/strong><br \/>\n\u015arednica: 25\/65mm<br \/>\nD\u0142ugo\u015b\u0107: 180 mm<br \/>\nKolor: przezroczysty<br \/>\nTyp tuby: 14,5 mm<br \/>\nMateria\u0142: szk\u0142o borokrzemianowe;<\/p>\n<p>Czy masz jakie\u015b pytania? Skontaktuj si\u0119 z nami\u00a0<a href=\"https:\/\/hookahshop.lt\/pl\/lacznosc\/\">strona z kontaktami<\/a>\u00a0lub napisz do nas na adres\u00a0<a href=\"https:\/\/facebook.com\/HookahShop.lt\/\" target=\"_blank\" rel=\"noopener noreferrer\">konto na Facebooku<\/a>\u00a0a my odpowiemy na Twoj\u0105 pro\u015bb\u0119 tego samego dnia.<\/p>","protected":false},"excerpt":{"rendered":"<p>Fajka wodna szklana CZARNY LI\u015a\u0106 Konopie 18cm Wykonana ze szk\u0142a borokrzemowego, jest niewielka i ma du\u017c\u0105 pojemno\u015b\u0107. Dane techniczne: \u015arednica: 25\/65 mm D\u0142ugo\u015b\u0107: 180 mm Kolor: przezroczysty Typ tuby: 14,5 mm Materia\u0142: szk\u0142o borokrzemowe Pytania? Skontaktuj si\u0119 z nami na stronie kontaktowej lub napisz do nas na naszym koncie na Facebooku, a my odpowiemy na Twoj\u0105 pro\u015bb\u0119 jeszcze tego samego dnia.<\/p>","protected":false},"featured_media":34013,"comment_status":"open","ping_status":"closed","template":"","meta":[],"_links":{"self":[{"href":"https:\/\/hookahshop.lt\/pl\/wp-json\/wp\/v2\/product\/34012"}],"collection":[{"href":"https:\/\/hookahshop.lt\/pl\/wp-json\/wp\/v2\/product"}],"about":[{"href":"https:\/\/hookahshop.lt\/pl\/wp-json\/wp\/v2\/types\/product"}],"replies":[{"embeddable":true,"href":"https:\/\/hookahshop.lt\/pl\/wp-json\/wp\/v2\/comments?post=34012"}],"version-history":[{"count":3,"href":"https:\/\/hookahshop.lt\/pl\/wp-json\/wp\/v2\/product\/34012\/revisions"}],"predecessor-version":[{"id":37341,"href":"https:\/\/hookahshop.lt\/pl\/wp-json\/wp\/v2\/product\/34012\/revisions\/37341"}],"wp:featuredmedia":[{"embeddable":true,"href":"https:\/\/hookahshop.lt\/pl\/wp-json\/wp\/v2\/media\/34013"}],"wp:attachment":[{"href":"https:\/\/hookahshop.lt\/pl\/wp-json\/wp\/v2\/media?parent=34012"}],"curies":[{"name":"wp","href":"https:\/\/api.w.org\/{rel}","templated":true}]}}