{"id":34016,"date":"2022-10-28T19:10:24","date_gmt":"2022-10-28T16:10:24","guid":{"rendered":"https:\/\/hookahshop.lt\/?post_type=product&#038;p=34016"},"modified":"2026-04-20T23:29:29","modified_gmt":"2026-04-20T20:29:29","slug":"vandens-pypke-black-leaf-honeycomb-grey","status":"publish","type":"product","link":"https:\/\/hookahshop.lt\/pl\/produkt\/fajka-wodna-czarny-lisc-plaster-miodu-szary\/","title":{"rendered":"Szklana fajka wodna BLACK LEAF HoneyComb Grey 38cm"},"content":{"rendered":"<h2>Szklana fajka wodna BLACK LEAF HoneyComb Grey 38cm<\/h2>\n<p>Szklane bongo firmy BLACK LEAF, w kt\u00f3rym dym jest optymalnie ch\u0142odzony i filtrowany przez wielopoziomowy system. Najpierw dym musi przej\u015b\u0107 przez dyfuzor p\u0142ytowy HoneyComb. Nast\u0119pnie przechodzi przez zw\u0119\u017cenie komory i dalej obraca si\u0119 przez 8 d\u017awigni drewnianego perkolatora. Wreszcie, dym musi przej\u015b\u0107 do komory lodowej, gdzie mo\u017cna go dodatkowo sch\u0142odzi\u0107, wype\u0142niaj\u0105c go kostkami lodu.<\/p>\n<p><strong>Specyfikacje:<\/strong><\/p>\n<p>\u015arednica: 64\/50 mm<br \/>\nD\u0142ugo\u015b\u0107: 385 mm<br \/>\nKolor: Szary<br \/>\nTyp rury: 18,8 mm<br \/>\nMateria\u0142: szk\u0142o borokrzemianowe;<\/p>\n<p>Czy masz jakie\u015b pytania? Skontaktuj si\u0119 z nami\u00a0<a href=\"https:\/\/hookahshop.lt\/pl\/lacznosc\/\">strona z kontaktami<\/a>\u00a0lub napisz do nas na adres\u00a0<a href=\"https:\/\/facebook.com\/HookahShop.lt\/\" target=\"_blank\" rel=\"noopener noreferrer\">konto na Facebooku<\/a>\u00a0a my odpowiemy na Twoj\u0105 pro\u015bb\u0119 tego samego dnia.<\/p>","protected":false},"excerpt":{"rendered":"<p>Szklana fajka wodna BLACK LEAF HoneyComb Grey 38cm Szklane bongo firmy BLACK LEAF, w kt\u00f3rym dym jest optymalnie ch\u0142odzony i filtrowany przez wielopoziomowy system. Najpierw dym musi przej\u015b\u0107 przez dyfuzor dyskowy HoneyComb. Nast\u0119pnie przechodzi przez zw\u0119\u017cenie komory i kontynuuje obr\u00f3t poprzez 8 d\u017awigni drewnianego perkolatora. Wreszcie, dym musi przedosta\u0107 si\u0119 [\u2026]<\/p>","protected":false},"featured_media":34017,"comment_status":"open","ping_status":"closed","template":"","meta":[],"_links":{"self":[{"href":"https:\/\/hookahshop.lt\/pl\/wp-json\/wp\/v2\/product\/34016"}],"collection":[{"href":"https:\/\/hookahshop.lt\/pl\/wp-json\/wp\/v2\/product"}],"about":[{"href":"https:\/\/hookahshop.lt\/pl\/wp-json\/wp\/v2\/types\/product"}],"replies":[{"embeddable":true,"href":"https:\/\/hookahshop.lt\/pl\/wp-json\/wp\/v2\/comments?post=34016"}],"version-history":[{"count":3,"href":"https:\/\/hookahshop.lt\/pl\/wp-json\/wp\/v2\/product\/34016\/revisions"}],"predecessor-version":[{"id":34063,"href":"https:\/\/hookahshop.lt\/pl\/wp-json\/wp\/v2\/product\/34016\/revisions\/34063"}],"wp:featuredmedia":[{"embeddable":true,"href":"https:\/\/hookahshop.lt\/pl\/wp-json\/wp\/v2\/media\/34017"}],"wp:attachment":[{"href":"https:\/\/hookahshop.lt\/pl\/wp-json\/wp\/v2\/media?parent=34016"}],"curies":[{"name":"wp","href":"https:\/\/api.w.org\/{rel}","templated":true}]}}