{"id":34020,"date":"2022-10-28T19:28:57","date_gmt":"2022-10-28T16:28:57","guid":{"rendered":"https:\/\/hookahshop.lt\/?post_type=product&#038;p=34020"},"modified":"2026-04-14T23:29:33","modified_gmt":"2026-04-14T20:29:33","slug":"vandens-pypke-black-leaf-leaf-cylinder","status":"publish","type":"product","link":"https:\/\/hookahshop.lt\/pl\/produkt\/cylinder-fajka-wodna-czarny-lisc-lisc\/","title":{"rendered":"Szklana fajka wodna BLACK LEAF Leaf Cylinder 30cm"},"content":{"rendered":"<h2>Szklana fajka wodna BLACK LEAF Leaf Cylinder 30cm<\/h2>\n<p>Klasyczne, ma\u0142e bongo Black Leaf jest wytrzyma\u0142e i posiada korek z otworem spustowym, dzi\u0119ki czemu czyszczenie tej wygodnej fajki wodnej jest bardzo \u0142atwe. Fajka wodna ma du\u017c\u0105 pojemno\u015b\u0107.<\/p>\n<p><strong>Specyfikacje:<\/strong><\/p>\n<p>\u015arednica: 50mm<br \/>\nD\u0142ugo\u015b\u0107: 300 mm<br \/>\nKolor: przezroczysty<br \/>\nTyp rury: 18,8 mm<br \/>\nMateria\u0142: szk\u0142o borokrzemianowe;<\/p>\n<p>Czy masz jakie\u015b pytania? Skontaktuj si\u0119 z nami\u00a0<a href=\"https:\/\/hookahshop.lt\/pl\/lacznosc\/\">strona z kontaktami<\/a>\u00a0lub napisz do nas na adres\u00a0<a href=\"https:\/\/facebook.com\/HookahShop.lt\/\" target=\"_blank\" rel=\"noopener noreferrer\">konto na Facebooku<\/a>\u00a0a my odpowiemy na Twoj\u0105 pro\u015bb\u0119 tego samego dnia.<\/p>","protected":false},"excerpt":{"rendered":"<p>Stiklin\u0117 vandens pypk\u0117 BLACK LEAF Leaf Cylinder 30cm Klasikinis ma\u017eo dyd\u017eio &#8222;Black Leaf&#8221; bongas yra tvirtas ir turi ki\u0161tuk\u0105 kickhole &#8211; tai labai palengvina \u0161io patogaus vandens pypk\u0117s valym\u0105. Vandens pypk\u0117 turi didel\u0119 talp\u0105. Specifikacijos: Skersmuo: 50 mm Ilgis: 300 mm Spalva: Skaidrus Vamzdelio tipas: 18,8 mm Med\u017eiaga: Borosilikatinis stiklas Turite klausim\u0173? Susisiekite su mumis\u00a0kontakt\u0173 [&hellip;]<\/p>","protected":false},"featured_media":34021,"comment_status":"open","ping_status":"closed","template":"","meta":[],"_links":{"self":[{"href":"https:\/\/hookahshop.lt\/pl\/wp-json\/wp\/v2\/product\/34020"}],"collection":[{"href":"https:\/\/hookahshop.lt\/pl\/wp-json\/wp\/v2\/product"}],"about":[{"href":"https:\/\/hookahshop.lt\/pl\/wp-json\/wp\/v2\/types\/product"}],"replies":[{"embeddable":true,"href":"https:\/\/hookahshop.lt\/pl\/wp-json\/wp\/v2\/comments?post=34020"}],"version-history":[{"count":4,"href":"https:\/\/hookahshop.lt\/pl\/wp-json\/wp\/v2\/product\/34020\/revisions"}],"predecessor-version":[{"id":37064,"href":"https:\/\/hookahshop.lt\/pl\/wp-json\/wp\/v2\/product\/34020\/revisions\/37064"}],"wp:featuredmedia":[{"embeddable":true,"href":"https:\/\/hookahshop.lt\/pl\/wp-json\/wp\/v2\/media\/34021"}],"wp:attachment":[{"href":"https:\/\/hookahshop.lt\/pl\/wp-json\/wp\/v2\/media?parent=34020"}],"curies":[{"name":"wp","href":"https:\/\/api.w.org\/{rel}","templated":true}]}}