{"id":34029,"date":"2022-10-28T19:45:20","date_gmt":"2022-10-28T16:45:20","guid":{"rendered":"https:\/\/hookahshop.lt\/?post_type=product&#038;p=34029"},"modified":"2026-04-17T23:29:50","modified_gmt":"2026-04-17T20:29:50","slug":"stikline-vandens-pypke-clear-31cm","status":"publish","type":"product","link":"https:\/\/hookahshop.lt\/pl\/produkt\/szklana-fajka-wodna-przezroczysta-31cm\/","title":{"rendered":"Szklana fajka wodna przezroczysta 31cm"},"content":{"rendered":"<h2>Szklana fajka wodna przezroczysta 31cm<\/h2>\n<p>Popularne bongo BREIT, tym razem bez logo, regularne, doskona\u0142ej jako\u015bci z lodowymi kolcami, ch\u0142odem, dziurk\u0105 od kopni\u0119cia i ci\u0119\u017ck\u0105 stabiln\u0105 podstaw\u0105.<\/p>\n<p><strong>Specyfikacje:<\/strong><br \/>\n\u015arednica: 45mm<br \/>\nD\u0142ugo\u015b\u0107: 310 mm<br \/>\nKolor: przezroczysty<br \/>\nTyp rury: 18,8 mm<br \/>\nMateria\u0142: szk\u0142o<\/p>\n<p>Czy masz jakie\u015b pytania? Skontaktuj si\u0119 z nami\u00a0<a href=\"https:\/\/hookahshop.lt\/pl\/lacznosc\/\">strona z kontaktami<\/a>\u00a0lub napisz do nas na adres\u00a0<a href=\"https:\/\/facebook.com\/HookahShop.lt\/\" target=\"_blank\" rel=\"noopener noreferrer\">konto na Facebooku<\/a>\u00a0a my odpowiemy na Twoj\u0105 pro\u015bb\u0119 tego samego dnia.<\/p>","protected":false},"excerpt":{"rendered":"<p>Fajka wodna szklana Clear 31cm Popularne bongo BREIT, tym razem bez logo, regularne, doskona\u0142ej jako\u015bci z lodowymi kolcami, ch\u0142odem, kickhole i ci\u0119\u017ck\u0105, stabiln\u0105 podstaw\u0105. Dane techniczne: \u015arednica: 45 mm D\u0142ugo\u015b\u0107: 310 mm Kolor: przezroczysty Typ tuby: 18,8 mm Materia\u0142: szk\u0142o Pytania? Skontaktuj si\u0119 z nami na stronie kontaktowej lub napisz do nas na naszym koncie na Facebooku, a my odpowiemy na Twoje zapytanie w ci\u0105gu [...]<\/p>","protected":false},"featured_media":34030,"comment_status":"open","ping_status":"closed","template":"","meta":[],"_links":{"self":[{"href":"https:\/\/hookahshop.lt\/pl\/wp-json\/wp\/v2\/product\/34029"}],"collection":[{"href":"https:\/\/hookahshop.lt\/pl\/wp-json\/wp\/v2\/product"}],"about":[{"href":"https:\/\/hookahshop.lt\/pl\/wp-json\/wp\/v2\/types\/product"}],"replies":[{"embeddable":true,"href":"https:\/\/hookahshop.lt\/pl\/wp-json\/wp\/v2\/comments?post=34029"}],"version-history":[{"count":3,"href":"https:\/\/hookahshop.lt\/pl\/wp-json\/wp\/v2\/product\/34029\/revisions"}],"predecessor-version":[{"id":37557,"href":"https:\/\/hookahshop.lt\/pl\/wp-json\/wp\/v2\/product\/34029\/revisions\/37557"}],"wp:featuredmedia":[{"embeddable":true,"href":"https:\/\/hookahshop.lt\/pl\/wp-json\/wp\/v2\/media\/34030"}],"wp:attachment":[{"href":"https:\/\/hookahshop.lt\/pl\/wp-json\/wp\/v2\/media?parent=34029"}],"curies":[{"name":"wp","href":"https:\/\/api.w.org\/{rel}","templated":true}]}}