{"id":34040,"date":"2022-10-28T19:51:01","date_gmt":"2022-10-28T16:51:01","guid":{"rendered":"https:\/\/hookahshop.lt\/?post_type=product&#038;p=34040"},"modified":"2026-04-17T23:29:50","modified_gmt":"2026-04-17T20:29:50","slug":"stikline-vandens-pypke-matt-black-21cm","status":"publish","type":"product","link":"https:\/\/hookahshop.lt\/pl\/produkt\/szklana-fajka-wodna-matowa-czarna-21cm\/","title":{"rendered":"Szklana fajka wodna matowa czarna 21cm"},"content":{"rendered":"<h2>Szklana fajka wodna matowa czarna 21cm<\/h2>\n<p>Ma\u0142e bongo z kolorowego szk\u0142a z przezroczystymi naci\u0119ciami krzy\u017cowymi.<\/p>\n<p><strong>Specyfikacje:<\/strong><\/p>\n<p>\u015arednica: 70\/22 mm<br \/>\nD\u0142ugo\u015b\u0107: 210 mm<br \/>\nKolor: przezroczysty\/czarny mat;<br \/>\nTyp tuby: 14,5 mm<br \/>\nMateria\u0142: szk\u0142o borokrzemianowe;<\/p>\n<p>Czy masz jakie\u015b pytania? Skontaktuj si\u0119 z nami\u00a0<a href=\"https:\/\/hookahshop.lt\/pl\/lacznosc\/\">strona z kontaktami<\/a>\u00a0lub napisz do nas na adres\u00a0<a href=\"https:\/\/facebook.com\/HookahShop.lt\/\" target=\"_blank\" rel=\"noopener noreferrer\">konto na Facebooku<\/a>\u00a0a my odpowiemy na Twoj\u0105 pro\u015bb\u0119 tego samego dnia.<\/p>","protected":false},"excerpt":{"rendered":"<p>Fajka wodna szklana Czarna Matowa 21cm Ma\u0142e kolorowe bongo szklane z przezroczystymi naci\u0119ciami krzy\u017cowymi. Dane techniczne: \u015arednica: 70\/22 mm D\u0142ugo\u015b\u0107: 210 mm Kolor: przezroczysty\/matowy czarny Typ tuby: 14,5 mm Materia\u0142: szk\u0142o borokrzemowe Pytania? Skontaktuj si\u0119 z nami na stronie kontaktowej lub napisz do nas na naszym koncie na Facebooku, a my odpowiemy na Twoj\u0105 pro\u015bb\u0119 jeszcze tego samego dnia.<\/p>","protected":false},"featured_media":34032,"comment_status":"open","ping_status":"closed","template":"","meta":[],"_links":{"self":[{"href":"https:\/\/hookahshop.lt\/pl\/wp-json\/wp\/v2\/product\/34040"}],"collection":[{"href":"https:\/\/hookahshop.lt\/pl\/wp-json\/wp\/v2\/product"}],"about":[{"href":"https:\/\/hookahshop.lt\/pl\/wp-json\/wp\/v2\/types\/product"}],"replies":[{"embeddable":true,"href":"https:\/\/hookahshop.lt\/pl\/wp-json\/wp\/v2\/comments?post=34040"}],"version-history":[{"count":4,"href":"https:\/\/hookahshop.lt\/pl\/wp-json\/wp\/v2\/product\/34040\/revisions"}],"predecessor-version":[{"id":45366,"href":"https:\/\/hookahshop.lt\/pl\/wp-json\/wp\/v2\/product\/34040\/revisions\/45366"}],"wp:featuredmedia":[{"embeddable":true,"href":"https:\/\/hookahshop.lt\/pl\/wp-json\/wp\/v2\/media\/34032"}],"wp:attachment":[{"href":"https:\/\/hookahshop.lt\/pl\/wp-json\/wp\/v2\/media?parent=34040"}],"curies":[{"name":"wp","href":"https:\/\/api.w.org\/{rel}","templated":true}]}}